{"id":81847,"date":"2023-05-17T13:09:35","date_gmt":"2023-05-17T13:09:35","guid":{"rendered":"http:\/\/visitgarda.vanzotech.com\/veranstaltungen\/"},"modified":"2025-02-28T20:13:54","modified_gmt":"2025-02-28T20:13:54","slug":"veranstaltungen","status":"publish","type":"page","link":"https:\/\/visitgardaitaly.com\/de\/veranstaltungen\/","title":{"rendered":"Veranstaltungen"},"content":{"rendered":"\t\t<div data-elementor-type=\"wp-page\" data-elementor-id=\"81847\" class=\"elementor elementor-81847 elementor-75579\">\n\t\t\t\t\t\t<section class=\"elementor-section elementor-top-section elementor-element elementor-element-faf2296 elementor-section-boxed elementor-section-height-default elementor-section-height-default\" data-id=\"faf2296\" data-element_type=\"section\" data-e-type=\"section\" id=\"about\" data-settings=\"{&quot;background_background&quot;:&quot;classic&quot;,&quot;animation&quot;:&quot;none&quot;}\">\n\t\t\t\t\t\t<div class=\"elementor-container elementor-column-gap-default\">\n\t\t\t\t\t<div class=\" elementor-column elementor-col-100 elementor-top-column elementor-element elementor-element-c38c3af\" data-fullscreen-column-settings=\"{&quot;fullscreen&quot;:&quot;&quot;}\" data-id=\"c38c3af\" data-element_type=\"column\" data-e-type=\"column\">\n\t\t\t<div class=\"elementor-widget-wrap elementor-element-populated\">\n\t\t\t\t\t\t<div class=\"elementor-section elementor-inner-section elementor-element elementor-element-64bb3ab elementor-section-boxed elementor-section-height-default elementor-section-height-default\" data-id=\"64bb3ab\" data-element_type=\"section\" data-e-type=\"section\">\n\t\t\t\t\t\t<div class=\"elementor-container elementor-column-gap-default\">\n\t\t\t\t\t<div class=\" elementor-column elementor-col-33 elementor-inner-column elementor-element elementor-element-14d1116 elementor-hidden-phone\" data-fullscreen-column-settings=\"{&quot;fullscreen&quot;:&quot;&quot;}\" data-id=\"14d1116\" data-element_type=\"column\" data-e-type=\"column\">\n\t\t\t<div class=\"elementor-widget-wrap\">\n\t\t\t\t\t\t\t<\/div>\n\t\t<\/div>\n\t\t\t\t<div class=\" elementor-column elementor-col-33 elementor-inner-column elementor-element elementor-element-9c11bdd elementor-invisible\" data-fullscreen-column-settings=\"{&quot;fullscreen&quot;:&quot;&quot;}\" data-id=\"9c11bdd\" data-element_type=\"column\" data-e-type=\"column\" data-settings=\"{&quot;animation&quot;:&quot;fadeIn&quot;}\">\n\t\t\t<div class=\"elementor-widget-wrap elementor-element-populated\">\n\t\t\t\t\t\t<div class=\"elementor-element elementor-element-688c8dc elementor-widget elementor-widget-litho-heading\" data-id=\"688c8dc\" data-element_type=\"widget\" data-e-type=\"widget\" data-widget_type=\"litho-heading.default\">\n\t\t\t\t<div class=\"elementor-widget-container\">\n\t\t\t\t\t<h4 class=\"litho-heading elementor-size-default\"><span class=\"litho-primary-title\">Eventi Kalender<\/span><\/h4>\t\t\t\t<\/div>\n\t\t\t\t<\/div>\n\t\t\t\t<div class=\"elementor-element elementor-element-15fdc3c elementor-widget elementor-widget-text-editor\" data-id=\"15fdc3c\" data-element_type=\"widget\" data-e-type=\"widget\" data-widget_type=\"text-editor.default\">\n\t\t\t\t<div class=\"elementor-widget-container\">\n\t\t\t\t\t\t\t\t\t<div class=\"page\" title=\"Page 18\"><div class=\"section\"><div class=\"layoutArea\"><div class=\"column\"><p>Entdecken Sie alle Veranstaltungen in Garda: Musik, Folklore, Kultur, Fotografie, M\u00e4rkte und das gro\u00dfe Feuerwerk am See.<\/p><\/div><\/div><\/div><\/div>\t\t\t\t\t\t\t\t<\/div>\n\t\t\t\t<\/div>\n\t\t\t\t\t<\/div>\n\t\t<\/div>\n\t\t\t\t<div class=\" elementor-column elementor-col-33 elementor-inner-column elementor-element elementor-element-b6310b9 elementor-hidden-phone\" data-fullscreen-column-settings=\"{&quot;fullscreen&quot;:&quot;&quot;}\" data-id=\"b6310b9\" data-element_type=\"column\" data-e-type=\"column\">\n\t\t\t<div class=\"elementor-widget-wrap\">\n\t\t\t\t\t\t\t<\/div>\n\t\t<\/div>\n\t\t\t\t\t<\/div>\n\t\t<\/div>\n\t\t\t\t<div class=\"elementor-section elementor-inner-section elementor-element elementor-element-76d26da elementor-section-boxed elementor-section-height-default elementor-section-height-default\" data-id=\"76d26da\" data-element_type=\"section\" data-e-type=\"section\">\n\t\t\t\t\t\t<div class=\"elementor-container elementor-column-gap-default\">\n\t\t\t\t\t<div class=\" elementor-column elementor-col-100 elementor-inner-column elementor-element elementor-element-ad0150d elementor-invisible\" data-fullscreen-column-settings=\"{&quot;fullscreen&quot;:&quot;&quot;}\" data-id=\"ad0150d\" data-element_type=\"column\" data-e-type=\"column\" data-settings=\"{&quot;animation&quot;:&quot;fadeIn&quot;,&quot;animation_delay&quot;:200}\">\n\t\t\t<div class=\"elementor-widget-wrap elementor-element-populated\">\n\t\t\t\t\t\t<div class=\"elementor-element elementor-element-b2b7f4d elementor-widget elementor-widget-litho-tabs\" data-id=\"b2b7f4d\" data-element_type=\"widget\" data-e-type=\"widget\" data-widget_type=\"litho-tabs.default\">\n\t\t\t\t<div class=\"elementor-widget-container\">\n\t\t\t\t\t<div class=\"litho-tabs tab-style-2\">\n\t\t\t\t<ul class=\"nav nav-tabs alt-font\"><li class=\"elementor-repeater-item-d1de24a nav-item nav-icon-top\">\n\t\t\t\t\t\t\t\t\t<a class=\"nav-link active\" data-bs-toggle=\"tab\" href=\"#tab-1874000131\"><span>2024<\/span>September<\/a>\n\t\t\t\t\t\t\t\t<\/li><li class=\"elementor-repeater-item-8140f40 nav-item nav-icon-top\">\n\t\t\t\t\t\t\t\t\t<a class=\"nav-link \" data-bs-toggle=\"tab\" href=\"#tab-1874000132\"><span>2024<\/span>Oktober<\/a>\n\t\t\t\t\t\t\t\t<\/li><li class=\"elementor-repeater-item-57c342f nav-item nav-icon-top\">\n\t\t\t\t\t\t\t\t\t<a class=\"nav-link \" data-bs-toggle=\"tab\" href=\"#tab-1874000133\"><span>2024<\/span>November<\/a>\n\t\t\t\t\t\t\t\t<\/li><li class=\"elementor-repeater-item-c92dd95 nav-item nav-icon-top\">\n\t\t\t\t\t\t\t\t\t<a class=\"nav-link \" data-bs-toggle=\"tab\" href=\"#tab-1874000134\"><span>2024<\/span>Dezember<\/a>\n\t\t\t\t\t\t\t\t<\/li><li class=\"elementor-repeater-item-efcd0f1 nav-item nav-icon-top\">\n\t\t\t\t\t\t\t\t\t<a class=\"nav-link \" data-bs-toggle=\"tab\" href=\"#tab-1874000135\"><span>2025<\/span>Januar<\/a>\n\t\t\t\t\t\t\t\t<\/li><li class=\"elementor-repeater-item-902611a nav-item nav-icon-top\">\n\t\t\t\t\t\t\t\t\t<a class=\"nav-link \" data-bs-toggle=\"tab\" href=\"#tab-1874000136\"><span>2025<\/span>Februar<\/a>\n\t\t\t\t\t\t\t\t<\/li><li class=\"elementor-repeater-item-04da926 nav-item nav-icon-top\">\n\t\t\t\t\t\t\t\t\t<a class=\"nav-link \" data-bs-toggle=\"tab\" href=\"#tab-1874000137\"><span>2025<\/span>M\u00e4rz<\/a>\n\t\t\t\t\t\t\t\t<\/li><\/ul>\n\t\t\t\t<div class=\"tab-content\"><div id=\"tab-1874000131\" class=\"tab-pane fade in active show\"><div class=\"event-row\"><img decoding=\"async\" class=\"alignnone size-thumbnail wp-image-79840\" src=\"https:\/\/visitgardaitaly.com\/wp-content\/uploads\/2024\/10\/3%C2%B0_cucina_tipica_garda-150x150.jpg\" alt=\"\" width=\"150\" height=\"150\"><\/p>\n<div class=\"event-date\">13-15 September<\/div>\n<div class=\"event-details\">\n<p><strong>GARDA 4X4 FEST<\/strong><\/p>\n<p>Ortschaft Giare<\/p>\n<p>Tage mit 4&#215;4-Strecke, Essensst\u00e4nden und Musik.<\/p>\n<\/div>\n<\/div>\n<div class=\"event-row\">\n<div class=\"event-date\">21-22 September<\/div>\n<div class=\"event-details\">\n<p><strong>A.M.A. &#8211; KUNSTHANDWERK UND LOKALE AROMEN<\/strong><\/p>\n<p>Ortschaft San Carlo<\/p>\n<p>Ausstellung und Verkauf von Kunsthandwerk.<\/p>\n<\/div>\n<\/div>\n<div class=\"event-row\">\n<div class=\"event-date\">28-29 September<\/div>\n<div class=\"event-details\">\n<p><strong>EURODONNE<\/strong><\/p>\n<p>Ortschaft San Carlo<\/p>\n<p>Ausstellung und Verkauf von Kunsthandwerk f\u00fcr wohlt\u00e4tige Zwecke.<\/p>\n<\/div>\n<\/div>\n<div class=\"event-row\">\n<div class=\"event-date\">28. September<\/div>\n<div class=\"event-details\">\n<p><strong>BERSAGLIERI-FANFARE<\/strong><\/p>\n<p>Rathausplatz<\/p>\n<p>Festumzug durch die Stra\u00dfen des Dorfes und Abschlusskonzert.<\/p>\n<\/div>\n<\/div>\n<\/div><div id=\"tab-1874000132\" class=\"tab-pane fade \"><div class=\"event-row\">\n<div class=\"event-date\">5-6 Oktober<\/div>\n<div class=\"event-details\">\n<p><strong>A.M.A. &#8211; KUNSTHANDWERK UND LOKALE AROMEN<\/strong><\/p>\n<p>Ortschaft San Carlo<\/p>\n<p>Ausstellung und Verkauf von Kunsthandwerk.<\/p>\n<\/div>\n<\/div>\n<div class=\"event-row\">\n<div class=\"event-date\">10. Oktober<\/div>\n<div class=\"event-details\">\n<p><strong>ER\u00d6FFNUNG DES AKADEMISCHEN JAHRES<\/strong><\/p>\n<p>Freizeit-Universit\u00e4t<\/p>\n<p>Carlotti-Palast, 16.00 Uhr<\/p>\n<\/div>\n<\/div>\n<div class=\"event-row\">\n<div class=\"event-date\">12. Oktober<\/div>\n<div class=\"event-details\">\n<p><strong>NOTIZEN AUS DER WELT<\/strong><\/p>\n<p>Rathausplatz<\/p>\n<p>Konzert der Jugendkapelle, 15.30 Uhr.<\/p>\n<\/div>\n<\/div>\n<div class=\"event-row\">\n<div class=\"event-date\">12-13 Oktober<\/div>\n<div class=\"event-details\">\n<p><strong>KUNSTHANDWERK UND LOKALE AROMEN<\/strong><\/p>\n<p>Ortschaft San Carlo<\/p>\n<p>Ausstellung und Verkauf von Kunsthandwerk.<\/p>\n<\/div>\n<\/div>\n<div class=\"event-row\">\n<div class=\"event-date\">19. Oktober<\/div>\n<div class=\"event-details\">\n<p><strong>GARDA THEATER REVIEW<\/strong><\/p>\n<p>Kongresshalle<\/p>\n<p>21:00<br \/>&#8222;L&#8217;uomo, la bestia, la virt\u00f9&#8220; von Luigi Pirandello.<\/p>\n<\/div>\n<\/div>\n<div class=\"event-row\">\n<div class=\"event-date\">20. Oktober<\/div>\n<div class=\"event-details\">\n<p><strong>BTS GREEN CUP 2024<\/strong><\/p>\n<p>Bundesregatta<\/p>\n<p>Die Veranstaltung steht unter dem Motto der Nachhaltigkeit.<\/p>\n<\/div>\n<\/div>\n<div class=\"event-row\">\n<div class=\"event-date\">31. Oktober<\/div>\n<div class=\"event-details\">\n<p><strong>HALLOWEEN<\/strong><\/p>\n<p>Rathausplatz<\/p>\n<p>Ab 15:30<br \/>Veranstaltung f\u00fcr Kinder und Jugendliche.<\/p>\n<\/div>\n<\/div>\n<\/div><div id=\"tab-1874000133\" class=\"tab-pane fade \"><div class=\"event-row\">\n<div class=\"event-date\">2. November<\/div>\n<div class=\"event-details\">\n<p><strong>TEA-KONZERT<\/strong><\/p>\n<p>Carlotti-Palast<\/p>\n<p>Ab 15:30<br \/>Musikalische Veranstaltung.<\/p>\n<\/div>\n<\/div>\n<div class=\"event-row\">\n<div class=\"event-date\">16. November<\/div>\n<div class=\"event-details\">\n<p><strong>GARDA THEATER REVIEW<\/strong><\/p>\n<p>Kongresshalle<\/p>\n<p>21:00<br \/>&#8222;Der Widerspenstigen&#8220;, eine freie Bearbeitung in zwei Akten von Menander.<\/p>\n<\/div>\n<\/div>\n<div class=\"event-row\">\n<div class=\"event-date\">29. November<\/div>\n<div class=\"event-details\">\n<p><strong>Einweihung von Weihnachten unter den Olivenb\u00e4umen<\/strong><\/p>\n<p>Regina Adelaide am Seeufer<\/p>\n<p>Gardesana-Band, Weihnachtsmarkt, Ausstellung typischer Produkte, Essens- und Weinzelt, lebensgro\u00dfe Krippe.<\/p>\n<\/div>\n<\/div>\n<\/div><div id=\"tab-1874000134\" class=\"tab-pane fade \"><div class=\"event-row\">\n<div class=\"event-date\">7. Dezember<\/div>\n<div class=\"event-details\">\n<p><strong>GARDA THEATER REVIEW<\/strong><\/p>\n<p>Kongresshalle<\/p>\n<p>21.00 Uhr<br \/>&#8222;Natale in casa Cupiello&#8220;, Kom\u00f6die in drei Akten von Eduardo De Filippo.<\/p>\n<\/div>\n<\/div>\n<\/div><div id=\"tab-1874000135\" class=\"tab-pane fade \"><div class=\"event-row\">\n<div class=\"event-date\">18. Januar<\/div>\n<div class=\"event-details\">\n<p><strong>GARDA THEATER REVIEW<\/strong><\/p>\n<p>Kongresshalle<\/p>\n<p>21.00 Uhr<br \/>&#8222;Miseria e nobilt\u00e0&#8220;, Kom\u00f6die in zwei Akten von Eduardo Scarpetta.<\/p>\n<\/div>\n<\/div>\n<\/div><div id=\"tab-1874000136\" class=\"tab-pane fade \"><div class=\"event-row\">\n<div class=\"event-date\">22. Februar<\/div>\n<div class=\"event-details\">\n<p><strong>GARDA THEATER REVIEW<\/strong><\/p>\n<p>Kongresshalle<\/p>\n<p>21 Uhr<br \/>&#8222;Uno, nessuno, centomila&#8220;, Adaption in zwei Akten von Luigi Pirandello.<\/p>\n<\/div>\n<\/div>\n<\/div><div id=\"tab-1874000137\" class=\"tab-pane fade \"><div class=\"event-row\">\n<div class=\"event-date\">22. M\u00e4rz<\/div>\n<div class=\"event-details\">\n<p><strong>GARDA THEATER REVIEW<\/strong><\/p>\n<p>Kongresshalle<\/p>\n<p>21.00 Uhr<br \/>&#8222;Der B\u00e4r und die Heiratsfrage&#8220;, zwei komische Einakter von Anton Tschechow.<\/p>\n<\/div>\n<\/div>\n<\/div><\/div>\n\t\t\t<\/div>\t\t\t\t<\/div>\n\t\t\t\t<\/div>\n\t\t\t\t\t<\/div>\n\t\t<\/div>\n\t\t\t\t\t<\/div>\n\t\t<\/div>\n\t\t\t\t\t<\/div>\n\t\t<\/div>\n\t\t\t\t\t<\/div>\n\t\t<\/section>\n\t\t\t\t<\/div>\n\t\t","protected":false},"excerpt":{"rendered":"<p>Eventi Kalender Entdecken Sie alle Veranstaltungen in Garda: Musik, Folklore, Kultur, Fotografie, M\u00e4rkte und das gro\u00dfe Feuerwerk am See. 2024September 2024Oktober 2024November 2024Dezember 2025Januar 2025Februar 2025M\u00e4rz 13-15 September GARDA 4X4 FEST Ortschaft Giare Tage mit 4\u00d74-Strecke, Essensst\u00e4nden und Musik. 21-22 September A.M.A. \u2013 KUNSTHANDWERK UND LOKALE AROMEN Ortschaft San Carlo Ausstellung und Verkauf von Kunsthandwerk. [&hellip;]<\/p>\n","protected":false},"author":1,"featured_media":0,"parent":0,"menu_order":9,"comment_status":"closed","ping_status":"closed","template":"elementor_theme","meta":{"footnotes":""},"class_list":["post-81847","page","type-page","status-publish","hentry"],"_links":{"self":[{"href":"https:\/\/visitgardaitaly.com\/de\/wp-json\/wp\/v2\/pages\/81847","targetHints":{"allow":["GET"]}}],"collection":[{"href":"https:\/\/visitgardaitaly.com\/de\/wp-json\/wp\/v2\/pages"}],"about":[{"href":"https:\/\/visitgardaitaly.com\/de\/wp-json\/wp\/v2\/types\/page"}],"author":[{"embeddable":true,"href":"https:\/\/visitgardaitaly.com\/de\/wp-json\/wp\/v2\/users\/1"}],"replies":[{"embeddable":true,"href":"https:\/\/visitgardaitaly.com\/de\/wp-json\/wp\/v2\/comments?post=81847"}],"version-history":[{"count":2,"href":"https:\/\/visitgardaitaly.com\/de\/wp-json\/wp\/v2\/pages\/81847\/revisions"}],"predecessor-version":[{"id":82135,"href":"https:\/\/visitgardaitaly.com\/de\/wp-json\/wp\/v2\/pages\/81847\/revisions\/82135"}],"wp:attachment":[{"href":"https:\/\/visitgardaitaly.com\/de\/wp-json\/wp\/v2\/media?parent=81847"}],"curies":[{"name":"wp","href":"https:\/\/api.w.org\/{rel}","templated":true}]}}