{"id":81839,"date":"2023-06-08T13:44:55","date_gmt":"2023-06-08T13:44:55","guid":{"rendered":"http:\/\/visitgarda.vanzotech.com\/geschmaecker\/pdo-oel\/"},"modified":"2025-02-28T20:01:38","modified_gmt":"2025-02-28T20:01:38","slug":"pdo-oel","status":"publish","type":"page","link":"https:\/\/visitgardaitaly.com\/de\/geschmaecker\/pdo-oel\/","title":{"rendered":"PDO-\u00d6l"},"content":{"rendered":"\t\t<div data-elementor-type=\"wp-page\" data-elementor-id=\"81839\" class=\"elementor elementor-81839 elementor-76831\">\n\t\t\t\t\t\t<section class=\"elementor-section elementor-top-section elementor-element elementor-element-7e287784 elementor-section-content-middle elementor-section-boxed elementor-section-height-default elementor-section-height-default\" data-id=\"7e287784\" data-element_type=\"section\" data-e-type=\"section\" id=\"about\" data-settings=\"{&quot;background_background&quot;:&quot;classic&quot;}\">\n\t\t\t\t\t\t<div class=\"elementor-container elementor-column-gap-default\">\n\t\t\t\t\t<div class=\" elementor-column elementor-col-100 elementor-top-column elementor-element elementor-element-5b53a186\" data-fullscreen-column-settings=\"{&quot;fullscreen&quot;:&quot;&quot;}\" data-id=\"5b53a186\" data-element_type=\"column\" data-e-type=\"column\">\n\t\t\t<div class=\"elementor-widget-wrap elementor-element-populated\">\n\t\t\t\t\t\t<div class=\"elementor-element elementor-element-42a6128 elementor-widget__width-initial elementor-widget-tablet__width-inherit elementor-widget elementor-widget-text-editor\" data-id=\"42a6128\" data-element_type=\"widget\" data-e-type=\"widget\" data-widget_type=\"text-editor.default\">\n\t\t\t\t<div class=\"elementor-widget-container\">\n\t\t\t\t\t\t\t\t\t<p>Zart, ausgewogen und harmonisch, mit einem typischen Mandelgeschmack, der es einzigartig und erkennbar unter den g.U.-\u00d6len der Halbinsel macht. <br>Seine Urspr\u00fcnge? Sehr alt, denn die Nutzung der Olivenhaine am Gardasee f\u00fcr die Ern\u00e4hrung geht auf das dritte Jahrhundert vor Christus zur\u00fcck. In der Renaissance wurden die typischen Terrassen angelegt, und heute geh\u00f6rt das Gardasee-Oliven\u00f6l DOP zu den f\u00fcnf besten italienischen DOP-Oliven\u00f6len und ist weltweit bekannt und gesch\u00e4tzt.  <br><span style=\"color: var( --e-global-color-text ); font-family: var( --e-global-typography-text-font-family ), Sans-serif; font-weight: var( --e-global-typography-text-font-weight ); text-align: var(--bs-body-text-align);\"><br>Ob roh oder gekocht, das Gardasee-Oliven\u00f6l passt hervorragend zu traditionellen Gerichten und ist eine unverzichtbare Zutat f\u00fcr die Neuinterpretationen und Experimente der innovativsten K\u00f6che. Und was ist mit Desserts? Haben Sie ihn schon einmal in Kombination mit Schokolade, Sorbets und Eiscreme probiert? Es ist ein Genuss der Superlative.   <\/span><\/p>\t\t\t\t\t\t\t\t<\/div>\n\t\t\t\t<\/div>\n\t\t\t\t\t<\/div>\n\t\t<\/div>\n\t\t\t\t\t<\/div>\n\t\t<\/section>\n\t\t\t\t<section class=\"elementor-section elementor-top-section elementor-element elementor-element-9b4490a elementor-section-content-middle elementor-section-boxed elementor-section-height-default elementor-section-height-default\" data-id=\"9b4490a\" data-element_type=\"section\" data-e-type=\"section\" data-settings=\"{&quot;background_background&quot;:&quot;classic&quot;}\">\n\t\t\t\t\t\t<div class=\"elementor-container elementor-column-gap-default\">\n\t\t\t\t\t<div class=\" elementor-column elementor-col-50 elementor-top-column elementor-element elementor-element-48bb991\" data-fullscreen-column-settings=\"{&quot;fullscreen&quot;:&quot;&quot;}\" data-id=\"48bb991\" data-element_type=\"column\" data-e-type=\"column\">\n\t\t\t<div class=\"elementor-widget-wrap elementor-element-populated\">\n\t\t\t\t\t\t<div class=\"elementor-element elementor-element-cad4883 elementor-widget__width-initial elementor-widget-tablet__width-inherit elementor-widget elementor-widget-text-editor\" data-id=\"cad4883\" data-element_type=\"widget\" data-e-type=\"widget\" data-widget_type=\"text-editor.default\">\n\t\t\t\t<div class=\"elementor-widget-container\">\n\t\t\t\t\t\t\t\t\t<p>Casaliva, Frantoio und Leccino sind die am weitesten verbreiteten Sorten und m\u00fcssen f\u00fcr die DOP-Bezeichnung von Garda-\u00d6l vorhanden sein. Die wichtigste Sorte ist jedoch die Casaliva, die im Gardaseegebiet beheimatet ist und hier auch &#8222;Drizzar&#8220; genannt wird, weil man sagt, dass sie mit ihrer langsamen und sp\u00e4ten Reifung in der Lage ist, das Schicksal der Ernte zu korrigieren.<br>Die Eigenschaften und der Geschmack des Gardasee\u00f6ls sind Ausdruck eines reichen Territoriums zwischen See und Bergen, aber vor allem des Wassers des Gardasees, das die H\u00e4rte der Temperatur und der Feuchtigkeit mildert und das Klima am Gardasee dem des Mittelmeers \u00e4hnlich macht. <br><br><\/p>\t\t\t\t\t\t\t\t<\/div>\n\t\t\t\t<\/div>\n\t\t\t\t\t<\/div>\n\t\t<\/div>\n\t\t\t\t<div class=\" elementor-column elementor-col-50 elementor-top-column elementor-element elementor-element-31b47ff elementor-invisible\" data-fullscreen-column-settings=\"{&quot;fullscreen&quot;:&quot;&quot;}\" data-id=\"31b47ff\" data-element_type=\"column\" data-e-type=\"column\" data-settings=\"{&quot;animation&quot;:&quot;fadeIn&quot;,&quot;animation_delay&quot;:200}\">\n\t\t\t<div class=\"elementor-widget-wrap elementor-element-populated\">\n\t\t\t\t\t\t<div class=\"elementor-element elementor-element-f1a7618 elementor-widget elementor-widget-image\" data-id=\"f1a7618\" data-element_type=\"widget\" data-e-type=\"widget\" data-widget_type=\"image.default\">\n\t\t\t\t<div class=\"elementor-widget-container\">\n\t\t\t\t\t\t\t\t\t\t\t\t\t\t\t<img fetchpriority=\"high\" decoding=\"async\" width=\"2560\" height=\"1707\" src=\"https:\/\/visitgardaitaly.com\/wp-content\/uploads\/2024\/10\/1\u00b0-olive-olio-garda-dop-scaled.jpeg?wsr\" class=\"attachment-full size-full wp-image-81653\" alt=\"\" srcset=\"https:\/\/visitgardaitaly.com\/wp-content\/uploads\/2024\/10\/1\u00b0-olive-olio-garda-dop-scaled.jpeg 2560w, https:\/\/visitgardaitaly.com\/wp-content\/uploads\/2024\/10\/1\u00b0-olive-olio-garda-dop-300x200.jpeg 300w, https:\/\/visitgardaitaly.com\/wp-content\/uploads\/2024\/10\/1\u00b0-olive-olio-garda-dop-1024x683.jpeg 1024w, https:\/\/visitgardaitaly.com\/wp-content\/uploads\/2024\/10\/1\u00b0-olive-olio-garda-dop-768x512.jpeg 768w, https:\/\/visitgardaitaly.com\/wp-content\/uploads\/2024\/10\/1\u00b0-olive-olio-garda-dop-1536x1024.jpeg 1536w, https:\/\/visitgardaitaly.com\/wp-content\/uploads\/2024\/10\/1\u00b0-olive-olio-garda-dop-2048x1365.jpeg 2048w, https:\/\/visitgardaitaly.com\/wp-content\/uploads\/2024\/10\/1\u00b0-olive-olio-garda-dop-200x133.jpeg 200w, https:\/\/visitgardaitaly.com\/wp-content\/uploads\/2024\/10\/1\u00b0-olive-olio-garda-dop-1568x1045.jpeg 1568w\" sizes=\"(max-width: 2560px) 100vw, 2560px\" \/>\t\t\t\t\t\t\t\t\t\t\t\t\t\t\t<\/div>\n\t\t\t\t<\/div>\n\t\t\t\t\t<\/div>\n\t\t<\/div>\n\t\t\t\t\t<\/div>\n\t\t<\/section>\n\t\t\t\t<section class=\"elementor-section elementor-top-section elementor-element elementor-element-b05e636 elementor-section-content-middle elementor-section-boxed elementor-section-height-default elementor-section-height-default\" data-id=\"b05e636\" data-element_type=\"section\" data-e-type=\"section\" data-settings=\"{&quot;background_background&quot;:&quot;classic&quot;}\">\n\t\t\t\t\t\t<div class=\"elementor-container elementor-column-gap-default\">\n\t\t\t\t\t<div class=\" elementor-column elementor-col-50 elementor-top-column elementor-element elementor-element-65c3ae3 elementor-invisible\" data-fullscreen-column-settings=\"{&quot;fullscreen&quot;:&quot;&quot;}\" data-id=\"65c3ae3\" data-element_type=\"column\" data-e-type=\"column\" data-settings=\"{&quot;animation&quot;:&quot;fadeIn&quot;,&quot;animation_delay&quot;:200}\">\n\t\t\t<div class=\"elementor-widget-wrap elementor-element-populated\">\n\t\t\t\t\t\t<div class=\"elementor-element elementor-element-faa0d0a elementor-widget elementor-widget-image\" data-id=\"faa0d0a\" data-element_type=\"widget\" data-e-type=\"widget\" data-widget_type=\"image.default\">\n\t\t\t\t<div class=\"elementor-widget-container\">\n\t\t\t\t\t\t\t\t\t\t\t\t\t\t\t<img decoding=\"async\" width=\"683\" height=\"456\" src=\"https:\/\/visitgardaitaly.com\/wp-content\/uploads\/2024\/10\/2\u00b0-olio-garda-dop.jpg?wsr\" class=\"attachment-full size-full wp-image-81655\" alt=\"\" srcset=\"https:\/\/visitgardaitaly.com\/wp-content\/uploads\/2024\/10\/2\u00b0-olio-garda-dop.jpg 683w, https:\/\/visitgardaitaly.com\/wp-content\/uploads\/2024\/10\/2\u00b0-olio-garda-dop-300x200.jpg 300w, https:\/\/visitgardaitaly.com\/wp-content\/uploads\/2024\/10\/2\u00b0-olio-garda-dop-200x134.jpg 200w\" sizes=\"(max-width: 683px) 100vw, 683px\" \/>\t\t\t\t\t\t\t\t\t\t\t\t\t\t\t<\/div>\n\t\t\t\t<\/div>\n\t\t\t\t\t<\/div>\n\t\t<\/div>\n\t\t\t\t<div class=\" elementor-column elementor-col-50 elementor-top-column elementor-element elementor-element-bc096a8\" data-fullscreen-column-settings=\"{&quot;fullscreen&quot;:&quot;&quot;}\" data-id=\"bc096a8\" data-element_type=\"column\" data-e-type=\"column\">\n\t\t\t<div class=\"elementor-widget-wrap elementor-element-populated\">\n\t\t\t\t\t\t<div class=\"elementor-element elementor-element-e268130 elementor-widget__width-initial elementor-widget-tablet__width-inherit elementor-widget elementor-widget-text-editor\" data-id=\"e268130\" data-element_type=\"widget\" data-e-type=\"widget\" data-widget_type=\"text-editor.default\">\n\t\t\t\t<div class=\"elementor-widget-container\">\n\t\t\t\t\t\t\t\t\t<p><br>Wunderbare und einzigartige Orte, die sich in den Aromen und D\u00fcften der lokalen Speisen und Weine widerspiegeln, von denen das Gardasee\u00f6l der unbestrittene K\u00f6nig ist.<br>\u00d6l ist ein Lebensmittel, das allgemein als gesund gilt. Seine antioxidativen Eigenschaften und sein Reichtum an den Vitaminen A, E und K machen es zu einem Lebensmittel und nicht nur zu einem W\u00fcrzmittel. Eine Nahrungsquelle f\u00fcr uns alle, auch f\u00fcr gebrechliche Menschen, schwangere M\u00fctter und nat\u00fcrlich f\u00fcr Babys, die bereits zwei oder drei Essl\u00f6ffel pro Tag zu sich nehmen k\u00f6nnen. Ein wahres Allheilmittel von 0 bis 99 Jahren&#8230; und mehr!   <\/p>\t\t\t\t\t\t\t\t<\/div>\n\t\t\t\t<\/div>\n\t\t\t\t\t<\/div>\n\t\t<\/div>\n\t\t\t\t\t<\/div>\n\t\t<\/section>\n\t\t\t\t<section class=\"elementor-section elementor-top-section elementor-element elementor-element-3712bf0 elementor-section-content-middle elementor-section-boxed elementor-section-height-default elementor-section-height-default\" data-id=\"3712bf0\" data-element_type=\"section\" data-e-type=\"section\">\n\t\t\t\t\t\t<div class=\"elementor-container elementor-column-gap-default\">\n\t\t\t\t\t<div class=\" elementor-column elementor-col-100 elementor-top-column elementor-element elementor-element-876e2ed\" data-fullscreen-column-settings=\"{&quot;fullscreen&quot;:&quot;&quot;}\" data-id=\"876e2ed\" data-element_type=\"column\" data-e-type=\"column\">\n\t\t\t<div class=\"elementor-widget-wrap elementor-element-populated\">\n\t\t\t\t\t\t<section class=\"elementor-section elementor-inner-section elementor-element elementor-element-280e3b8 elementor-section-boxed elementor-section-height-default elementor-section-height-default\" data-id=\"280e3b8\" data-element_type=\"section\" data-e-type=\"section\">\n\t\t\t\t\t\t<div class=\"elementor-container elementor-column-gap-default\">\n\t\t\t\t\t<div class=\" elementor-column elementor-col-100 elementor-inner-column elementor-element elementor-element-53b909a elementor-invisible\" data-fullscreen-column-settings=\"{&quot;fullscreen&quot;:&quot;&quot;}\" data-id=\"53b909a\" data-element_type=\"column\" data-e-type=\"column\" data-settings=\"{&quot;animation&quot;:&quot;fadeIn&quot;,&quot;animation_delay&quot;:200}\">\n\t\t\t<div class=\"elementor-widget-wrap elementor-element-populated\">\n\t\t\t\t\t\t<div class=\"elementor-element elementor-element-7a4004d elementor-widget elementor-widget-litho-heading\" data-id=\"7a4004d\" data-element_type=\"widget\" data-e-type=\"widget\" data-widget_type=\"litho-heading.default\">\n\t\t\t\t<div class=\"elementor-widget-container\">\n\t\t\t\t\t<h5 class=\"litho-heading elementor-size-default\"><span class=\"litho-primary-title\">Produkte: Entdecken Sie die wichtigsten Produkte des Gardasees<\/span><\/h5>\t\t\t\t<\/div>\n\t\t\t\t<\/div>\n\t\t\t\t\t<\/div>\n\t\t<\/div>\n\t\t\t\t\t<\/div>\n\t\t<\/section>\n\t\t\t\t\t<\/div>\n\t\t<\/div>\n\t\t\t\t\t<\/div>\n\t\t<\/section>\n\t\t\t\t<section class=\"elementor-section elementor-top-section elementor-element elementor-element-192a1d1 elementor-section-boxed elementor-section-height-default elementor-section-height-default\" data-id=\"192a1d1\" data-element_type=\"section\" data-e-type=\"section\">\n\t\t\t\t\t\t<div class=\"elementor-container elementor-column-gap-default\">\n\t\t\t\t\t<div class=\" elementor-column elementor-col-100 elementor-top-column elementor-element elementor-element-efa2ccf\" data-fullscreen-column-settings=\"{&quot;fullscreen&quot;:&quot;&quot;}\" data-id=\"efa2ccf\" data-element_type=\"column\" data-e-type=\"column\">\n\t\t\t<div class=\"elementor-widget-wrap elementor-element-populated\">\n\t\t\t\t\t\t<section class=\"elementor-section elementor-inner-section elementor-element elementor-element-ec73799 elementor-section-boxed elementor-section-height-default elementor-section-height-default\" data-id=\"ec73799\" data-element_type=\"section\" data-e-type=\"section\" data-settings=\"{&quot;animation&quot;:&quot;none&quot;}\">\n\t\t\t\t\t\t<div class=\"elementor-container elementor-column-gap-default\">\n\t\t\t\t\t<div class=\" elementor-column elementor-col-33 elementor-inner-column elementor-element elementor-element-2dc7cc7 elementor-invisible\" data-fullscreen-column-settings=\"{&quot;fullscreen&quot;:&quot;&quot;}\" data-id=\"2dc7cc7\" data-element_type=\"column\" data-e-type=\"column\" data-settings=\"{&quot;animation&quot;:&quot;fadeIn&quot;,&quot;animation_delay&quot;:400}\">\n\t\t\t<div class=\"elementor-widget-wrap elementor-element-populated\">\n\t\t\t\t\t\t<div class=\"elementor-element elementor-element-95c03ce text-center elementor-widget__width-inherit elementor-widget elementor-widget-litho-feature-box\" data-id=\"95c03ce\" data-element_type=\"widget\" data-e-type=\"widget\" data-settings=\"{&quot;litho_feature_box_styles&quot;:&quot;icon-text-style-1&quot;}\" data-widget_type=\"litho-feature-box.default\">\n\t\t\t\t<div class=\"elementor-widget-container\">\n\t\t\t\t\t\t\t\t\t\t<div class=\"feature-box icon-text-style-1\"><div class=\"elementor-icon\"><img decoding=\"async\" src=\"https:\/\/visitgardaitaly.com\/wp-content\/uploads\/2024\/10\/7_Sapori-3-e1727051358877-150x150.png?wsr\" alt=\"7_Sapori-3-e1727051358877\"  srcset=\"https:\/\/visitgardaitaly.com\/wp-content\/uploads\/2024\/10\/7_Sapori-3-e1727051358877-150x150.png 150w, https:\/\/visitgardaitaly.com\/wp-content\/uploads\/2024\/10\/7_Sapori-3-e1727051358877-300x297.png 300w, https:\/\/visitgardaitaly.com\/wp-content\/uploads\/2024\/10\/7_Sapori-3-e1727051358877-1024x1015.png 1024w, https:\/\/visitgardaitaly.com\/wp-content\/uploads\/2024\/10\/7_Sapori-3-e1727051358877-768x762.png 768w, https:\/\/visitgardaitaly.com\/wp-content\/uploads\/2024\/10\/7_Sapori-3-e1727051358877-200x198.png 200w, https:\/\/visitgardaitaly.com\/wp-content\/uploads\/2024\/10\/7_Sapori-3-e1727051358877.png 1065w\" sizes=\"(max-width: 150px) 100vw, 150px\" \/><\/div><div class=\"feature-box-content\"><span class=\"title\">Pesce<\/span><div class=\"elementor-button-wrapper\">\n\t\t\t\t\t\t\t\t\t\t<a href=\"https:\/\/visitgardaitaly.com\/sapori\/pesce\/\" class=\"elementor-button-link elementor-button \" role=\"button\">\n\t\t\t\t\t\t\t\t\t\t\t<span class=\"elementor-button-content-wrapper\"><span class=\"elementor-button-text\">Weitere Informationen<\/span>\n\t\t\t\t\t\t\t\t\t\t\t<\/span>\n\t\t\t\t\t\t\t\t\t\t<\/a>\n\t\t\t\t\t\t\t\t\t<\/div>\t\t\t\t\t\t\t<\/div>\n\t\t\t\t\t\t\t\t\t\t\t\t<\/div>\n\t\t\t\t\t\t\t\t\t<\/div>\n\t\t\t\t<\/div>\n\t\t\t\t\t<\/div>\n\t\t<\/div>\n\t\t\t\t<div class=\" elementor-column elementor-col-33 elementor-inner-column elementor-element elementor-element-a55f56a elementor-invisible\" data-fullscreen-column-settings=\"{&quot;fullscreen&quot;:&quot;&quot;}\" data-id=\"a55f56a\" data-element_type=\"column\" data-e-type=\"column\" data-settings=\"{&quot;animation&quot;:&quot;fadeIn&quot;,&quot;animation_delay&quot;:400}\">\n\t\t\t<div class=\"elementor-widget-wrap elementor-element-populated\">\n\t\t\t\t\t\t<div class=\"elementor-element elementor-element-ccc660d text-center elementor-widget__width-inherit elementor-widget elementor-widget-litho-feature-box\" data-id=\"ccc660d\" data-element_type=\"widget\" data-e-type=\"widget\" data-settings=\"{&quot;litho_feature_box_styles&quot;:&quot;icon-text-style-1&quot;}\" data-widget_type=\"litho-feature-box.default\">\n\t\t\t\t<div class=\"elementor-widget-container\">\n\t\t\t\t\t\t\t\t\t\t<div class=\"feature-box icon-text-style-1\"><div class=\"elementor-icon\"><img decoding=\"async\" src=\"https:\/\/visitgardaitaly.com\/wp-content\/uploads\/2024\/10\/vino-bardolino-1-150x150.png?wsr\" alt=\"vino-bardolino-1\"  srcset=\"https:\/\/visitgardaitaly.com\/wp-content\/uploads\/2024\/10\/vino-bardolino-1-150x150.png 150w, https:\/\/visitgardaitaly.com\/wp-content\/uploads\/2024\/10\/vino-bardolino-1-300x300.png 300w, https:\/\/visitgardaitaly.com\/wp-content\/uploads\/2024\/10\/vino-bardolino-1-1024x1024.png 1024w, https:\/\/visitgardaitaly.com\/wp-content\/uploads\/2024\/10\/vino-bardolino-1-768x768.png 768w, https:\/\/visitgardaitaly.com\/wp-content\/uploads\/2024\/10\/vino-bardolino-1-200x200.png 200w, https:\/\/visitgardaitaly.com\/wp-content\/uploads\/2024\/10\/vino-bardolino-1.png 1068w\" sizes=\"(max-width: 150px) 100vw, 150px\" \/><\/div><div class=\"feature-box-content\"><span class=\"title\">Vino<\/span><div class=\"elementor-button-wrapper\">\n\t\t\t\t\t\t\t\t\t\t<a href=\"https:\/\/visitgardaitaly.com\/sapori\/vino\/\" class=\"elementor-button-link elementor-button \" role=\"button\">\n\t\t\t\t\t\t\t\t\t\t\t<span class=\"elementor-button-content-wrapper\"><span class=\"elementor-button-text\">Weitere Informationen<\/span>\n\t\t\t\t\t\t\t\t\t\t\t<\/span>\n\t\t\t\t\t\t\t\t\t\t<\/a>\n\t\t\t\t\t\t\t\t\t<\/div>\t\t\t\t\t\t\t<\/div>\n\t\t\t\t\t\t\t\t\t\t\t\t<\/div>\n\t\t\t\t\t\t\t\t\t<\/div>\n\t\t\t\t<\/div>\n\t\t\t\t\t<\/div>\n\t\t<\/div>\n\t\t\t\t<div class=\" elementor-column elementor-col-33 elementor-inner-column elementor-element elementor-element-d418eb4 elementor-invisible\" data-fullscreen-column-settings=\"{&quot;fullscreen&quot;:&quot;&quot;}\" data-id=\"d418eb4\" data-element_type=\"column\" data-e-type=\"column\" data-settings=\"{&quot;animation&quot;:&quot;fadeIn&quot;,&quot;animation_delay&quot;:400}\">\n\t\t\t<div class=\"elementor-widget-wrap elementor-element-populated\">\n\t\t\t\t\t\t<div class=\"elementor-element elementor-element-60a9740 text-center elementor-widget__width-inherit elementor-widget elementor-widget-litho-feature-box\" data-id=\"60a9740\" data-element_type=\"widget\" data-e-type=\"widget\" data-settings=\"{&quot;litho_feature_box_styles&quot;:&quot;icon-text-style-1&quot;}\" data-widget_type=\"litho-feature-box.default\">\n\t\t\t\t<div class=\"elementor-widget-container\">\n\t\t\t\t\t\t\t\t\t\t<div class=\"feature-box icon-text-style-1\"><div class=\"elementor-icon\"><img decoding=\"async\" src=\"https:\/\/visitgardaitaly.com\/wp-content\/uploads\/2024\/10\/ricette-garda-5-150x150.png?wsr\" alt=\"ricette-garda-5\"  srcset=\"https:\/\/visitgardaitaly.com\/wp-content\/uploads\/2024\/10\/ricette-garda-5-150x150.png 150w, https:\/\/visitgardaitaly.com\/wp-content\/uploads\/2024\/10\/ricette-garda-5-300x300.png 300w, https:\/\/visitgardaitaly.com\/wp-content\/uploads\/2024\/10\/ricette-garda-5-1024x1024.png 1024w, https:\/\/visitgardaitaly.com\/wp-content\/uploads\/2024\/10\/ricette-garda-5-768x768.png 768w, https:\/\/visitgardaitaly.com\/wp-content\/uploads\/2024\/10\/ricette-garda-5-200x200.png 200w, https:\/\/visitgardaitaly.com\/wp-content\/uploads\/2024\/10\/ricette-garda-5.png 1263w\" sizes=\"(max-width: 150px) 100vw, 150px\" \/><\/div><div class=\"feature-box-content\"><span class=\"title\">Rezepte<\/span><div class=\"elementor-button-wrapper\">\n\t\t\t\t\t\t\t\t\t\t<a href=\"https:\/\/visitgardaitaly.com\/sapori\/ricette\/\" class=\"elementor-button-link elementor-button \" role=\"button\">\n\t\t\t\t\t\t\t\t\t\t\t<span class=\"elementor-button-content-wrapper\"><span class=\"elementor-button-text\">Weitere Informationen<\/span>\n\t\t\t\t\t\t\t\t\t\t\t<\/span>\n\t\t\t\t\t\t\t\t\t\t<\/a>\n\t\t\t\t\t\t\t\t\t<\/div>\t\t\t\t\t\t\t<\/div>\n\t\t\t\t\t\t\t\t\t\t\t\t<\/div>\n\t\t\t\t\t\t\t\t\t<\/div>\n\t\t\t\t<\/div>\n\t\t\t\t\t<\/div>\n\t\t<\/div>\n\t\t\t\t\t<\/div>\n\t\t<\/section>\n\t\t\t\t\t<\/div>\n\t\t<\/div>\n\t\t\t\t\t<\/div>\n\t\t<\/section>\n\t\t\t\t<\/div>\n\t\t","protected":false},"excerpt":{"rendered":"<p>Zart, ausgewogen und harmonisch, mit einem typischen Mandelgeschmack, der es einzigartig und erkennbar unter den g.U.-\u00d6len der Halbinsel macht. Seine Urspr\u00fcnge? Sehr alt, denn die Nutzung der Olivenhaine am Gardasee f\u00fcr die Ern\u00e4hrung geht auf das dritte Jahrhundert vor Christus zur\u00fcck. In der Renaissance wurden die typischen Terrassen angelegt, und heute geh\u00f6rt das Gardasee-Oliven\u00f6l DOP [&hellip;]<\/p>\n","protected":false},"author":1,"featured_media":0,"parent":81825,"menu_order":9,"comment_status":"closed","ping_status":"closed","template":"","meta":{"footnotes":""},"class_list":["post-81839","page","type-page","status-publish","hentry"],"_links":{"self":[{"href":"https:\/\/visitgardaitaly.com\/de\/wp-json\/wp\/v2\/pages\/81839","targetHints":{"allow":["GET"]}}],"collection":[{"href":"https:\/\/visitgardaitaly.com\/de\/wp-json\/wp\/v2\/pages"}],"about":[{"href":"https:\/\/visitgardaitaly.com\/de\/wp-json\/wp\/v2\/types\/page"}],"author":[{"embeddable":true,"href":"https:\/\/visitgardaitaly.com\/de\/wp-json\/wp\/v2\/users\/1"}],"replies":[{"embeddable":true,"href":"https:\/\/visitgardaitaly.com\/de\/wp-json\/wp\/v2\/comments?post=81839"}],"version-history":[{"count":3,"href":"https:\/\/visitgardaitaly.com\/de\/wp-json\/wp\/v2\/pages\/81839\/revisions"}],"predecessor-version":[{"id":82131,"href":"https:\/\/visitgardaitaly.com\/de\/wp-json\/wp\/v2\/pages\/81839\/revisions\/82131"}],"up":[{"embeddable":true,"href":"https:\/\/visitgardaitaly.com\/de\/wp-json\/wp\/v2\/pages\/81825"}],"wp:attachment":[{"href":"https:\/\/visitgardaitaly.com\/de\/wp-json\/wp\/v2\/media?parent=81839"}],"curies":[{"name":"wp","href":"https:\/\/api.w.org\/{rel}","templated":true}]}}