{"id":81807,"date":"2023-06-05T07:08:07","date_gmt":"2023-06-05T07:08:07","guid":{"rendered":"http:\/\/visitgarda.vanzotech.com\/entspannen-sie-sich\/"},"modified":"2025-02-28T19:11:15","modified_gmt":"2025-02-28T19:11:15","slug":"entspannen-sie-sich","status":"publish","type":"page","link":"https:\/\/visitgardaitaly.com\/de\/entspannen-sie-sich\/","title":{"rendered":"Entspannen Sie sich"},"content":{"rendered":"\t\t<div data-elementor-type=\"wp-page\" data-elementor-id=\"81807\" class=\"elementor elementor-81807 elementor-76348\">\n\t\t\t\t\t\t<section class=\"elementor-section elementor-top-section elementor-element elementor-element-5cf89bf elementor-section-content-middle elementor-section-boxed elementor-section-height-default elementor-section-height-default\" data-id=\"5cf89bf\" data-element_type=\"section\" data-e-type=\"section\">\n\t\t\t\t\t\t<div class=\"elementor-container elementor-column-gap-default\">\n\t\t\t\t\t<div class=\" elementor-column elementor-col-33 elementor-top-column elementor-element elementor-element-254c9ee elementor-invisible\" data-fullscreen-column-settings=\"{&quot;fullscreen&quot;:&quot;&quot;}\" data-id=\"254c9ee\" data-element_type=\"column\" data-e-type=\"column\" data-settings=\"{&quot;animation&quot;:&quot;fadeIn&quot;}\">\n\t\t\t<div class=\"elementor-widget-wrap elementor-element-populated\">\n\t\t\t\t\t\t<div class=\"elementor-element elementor-element-1a87e77 elementor-invisible elementor-widget elementor-widget-litho-heading\" data-id=\"1a87e77\" data-element_type=\"widget\" data-e-type=\"widget\" data-settings=\"{&quot;_animation&quot;:&quot;fadeIn&quot;}\" data-widget_type=\"litho-heading.default\">\n\t\t\t\t<div class=\"elementor-widget-container\">\n\t\t\t\t\t<h4 class=\"litho-heading elementor-size-default\"><span class=\"litho-primary-title\">Live Garda langsam<\/span><\/h4>\t\t\t\t<\/div>\n\t\t\t\t<\/div>\n\t\t\t\t<div class=\"elementor-element elementor-element-bd92340 elementor-widget__width-initial elementor-widget-tablet__width-initial elementor-widget-mobile__width-initial elementor-widget elementor-widget-text-editor\" data-id=\"bd92340\" data-element_type=\"widget\" data-e-type=\"widget\" data-widget_type=\"text-editor.default\">\n\t\t\t\t<div class=\"elementor-widget-container\">\n\t\t\t\t\t\t\t\t\t<p>Entspannen Sie sich an den Str\u00e4nden, lassen Sie sich in einem Spa verj\u00fcngen und genie\u00dfen Sie Spazierg\u00e4nge in der Natur. Entdecken Sie das Einkaufen mit lokalen Produkten und Marken &#8222;Made in Italy&#8220;.<\/p>\t\t\t\t\t\t\t\t<\/div>\n\t\t\t\t<\/div>\n\t\t\t\t\t<\/div>\n\t\t<\/div>\n\t\t\t\t<div class=\" elementor-column elementor-col-33 elementor-top-column elementor-element elementor-element-4abd929\" data-fullscreen-column-settings=\"{&quot;fullscreen&quot;:&quot;&quot;}\" data-id=\"4abd929\" data-element_type=\"column\" data-e-type=\"column\">\n\t\t\t<div class=\"elementor-widget-wrap elementor-element-populated\">\n\t\t\t\t\t\t<div class=\"elementor-element elementor-element-1d95d06 elementor-view-default h-default elementor-widget elementor-widget-litho-fancy-text-box\" data-id=\"1d95d06\" data-element_type=\"widget\" data-e-type=\"widget\" data-settings=\"{&quot;litho_fancy_text_box_styles&quot;:&quot;fancy-text-box-style-11&quot;}\" data-widget_type=\"litho-fancy-text-box.default\">\n\t\t\t\t<div class=\"elementor-widget-container\">\n\t\t\t\t\t\t\t\t\t\t<div class=\"fancy-text-box-wrapper fancy-text-box-style-11\">\n\t\t\t\t\t\t<figure>\n\t\t\t\t\t\t\t\t\t\t\t\t\t\t\t<div class=\"fancy-text-box-image\">\n\t\t\t\t\t\t\t\t\t<img decoding=\"async\" src=\"https:\/\/visitgardaitaly.com\/wp-content\/uploads\/2024\/09\/shopping-garda-3-1024x1024.jpg?wsr\" alt=\"shopping-garda\"  srcset=\"https:\/\/visitgardaitaly.com\/wp-content\/uploads\/2024\/09\/shopping-garda-3-1024x1024.jpg 1024w, https:\/\/visitgardaitaly.com\/wp-content\/uploads\/2024\/09\/shopping-garda-3-300x300.jpg 300w, https:\/\/visitgardaitaly.com\/wp-content\/uploads\/2024\/09\/shopping-garda-3-150x150.jpg 150w, https:\/\/visitgardaitaly.com\/wp-content\/uploads\/2024\/09\/shopping-garda-3-768x768.jpg 768w, https:\/\/visitgardaitaly.com\/wp-content\/uploads\/2024\/09\/shopping-garda-3-1536x1536.jpg 1536w, https:\/\/visitgardaitaly.com\/wp-content\/uploads\/2024\/09\/shopping-garda-3-2048x2048.jpg 2048w, https:\/\/visitgardaitaly.com\/wp-content\/uploads\/2024\/09\/shopping-garda-3-200x200.jpg 200w, https:\/\/visitgardaitaly.com\/wp-content\/uploads\/2024\/09\/shopping-garda-3-1568x1568.jpg 1568w\" sizes=\"(max-width: 1024px) 100vw, 1024px\" \/>\t\t\t\t\t\t\t\t\t<div class=\"fancy-text-box-details align-items-center justify-content-center d-flex flex-column\">\n\t\t\t\t\t\t\t\t\t\t<a class=\"fancy-text-button d-flex align-items-center justify-content-center flex-column\" href=\"https:\/\/visitgardaitaly.com\/relax\/passeggiate\/\">\n\t\t\t\t\t\t\t\t\t\t\t<div class=\"elementor-icon\"><i aria-hidden=\"true\" class=\"fas fa-arrow-right\"><\/i><\/div>\t\t\t\t\t\t\t\t\t\t\t\t\t\t\t\t\t\t\t\t\t<\/a>\n\t\t\t\t\t\t\t\t\t<\/div>\n\t\t\t\t\t\t\t\t<\/div>\n\t\t\t\t\t\t\t\t\t\t\t\t\t\t\t\t\t\t\t\t\t\t<figcaption>\n\t\t\t\t\t\t\t\t\t<div class=\"conter-wrap\">\n\t\t\t\t\t\t\t\t\t\t\t\t\t\t\t\t\t\t\t\t\t<span class=\"title\"> \t\t\t\t\t\t\t\t\t\t\t\t\t\t\t\t\t\t\t\t\t\t\t\t\t<a class=\"title-link\" href=\"https:\/\/visitgardaitaly.com\/relax\/passeggiate\/\">\n\t\t\t\t\t\t\t\t\t\t\t\t\t\t\t\t\t\t\t\t\t\t\t\t\tSpazierg\u00e4nge\t\t\t\t\t\t\t\t\t\t\t\t\t\t\t\t\t\t\t\t\t\t\t\t\t<\/a>\n\t\t\t\t\t\t\t\t\t\t\t\t\t\t\t\t\t\t\t\t\t\t\t<\/span>\n\t\t\t\t\t\t\t\t\t\t\t\t\t\t\t\t\t\t\t\t\t\t\t\t\t\t\t\t\t<\/div>\n\t\t\t\t\t\t\t\t<\/figcaption>\n\t\t\t\t\t\t\t\t\t\t\t\t\t<\/figure>\n\t\t\t\t\t<\/div>\n\t\t\t\t\t\t\t\t\t<\/div>\n\t\t\t\t<\/div>\n\t\t\t\t\t<\/div>\n\t\t<\/div>\n\t\t\t\t<div class=\" elementor-column elementor-col-33 elementor-top-column elementor-element elementor-element-4843c4d\" data-fullscreen-column-settings=\"{&quot;fullscreen&quot;:&quot;&quot;}\" data-id=\"4843c4d\" data-element_type=\"column\" data-e-type=\"column\">\n\t\t\t<div class=\"elementor-widget-wrap elementor-element-populated\">\n\t\t\t\t\t\t<div class=\"elementor-element elementor-element-b079d14 h-100 elementor-view-default elementor-widget elementor-widget-litho-fancy-text-box\" data-id=\"b079d14\" data-element_type=\"widget\" data-e-type=\"widget\" data-settings=\"{&quot;litho_fancy_text_box_styles&quot;:&quot;fancy-text-box-style-11&quot;}\" data-widget_type=\"litho-fancy-text-box.default\">\n\t\t\t\t<div class=\"elementor-widget-container\">\n\t\t\t\t\t\t\t\t\t\t<div class=\"fancy-text-box-wrapper fancy-text-box-style-11\">\n\t\t\t\t\t\t<figure>\n\t\t\t\t\t\t\t\t\t\t\t\t\t\t\t<div class=\"fancy-text-box-image\">\n\t\t\t\t\t\t\t\t\t<img decoding=\"async\" src=\"https:\/\/visitgardaitaly.com\/wp-content\/uploads\/2023\/11\/spiagge-garda-45-e1726930113750.jpg?wsr\" alt=\"spiagge-garda-45\"  srcset=\"https:\/\/visitgardaitaly.com\/wp-content\/uploads\/2023\/11\/spiagge-garda-45-e1726930113750.jpg 799w, https:\/\/visitgardaitaly.com\/wp-content\/uploads\/2023\/11\/spiagge-garda-45-e1726930113750-300x300.jpg 300w, https:\/\/visitgardaitaly.com\/wp-content\/uploads\/2023\/11\/spiagge-garda-45-e1726930113750-150x150.jpg 150w, https:\/\/visitgardaitaly.com\/wp-content\/uploads\/2023\/11\/spiagge-garda-45-e1726930113750-768x768.jpg 768w, https:\/\/visitgardaitaly.com\/wp-content\/uploads\/2023\/11\/spiagge-garda-45-e1726930113750-200x200.jpg 200w\" sizes=\"(max-width: 799px) 100vw, 799px\" \/>\t\t\t\t\t\t\t\t\t<div class=\"fancy-text-box-details align-items-center justify-content-center d-flex flex-column\">\n\t\t\t\t\t\t\t\t\t\t<a class=\"fancy-text-button d-flex align-items-center justify-content-center flex-column\" href=\"https:\/\/visitgardaitaly.com\/relax\/spiagge\/\">\n\t\t\t\t\t\t\t\t\t\t\t<div class=\"elementor-icon\"><i aria-hidden=\"true\" class=\"fas fa-arrow-right\"><\/i><\/div>\t\t\t\t\t\t\t\t\t\t\t\t\t\t\t\t\t\t\t\t\t<\/a>\n\t\t\t\t\t\t\t\t\t<\/div>\n\t\t\t\t\t\t\t\t<\/div>\n\t\t\t\t\t\t\t\t\t\t\t\t\t\t\t\t\t\t\t\t\t\t<figcaption>\n\t\t\t\t\t\t\t\t\t<div class=\"conter-wrap\">\n\t\t\t\t\t\t\t\t\t\t\t\t\t\t\t\t\t\t\t\t\t<span class=\"title\"> \t\t\t\t\t\t\t\t\t\t\t\t\t\t\t\t\t\t\t\t\t\t\t\t\t<a class=\"title-link\" href=\"https:\/\/visitgardaitaly.com\/relax\/spiagge\/\">\n\t\t\t\t\t\t\t\t\t\t\t\t\t\t\t\t\t\t\t\t\t\t\t\t\tStr\u00e4nde\t\t\t\t\t\t\t\t\t\t\t\t\t\t\t\t\t\t\t\t\t\t\t\t\t<\/a>\n\t\t\t\t\t\t\t\t\t\t\t\t\t\t\t\t\t\t\t\t\t\t\t<\/span>\n\t\t\t\t\t\t\t\t\t\t\t\t\t\t\t\t\t\t\t\t\t\t\t\t\t\t\t\t\t<\/div>\n\t\t\t\t\t\t\t\t<\/figcaption>\n\t\t\t\t\t\t\t\t\t\t\t\t\t<\/figure>\n\t\t\t\t\t<\/div>\n\t\t\t\t\t\t\t\t\t<\/div>\n\t\t\t\t<\/div>\n\t\t\t\t\t<\/div>\n\t\t<\/div>\n\t\t\t\t\t<\/div>\n\t\t<\/section>\n\t\t\t\t<section class=\"elementor-section elementor-top-section elementor-element elementor-element-8ead841 elementor-section-content-middle elementor-section-boxed elementor-section-height-default elementor-section-height-default\" data-id=\"8ead841\" data-element_type=\"section\" data-e-type=\"section\">\n\t\t\t\t\t\t<div class=\"elementor-container elementor-column-gap-default\">\n\t\t\t\t\t<div class=\" elementor-column elementor-col-50 elementor-top-column elementor-element elementor-element-6262efa\" data-fullscreen-column-settings=\"{&quot;fullscreen&quot;:&quot;&quot;}\" data-id=\"6262efa\" data-element_type=\"column\" data-e-type=\"column\">\n\t\t\t<div class=\"elementor-widget-wrap elementor-element-populated\">\n\t\t\t\t\t\t<div class=\"elementor-element elementor-element-ceb807b h-100 elementor-view-default elementor-widget elementor-widget-litho-fancy-text-box\" data-id=\"ceb807b\" data-element_type=\"widget\" data-e-type=\"widget\" data-settings=\"{&quot;litho_fancy_text_box_styles&quot;:&quot;fancy-text-box-style-11&quot;}\" data-widget_type=\"litho-fancy-text-box.default\">\n\t\t\t\t<div class=\"elementor-widget-container\">\n\t\t\t\t\t\t\t\t\t\t<div class=\"fancy-text-box-wrapper fancy-text-box-style-11\">\n\t\t\t\t\t\t<figure>\n\t\t\t\t\t\t\t\t\t\t\t\t\t\t\t<div class=\"fancy-text-box-image\">\n\t\t\t\t\t\t\t\t\t<img decoding=\"async\" src=\"https:\/\/visitgardaitaly.com\/wp-content\/uploads\/2023\/11\/gardaquaspa-56-e1726930227884.jpg?wsr\" alt=\"gardaquaspa-56\"  srcset=\"https:\/\/visitgardaitaly.com\/wp-content\/uploads\/2023\/11\/gardaquaspa-56-e1726930227884.jpg 600w, https:\/\/visitgardaitaly.com\/wp-content\/uploads\/2023\/11\/gardaquaspa-56-e1726930227884-300x300.jpg 300w, https:\/\/visitgardaitaly.com\/wp-content\/uploads\/2023\/11\/gardaquaspa-56-e1726930227884-150x150.jpg 150w, https:\/\/visitgardaitaly.com\/wp-content\/uploads\/2023\/11\/gardaquaspa-56-e1726930227884-200x200.jpg 200w\" sizes=\"(max-width: 600px) 100vw, 600px\" \/>\t\t\t\t\t\t\t\t\t<div class=\"fancy-text-box-details align-items-center justify-content-center d-flex flex-column\">\n\t\t\t\t\t\t\t\t\t\t<a class=\"fancy-text-button d-flex align-items-center justify-content-center flex-column\" href=\"https:\/\/visitgardaitaly.com\/relax\/spa\/\">\n\t\t\t\t\t\t\t\t\t\t\t<div class=\"elementor-icon\"><i aria-hidden=\"true\" class=\"fas fa-arrow-right\"><\/i><\/div>\t\t\t\t\t\t\t\t\t\t\t\t\t\t\t\t\t\t\t\t\t<\/a>\n\t\t\t\t\t\t\t\t\t<\/div>\n\t\t\t\t\t\t\t\t<\/div>\n\t\t\t\t\t\t\t\t\t\t\t\t\t\t\t\t\t\t\t\t\t\t<figcaption>\n\t\t\t\t\t\t\t\t\t<div class=\"conter-wrap\">\n\t\t\t\t\t\t\t\t\t\t\t\t\t\t\t\t\t\t\t\t\t<span class=\"title\"> \t\t\t\t\t\t\t\t\t\t\t\t\t\t\t\t\t\t\t\t\t\t\t\t\t<a class=\"title-link\" href=\"https:\/\/visitgardaitaly.com\/relax\/spa\/\">\n\t\t\t\t\t\t\t\t\t\t\t\t\t\t\t\t\t\t\t\t\t\t\t\t\tHeilbad\t\t\t\t\t\t\t\t\t\t\t\t\t\t\t\t\t\t\t\t\t\t\t\t\t<\/a>\n\t\t\t\t\t\t\t\t\t\t\t\t\t\t\t\t\t\t\t\t\t\t\t<\/span>\n\t\t\t\t\t\t\t\t\t\t\t\t\t\t\t\t\t\t\t\t\t\t\t\t\t\t\t\t\t<\/div>\n\t\t\t\t\t\t\t\t<\/figcaption>\n\t\t\t\t\t\t\t\t\t\t\t\t\t<\/figure>\n\t\t\t\t\t<\/div>\n\t\t\t\t\t\t\t\t\t<\/div>\n\t\t\t\t<\/div>\n\t\t\t\t\t<\/div>\n\t\t<\/div>\n\t\t\t\t<div class=\" elementor-column elementor-col-50 elementor-top-column elementor-element elementor-element-1511530\" data-fullscreen-column-settings=\"{&quot;fullscreen&quot;:&quot;&quot;}\" data-id=\"1511530\" data-element_type=\"column\" data-e-type=\"column\">\n\t\t\t<div class=\"elementor-widget-wrap elementor-element-populated\">\n\t\t\t\t\t\t<div class=\"elementor-element elementor-element-68de681 h-100 elementor-view-default elementor-widget elementor-widget-litho-fancy-text-box\" data-id=\"68de681\" data-element_type=\"widget\" data-e-type=\"widget\" data-settings=\"{&quot;litho_fancy_text_box_styles&quot;:&quot;fancy-text-box-style-11&quot;}\" data-widget_type=\"litho-fancy-text-box.default\">\n\t\t\t\t<div class=\"elementor-widget-container\">\n\t\t\t\t\t\t\t\t\t\t<div class=\"fancy-text-box-wrapper fancy-text-box-style-11\">\n\t\t\t\t\t\t<figure>\n\t\t\t\t\t\t\t\t\t\t\t\t\t\t\t<div class=\"fancy-text-box-image\">\n\t\t\t\t\t\t\t\t\t<img decoding=\"async\" src=\"https:\/\/visitgardaitaly.com\/wp-content\/uploads\/2024\/09\/Gustare-Garda-e-sorprendersi-scaled-e1727052407320.jpg?wsr\" alt=\"Gustare Garda e sorprendersi\"  srcset=\"https:\/\/visitgardaitaly.com\/wp-content\/uploads\/2024\/09\/Gustare-Garda-e-sorprendersi-scaled-e1727052407320.jpg 1706w, https:\/\/visitgardaitaly.com\/wp-content\/uploads\/2024\/09\/Gustare-Garda-e-sorprendersi-scaled-e1727052407320-300x300.jpg 300w, https:\/\/visitgardaitaly.com\/wp-content\/uploads\/2024\/09\/Gustare-Garda-e-sorprendersi-scaled-e1727052407320-1024x1024.jpg 1024w, https:\/\/visitgardaitaly.com\/wp-content\/uploads\/2024\/09\/Gustare-Garda-e-sorprendersi-scaled-e1727052407320-150x150.jpg 150w, https:\/\/visitgardaitaly.com\/wp-content\/uploads\/2024\/09\/Gustare-Garda-e-sorprendersi-scaled-e1727052407320-768x768.jpg 768w, https:\/\/visitgardaitaly.com\/wp-content\/uploads\/2024\/09\/Gustare-Garda-e-sorprendersi-scaled-e1727052407320-1536x1536.jpg 1536w, https:\/\/visitgardaitaly.com\/wp-content\/uploads\/2024\/09\/Gustare-Garda-e-sorprendersi-scaled-e1727052407320-200x200.jpg 200w, https:\/\/visitgardaitaly.com\/wp-content\/uploads\/2024\/09\/Gustare-Garda-e-sorprendersi-scaled-e1727052407320-1568x1568.jpg 1568w\" sizes=\"(max-width: 1706px) 100vw, 1706px\" \/>\t\t\t\t\t\t\t\t\t<div class=\"fancy-text-box-details align-items-center justify-content-center d-flex flex-column\">\n\t\t\t\t\t\t\t\t\t\t<a class=\"fancy-text-button d-flex align-items-center justify-content-center flex-column\" href=\"https:\/\/visitgardaitaly.com\/relax\/shopping\/\">\n\t\t\t\t\t\t\t\t\t\t\t<div class=\"elementor-icon\"><i aria-hidden=\"true\" class=\"fas fa-arrow-right\"><\/i><\/div>\t\t\t\t\t\t\t\t\t\t\t\t\t\t\t\t\t\t\t\t\t<\/a>\n\t\t\t\t\t\t\t\t\t<\/div>\n\t\t\t\t\t\t\t\t<\/div>\n\t\t\t\t\t\t\t\t\t\t\t\t\t\t\t\t\t\t\t\t\t\t<figcaption>\n\t\t\t\t\t\t\t\t\t<div class=\"conter-wrap\">\n\t\t\t\t\t\t\t\t\t\t\t\t\t\t\t\t\t\t\t\t\t<span class=\"title\"> \t\t\t\t\t\t\t\t\t\t\t\t\t\t\t\t\t\t\t\t\t\t\t\t\t<a class=\"title-link\" href=\"https:\/\/visitgardaitaly.com\/relax\/shopping\/\">\n\t\t\t\t\t\t\t\t\t\t\t\t\t\t\t\t\t\t\t\t\t\t\t\t\tEinkaufen\t\t\t\t\t\t\t\t\t\t\t\t\t\t\t\t\t\t\t\t\t\t\t\t\t<\/a>\n\t\t\t\t\t\t\t\t\t\t\t\t\t\t\t\t\t\t\t\t\t\t\t<\/span>\n\t\t\t\t\t\t\t\t\t\t\t\t\t\t\t\t\t\t\t\t\t\t\t\t\t\t\t\t\t<\/div>\n\t\t\t\t\t\t\t\t<\/figcaption>\n\t\t\t\t\t\t\t\t\t\t\t\t\t<\/figure>\n\t\t\t\t\t<\/div>\n\t\t\t\t\t\t\t\t\t<\/div>\n\t\t\t\t<\/div>\n\t\t\t\t\t<\/div>\n\t\t<\/div>\n\t\t\t\t\t<\/div>\n\t\t<\/section>\n\t\t\t\t<\/div>\n\t\t","protected":false},"excerpt":{"rendered":"<p>Live Garda langsam Entspannen Sie sich an den Str\u00e4nden, lassen Sie sich in einem Spa verj\u00fcngen und genie\u00dfen Sie Spazierg\u00e4nge in der Natur. Entdecken Sie das Einkaufen mit lokalen Produkten und Marken &#8222;Made in Italy&#8220;. Spazierg\u00e4nge Str\u00e4nde Heilbad Einkaufen<\/p>\n","protected":false},"author":1,"featured_media":0,"parent":0,"menu_order":9,"comment_status":"closed","ping_status":"closed","template":"","meta":{"footnotes":""},"class_list":["post-81807","page","type-page","status-publish","hentry"],"_links":{"self":[{"href":"https:\/\/visitgardaitaly.com\/de\/wp-json\/wp\/v2\/pages\/81807","targetHints":{"allow":["GET"]}}],"collection":[{"href":"https:\/\/visitgardaitaly.com\/de\/wp-json\/wp\/v2\/pages"}],"about":[{"href":"https:\/\/visitgardaitaly.com\/de\/wp-json\/wp\/v2\/types\/page"}],"author":[{"embeddable":true,"href":"https:\/\/visitgardaitaly.com\/de\/wp-json\/wp\/v2\/users\/1"}],"replies":[{"embeddable":true,"href":"https:\/\/visitgardaitaly.com\/de\/wp-json\/wp\/v2\/comments?post=81807"}],"version-history":[{"count":2,"href":"https:\/\/visitgardaitaly.com\/de\/wp-json\/wp\/v2\/pages\/81807\/revisions"}],"predecessor-version":[{"id":82109,"href":"https:\/\/visitgardaitaly.com\/de\/wp-json\/wp\/v2\/pages\/81807\/revisions\/82109"}],"wp:attachment":[{"href":"https:\/\/visitgardaitaly.com\/de\/wp-json\/wp\/v2\/media?parent=81807"}],"curies":[{"name":"wp","href":"https:\/\/api.w.org\/{rel}","templated":true}]}}