{"id":81803,"date":"2023-06-09T14:57:45","date_gmt":"2023-06-09T14:57:45","guid":{"rendered":"http:\/\/visitgarda.vanzotech.com\/aktivurlaub\/sup-kajak\/"},"modified":"2025-02-25T19:12:13","modified_gmt":"2025-02-25T19:12:13","slug":"sup-kajak","status":"publish","type":"page","link":"https:\/\/visitgardaitaly.com\/de\/aktivurlaub\/sup-kajak\/","title":{"rendered":"SUP &amp; Kajak"},"content":{"rendered":"\t\t<div data-elementor-type=\"wp-page\" data-elementor-id=\"81803\" class=\"elementor elementor-81803 elementor-77020\">\n\t\t\t\t\t\t<section class=\"elementor-section elementor-top-section elementor-element elementor-element-246486eb elementor-section-content-middle elementor-hidden-tablet elementor-hidden-mobile elementor-section-boxed elementor-section-height-default elementor-section-height-default\" data-id=\"246486eb\" data-element_type=\"section\" data-e-type=\"section\" id=\"about\" data-settings=\"{&quot;background_background&quot;:&quot;classic&quot;}\">\n\t\t\t\t\t\t<div class=\"elementor-container elementor-column-gap-default\">\n\t\t\t\t\t<div class=\" elementor-column elementor-col-50 elementor-top-column elementor-element elementor-element-2906357 elementor-invisible\" data-fullscreen-column-settings=\"{&quot;fullscreen&quot;:&quot;&quot;}\" data-id=\"2906357\" data-element_type=\"column\" data-e-type=\"column\" data-settings=\"{&quot;animation&quot;:&quot;fadeIn&quot;,&quot;animation_delay&quot;:200}\">\n\t\t\t<div class=\"elementor-widget-wrap elementor-element-populated\">\n\t\t\t\t\t\t<div class=\"elementor-element elementor-element-9fedec5 elementor-widget elementor-widget-image\" data-id=\"9fedec5\" data-element_type=\"widget\" data-e-type=\"widget\" data-widget_type=\"image.default\">\n\t\t\t\t<div class=\"elementor-widget-container\">\n\t\t\t\t\t\t\t\t\t\t\t\t\t\t\t<img fetchpriority=\"high\" decoding=\"async\" width=\"600\" height=\"400\" src=\"https:\/\/visitgardaitaly.com\/wp-content\/uploads\/2024\/10\/1\u00b0_sup-garda.jpg\" class=\"attachment-full size-full wp-image-81671\" alt=\"\" srcset=\"https:\/\/visitgardaitaly.com\/wp-content\/uploads\/2024\/10\/1\u00b0_sup-garda.jpg 600w, https:\/\/visitgardaitaly.com\/wp-content\/uploads\/2024\/10\/1\u00b0_sup-garda-300x200.jpg 300w, https:\/\/visitgardaitaly.com\/wp-content\/uploads\/2024\/10\/1\u00b0_sup-garda-200x133.jpg 200w\" sizes=\"(max-width: 600px) 100vw, 600px\" \/>\t\t\t\t\t\t\t\t\t\t\t\t\t\t\t<\/div>\n\t\t\t\t<\/div>\n\t\t\t\t\t<\/div>\n\t\t<\/div>\n\t\t\t\t<div class=\" elementor-column elementor-col-50 elementor-top-column elementor-element elementor-element-6cff32c7\" data-fullscreen-column-settings=\"{&quot;fullscreen&quot;:&quot;&quot;}\" data-id=\"6cff32c7\" data-element_type=\"column\" data-e-type=\"column\">\n\t\t\t<div class=\"elementor-widget-wrap elementor-element-populated\">\n\t\t\t\t\t\t<div class=\"elementor-element elementor-element-5a4b974 elementor-invisible elementor-widget elementor-widget-litho-heading\" data-id=\"5a4b974\" data-element_type=\"widget\" data-e-type=\"widget\" data-settings=\"{&quot;_animation&quot;:&quot;fadeIn&quot;}\" data-widget_type=\"litho-heading.default\">\n\t\t\t\t<div class=\"elementor-widget-container\">\n\t\t\t\t\t<h4 class=\"litho-heading elementor-size-default\"><span class=\"litho-primary-title\">SUP<\/span><\/h4>\t\t\t\t<\/div>\n\t\t\t\t<\/div>\n\t\t\t\t<div class=\"elementor-element elementor-element-558443cb elementor-widget__width-initial elementor-widget-tablet__width-inherit elementor-widget elementor-widget-text-editor\" data-id=\"558443cb\" data-element_type=\"widget\" data-e-type=\"widget\" data-widget_type=\"text-editor.default\">\n\t\t\t\t<div class=\"elementor-widget-container\">\n\t\t\t\t\t\t\t\t\t<p>Stand up Paddle! Wasser und Sonne, Brise und Aussicht&#8230; Der See ist der perfekte Ort, um sich von den Wellen wiegen zu lassen und das Gef\u00fchl zu genie\u00dfen, auf dem Blau zu gleiten. Das Paddeln im Stehen auf einem langen, stabilen Brett ist eine einfache, uralte Geste, die seit jeher auf den Fl\u00fcssen, Seen und Meeren der Welt praktiziert wird. Heute ist es die perfekte M\u00f6glichkeit, inmitten des Sees die Empfindungen wiederzuerlangen, die wir auf einem Fahrrad oder w\u00e4hrend einer aufregenden Wanderung erleben. Ob entspannend oder adrenalinf\u00f6rdernd, SUP ist ein intensives Erlebnis am Gardasee. F\u00fcr Ihre ersten Erfahrungen oder \u00dcbungen w\u00e4hlen Sie den Strand von Al Corno, wo Sie einen kostenlosen Ausflug machen k\u00f6nnen, oder verlassen Sie sich auf die Schule, die Ihnen die richtigen Ratschl\u00e4ge f\u00fcr die ersten Schritte geben wird.<\/p>\t\t\t\t\t\t\t\t<\/div>\n\t\t\t\t<\/div>\n\t\t\t\t\t<\/div>\n\t\t<\/div>\n\t\t\t\t\t<\/div>\n\t\t<\/section>\n\t\t\t\t<section class=\"elementor-section elementor-top-section elementor-element elementor-element-b99dc23 elementor-section-content-middle elementor-hidden-desktop elementor-section-boxed elementor-section-height-default elementor-section-height-default\" data-id=\"b99dc23\" data-element_type=\"section\" data-e-type=\"section\" data-settings=\"{&quot;background_background&quot;:&quot;classic&quot;}\">\n\t\t\t\t\t\t<div class=\"elementor-container elementor-column-gap-default\">\n\t\t\t\t\t<div class=\" elementor-column elementor-col-50 elementor-top-column elementor-element elementor-element-07ebb51\" data-fullscreen-column-settings=\"{&quot;fullscreen&quot;:&quot;&quot;}\" data-id=\"07ebb51\" data-element_type=\"column\" data-e-type=\"column\">\n\t\t\t<div class=\"elementor-widget-wrap elementor-element-populated\">\n\t\t\t\t\t\t<div class=\"elementor-element elementor-element-832b7af elementor-invisible elementor-widget elementor-widget-litho-heading\" data-id=\"832b7af\" data-element_type=\"widget\" data-e-type=\"widget\" data-settings=\"{&quot;_animation&quot;:&quot;fadeIn&quot;}\" data-widget_type=\"litho-heading.default\">\n\t\t\t\t<div class=\"elementor-widget-container\">\n\t\t\t\t\t<h4 class=\"litho-heading elementor-size-default\"><span class=\"litho-primary-title\">SUP<\/span><\/h4>\t\t\t\t<\/div>\n\t\t\t\t<\/div>\n\t\t\t\t<div class=\"elementor-element elementor-element-0bef0b1 elementor-widget__width-initial elementor-widget-tablet__width-inherit elementor-widget elementor-widget-text-editor\" data-id=\"0bef0b1\" data-element_type=\"widget\" data-e-type=\"widget\" data-widget_type=\"text-editor.default\">\n\t\t\t\t<div class=\"elementor-widget-container\">\n\t\t\t\t\t\t\t\t\tStand up Paddle! Wasser und Sonne, Brise und Aussicht&#8230; Der See ist der perfekte Ort, um sich von den Wellen wiegen zu lassen und das Gef\u00fchl zu genie\u00dfen, auf dem Blau zu gleiten. Das Paddeln im Stehen auf einem langen, stabilen Brett ist eine einfache, uralte Geste, die seit jeher auf den Fl\u00fcssen, Seen und Meeren der Welt praktiziert wird. Heute ist es die perfekte M\u00f6glichkeit, inmitten des Sees die Empfindungen wiederzuerlangen, die wir auf einem Fahrrad oder w\u00e4hrend einer aufregenden Wanderung erleben. Ob entspannend oder adrenalinf\u00f6rdernd, SUP ist ein intensives Erlebnis am Gardasee. F\u00fcr Ihre ersten Erfahrungen oder \u00dcbungen k\u00f6nnen Sie den Strand von Al Corno w\u00e4hlen, wo Sie einen kostenlosen Ausflug machen k\u00f6nnen, oder Sie verlassen sich auf die Schule, die Ihnen die richtigen Tipps f\u00fcr den Ausstieg gibt.\t\t\t\t\t\t\t\t<\/div>\n\t\t\t\t<\/div>\n\t\t\t\t\t<\/div>\n\t\t<\/div>\n\t\t\t\t<div class=\" elementor-column elementor-col-50 elementor-top-column elementor-element elementor-element-7785816 elementor-invisible\" data-fullscreen-column-settings=\"{&quot;fullscreen&quot;:&quot;&quot;}\" data-id=\"7785816\" data-element_type=\"column\" data-e-type=\"column\" data-settings=\"{&quot;animation&quot;:&quot;fadeIn&quot;,&quot;animation_delay&quot;:200}\">\n\t\t\t<div class=\"elementor-widget-wrap elementor-element-populated\">\n\t\t\t\t\t\t<div class=\"elementor-element elementor-element-f8797c6 elementor-widget elementor-widget-image\" data-id=\"f8797c6\" data-element_type=\"widget\" data-e-type=\"widget\" data-widget_type=\"image.default\">\n\t\t\t\t<div class=\"elementor-widget-container\">\n\t\t\t\t\t\t\t\t\t\t\t\t\t\t\t<img decoding=\"async\" width=\"600\" height=\"765\" src=\"https:\/\/visitgardaitaly.com\/wp-content\/uploads\/2023\/11\/sup-garda-45-1.jpg\" class=\"attachment-full size-full wp-image-81142\" alt=\"\" srcset=\"https:\/\/visitgardaitaly.com\/wp-content\/uploads\/2023\/11\/sup-garda-45-1.jpg 600w, https:\/\/visitgardaitaly.com\/wp-content\/uploads\/2023\/11\/sup-garda-45-1-235x300.jpg 235w, https:\/\/visitgardaitaly.com\/wp-content\/uploads\/2023\/11\/sup-garda-45-1-200x255.jpg 200w\" sizes=\"(max-width: 600px) 100vw, 600px\" \/>\t\t\t\t\t\t\t\t\t\t\t\t\t\t\t<\/div>\n\t\t\t\t<\/div>\n\t\t\t\t\t<\/div>\n\t\t<\/div>\n\t\t\t\t\t<\/div>\n\t\t<\/section>\n\t\t\t\t<section class=\"elementor-section elementor-top-section elementor-element elementor-element-cbf8a2d elementor-section-content-middle elementor-section-boxed elementor-section-height-default elementor-section-height-default\" data-id=\"cbf8a2d\" data-element_type=\"section\" data-e-type=\"section\" data-settings=\"{&quot;background_background&quot;:&quot;classic&quot;}\">\n\t\t\t\t\t\t<div class=\"elementor-container elementor-column-gap-default\">\n\t\t\t\t\t<div class=\" elementor-column elementor-col-50 elementor-top-column elementor-element elementor-element-8202335\" data-fullscreen-column-settings=\"{&quot;fullscreen&quot;:&quot;&quot;}\" data-id=\"8202335\" data-element_type=\"column\" data-e-type=\"column\">\n\t\t\t<div class=\"elementor-widget-wrap elementor-element-populated\">\n\t\t\t\t\t\t<div class=\"elementor-element elementor-element-9db633d elementor-invisible elementor-widget elementor-widget-litho-heading\" data-id=\"9db633d\" data-element_type=\"widget\" data-e-type=\"widget\" data-settings=\"{&quot;_animation&quot;:&quot;fadeIn&quot;}\" data-widget_type=\"litho-heading.default\">\n\t\t\t\t<div class=\"elementor-widget-container\">\n\t\t\t\t\t<h4 class=\"litho-heading elementor-size-default\"><span class=\"litho-primary-title\">KAYAK<\/span><\/h4>\t\t\t\t<\/div>\n\t\t\t\t<\/div>\n\t\t\t\t<div class=\"elementor-element elementor-element-c87420a elementor-widget__width-initial elementor-widget-tablet__width-inherit elementor-widget elementor-widget-text-editor\" data-id=\"c87420a\" data-element_type=\"widget\" data-e-type=\"widget\" data-widget_type=\"text-editor.default\">\n\t\t\t\t<div class=\"elementor-widget-container\">\n\t\t\t\t\t\t\t\t\t<p>Ziehen Sie es vor, \u00fcber dem Wasser zu sitzen? Es gibt immer Kanus und Kajaks, eine Garantie f\u00fcr Spa\u00df und die Entdeckung von Str\u00e4nden und Buchten, wo man anlanden und sich erholen kann. Und wenn Sie keine eigene Ausr\u00fcstung haben, k\u00f6nnen Sie die Dienste der Lega Navale Italiana Sezione Garda in Anspruch nehmen, eine Garantie f\u00fcr Sicherheit und Professionalit\u00e4t.<\/p>\t\t\t\t\t\t\t\t<\/div>\n\t\t\t\t<\/div>\n\t\t\t\t\t<\/div>\n\t\t<\/div>\n\t\t\t\t<div class=\" elementor-column elementor-col-50 elementor-top-column elementor-element elementor-element-c965f83 elementor-invisible\" data-fullscreen-column-settings=\"{&quot;fullscreen&quot;:&quot;&quot;}\" data-id=\"c965f83\" data-element_type=\"column\" data-e-type=\"column\" data-settings=\"{&quot;animation&quot;:&quot;fadeIn&quot;,&quot;animation_delay&quot;:200}\">\n\t\t\t<div class=\"elementor-widget-wrap elementor-element-populated\">\n\t\t\t\t\t\t<div class=\"elementor-element elementor-element-3772926 elementor-widget elementor-widget-image\" data-id=\"3772926\" data-element_type=\"widget\" data-e-type=\"widget\" data-widget_type=\"image.default\">\n\t\t\t\t<div class=\"elementor-widget-container\">\n\t\t\t\t\t\t\t\t\t\t\t\t\t\t\t<img decoding=\"async\" width=\"600\" height=\"400\" src=\"https:\/\/visitgardaitaly.com\/wp-content\/uploads\/2024\/10\/2\u00b0_kayak-garda.jpg\" class=\"attachment-full size-full wp-image-81673\" alt=\"\" srcset=\"https:\/\/visitgardaitaly.com\/wp-content\/uploads\/2024\/10\/2\u00b0_kayak-garda.jpg 600w, https:\/\/visitgardaitaly.com\/wp-content\/uploads\/2024\/10\/2\u00b0_kayak-garda-300x200.jpg 300w, https:\/\/visitgardaitaly.com\/wp-content\/uploads\/2024\/10\/2\u00b0_kayak-garda-200x133.jpg 200w\" sizes=\"(max-width: 600px) 100vw, 600px\" \/>\t\t\t\t\t\t\t\t\t\t\t\t\t\t\t<\/div>\n\t\t\t\t<\/div>\n\t\t\t\t\t<\/div>\n\t\t<\/div>\n\t\t\t\t\t<\/div>\n\t\t<\/section>\n\t\t\t\t<section class=\"elementor-section elementor-top-section elementor-element elementor-element-c0e71e8 elementor-section-boxed elementor-section-height-default elementor-section-height-default\" data-id=\"c0e71e8\" data-element_type=\"section\" data-e-type=\"section\">\n\t\t\t\t\t\t<div class=\"elementor-container elementor-column-gap-default\">\n\t\t\t\t\t<div class=\" elementor-column elementor-col-100 elementor-top-column elementor-element elementor-element-3b45819\" data-fullscreen-column-settings=\"{&quot;fullscreen&quot;:&quot;&quot;}\" data-id=\"3b45819\" data-element_type=\"column\" data-e-type=\"column\">\n\t\t\t<div class=\"elementor-widget-wrap elementor-element-populated\">\n\t\t\t\t\t\t<section class=\"elementor-section elementor-inner-section elementor-element elementor-element-b251de3 elementor-section-boxed elementor-section-height-default elementor-section-height-default\" data-id=\"b251de3\" data-element_type=\"section\" data-e-type=\"section\">\n\t\t\t\t\t\t<div class=\"elementor-container elementor-column-gap-default\">\n\t\t\t\t\t<div class=\" elementor-column elementor-col-100 elementor-inner-column elementor-element elementor-element-a89d8c5 elementor-invisible\" data-fullscreen-column-settings=\"{&quot;fullscreen&quot;:&quot;&quot;}\" data-id=\"a89d8c5\" data-element_type=\"column\" data-e-type=\"column\" data-settings=\"{&quot;animation&quot;:&quot;fadeIn&quot;,&quot;animation_delay&quot;:200}\">\n\t\t\t<div class=\"elementor-widget-wrap elementor-element-populated\">\n\t\t\t\t\t\t<div class=\"elementor-element elementor-element-0d13518 elementor-widget elementor-widget-litho-heading\" data-id=\"0d13518\" data-element_type=\"widget\" data-e-type=\"widget\" data-widget_type=\"litho-heading.default\">\n\t\t\t\t<div class=\"elementor-widget-container\">\n\t\t\t\t\t<h5 class=\"litho-heading elementor-size-default\"><span class=\"litho-primary-title\">Entdecken Sie alle unumg\u00e4nglichen Aktivit\u00e4ten am Gardasee<\/span><\/h5>\t\t\t\t<\/div>\n\t\t\t\t<\/div>\n\t\t\t\t\t<\/div>\n\t\t<\/div>\n\t\t\t\t\t<\/div>\n\t\t<\/section>\n\t\t\t\t\t<\/div>\n\t\t<\/div>\n\t\t\t\t\t<\/div>\n\t\t<\/section>\n\t\t\t\t<section class=\"elementor-section elementor-top-section elementor-element elementor-element-0874975 elementor-section-boxed elementor-section-height-default elementor-section-height-default\" data-id=\"0874975\" data-element_type=\"section\" data-e-type=\"section\">\n\t\t\t\t\t\t<div class=\"elementor-container elementor-column-gap-default\">\n\t\t\t\t\t<div class=\" elementor-column elementor-col-100 elementor-top-column elementor-element elementor-element-9d9a809\" data-fullscreen-column-settings=\"{&quot;fullscreen&quot;:&quot;&quot;}\" data-id=\"9d9a809\" data-element_type=\"column\" data-e-type=\"column\">\n\t\t\t<div class=\"elementor-widget-wrap elementor-element-populated\">\n\t\t\t\t\t\t<section class=\"elementor-section elementor-inner-section elementor-element elementor-element-e5ad7ad elementor-section-boxed elementor-section-height-default elementor-section-height-default\" data-id=\"e5ad7ad\" data-element_type=\"section\" data-e-type=\"section\" data-settings=\"{&quot;animation&quot;:&quot;none&quot;}\">\n\t\t\t\t\t\t<div class=\"elementor-container elementor-column-gap-default\">\n\t\t\t\t\t<div class=\" elementor-column elementor-col-25 elementor-inner-column elementor-element elementor-element-c4f496e elementor-invisible\" data-fullscreen-column-settings=\"{&quot;fullscreen&quot;:&quot;&quot;}\" data-id=\"c4f496e\" data-element_type=\"column\" data-e-type=\"column\" data-settings=\"{&quot;animation&quot;:&quot;fadeIn&quot;,&quot;animation_delay&quot;:200}\">\n\t\t\t<div class=\"elementor-widget-wrap elementor-element-populated\">\n\t\t\t\t\t\t<div class=\"elementor-element elementor-element-c277845 text-center elementor-widget__width-inherit elementor-widget elementor-widget-litho-feature-box\" data-id=\"c277845\" data-element_type=\"widget\" data-e-type=\"widget\" data-settings=\"{&quot;litho_feature_box_styles&quot;:&quot;icon-text-style-1&quot;}\" data-widget_type=\"litho-feature-box.default\">\n\t\t\t\t<div class=\"elementor-widget-container\">\n\t\t\t\t\t\t\t\t\t\t<div class=\"feature-box icon-text-style-1\"><div class=\"elementor-icon\"><img decoding=\"async\" src=\"https:\/\/visitgardaitaly.com\/wp-content\/uploads\/2024\/10\/CICLISMO-150x150.png?wsr\" alt=\"CICLISMO\"  srcset=\"https:\/\/visitgardaitaly.com\/wp-content\/uploads\/2024\/10\/CICLISMO-150x150.png 150w, https:\/\/visitgardaitaly.com\/wp-content\/uploads\/2024\/10\/CICLISMO-300x300.png 300w, https:\/\/visitgardaitaly.com\/wp-content\/uploads\/2024\/10\/CICLISMO-1024x1021.png 1024w, https:\/\/visitgardaitaly.com\/wp-content\/uploads\/2024\/10\/CICLISMO-768x766.png 768w, https:\/\/visitgardaitaly.com\/wp-content\/uploads\/2024\/10\/CICLISMO-200x199.png 200w, https:\/\/visitgardaitaly.com\/wp-content\/uploads\/2024\/10\/CICLISMO.png 1299w\" sizes=\"(max-width: 150px) 100vw, 150px\" \/><\/div><div class=\"feature-box-content\"><span class=\"title\">Radfahren<\/span><div class=\"elementor-button-wrapper\">\n\t\t\t\t\t\t\t\t\t\t<a href=\"https:\/\/visitgardaitaly.com\/vacanza-attiva\/ciclismo\/\" class=\"elementor-button-link elementor-button \" role=\"button\">\n\t\t\t\t\t\t\t\t\t\t\t<span class=\"elementor-button-content-wrapper\"><span class=\"elementor-button-text\">Weitere Informationen<\/span>\n\t\t\t\t\t\t\t\t\t\t\t<\/span>\n\t\t\t\t\t\t\t\t\t\t<\/a>\n\t\t\t\t\t\t\t\t\t<\/div>\t\t\t\t\t\t\t<\/div>\n\t\t\t\t\t\t\t\t\t\t\t\t<\/div>\n\t\t\t\t\t\t\t\t\t<\/div>\n\t\t\t\t<\/div>\n\t\t\t\t\t<\/div>\n\t\t<\/div>\n\t\t\t\t<div class=\" elementor-column elementor-col-25 elementor-inner-column elementor-element elementor-element-8134d8c elementor-invisible\" data-fullscreen-column-settings=\"{&quot;fullscreen&quot;:&quot;&quot;}\" data-id=\"8134d8c\" data-element_type=\"column\" data-e-type=\"column\" data-settings=\"{&quot;animation&quot;:&quot;fadeIn&quot;,&quot;animation_delay&quot;:200}\">\n\t\t\t<div class=\"elementor-widget-wrap elementor-element-populated\">\n\t\t\t\t\t\t<div class=\"elementor-element elementor-element-8fb39be text-center elementor-widget__width-inherit elementor-widget elementor-widget-litho-feature-box\" data-id=\"8fb39be\" data-element_type=\"widget\" data-e-type=\"widget\" data-settings=\"{&quot;litho_feature_box_styles&quot;:&quot;icon-text-style-1&quot;}\" data-widget_type=\"litho-feature-box.default\">\n\t\t\t\t<div class=\"elementor-widget-container\">\n\t\t\t\t\t\t\t\t\t\t<div class=\"feature-box icon-text-style-1\"><div class=\"elementor-icon\"><img decoding=\"async\" src=\"https:\/\/visitgardaitaly.com\/wp-content\/uploads\/2024\/10\/A-PIEDI-150x150.png?wsr\" alt=\"A PIEDI\"  srcset=\"https:\/\/visitgardaitaly.com\/wp-content\/uploads\/2024\/10\/A-PIEDI-150x150.png 150w, https:\/\/visitgardaitaly.com\/wp-content\/uploads\/2024\/10\/A-PIEDI-300x300.png 300w, https:\/\/visitgardaitaly.com\/wp-content\/uploads\/2024\/10\/A-PIEDI-1024x1024.png 1024w, https:\/\/visitgardaitaly.com\/wp-content\/uploads\/2024\/10\/A-PIEDI-768x768.png 768w, https:\/\/visitgardaitaly.com\/wp-content\/uploads\/2024\/10\/A-PIEDI-1536x1536.png 1536w, https:\/\/visitgardaitaly.com\/wp-content\/uploads\/2024\/10\/A-PIEDI-2048x2048.png 2048w, https:\/\/visitgardaitaly.com\/wp-content\/uploads\/2024\/10\/A-PIEDI-200x200.png 200w, https:\/\/visitgardaitaly.com\/wp-content\/uploads\/2024\/10\/A-PIEDI-1568x1568.png 1568w\" sizes=\"(max-width: 150px) 100vw, 150px\" \/><\/div><div class=\"feature-box-content\"><span class=\"title\">Zu Fu\u00df<\/span><div class=\"elementor-button-wrapper\">\n\t\t\t\t\t\t\t\t\t\t<a href=\"https:\/\/visitgardaitaly.com\/vacanza-attiva\/a-piedi\/\" class=\"elementor-button-link elementor-button \" role=\"button\">\n\t\t\t\t\t\t\t\t\t\t\t<span class=\"elementor-button-content-wrapper\"><span class=\"elementor-button-text\">Weitere Informationen<\/span>\n\t\t\t\t\t\t\t\t\t\t\t<\/span>\n\t\t\t\t\t\t\t\t\t\t<\/a>\n\t\t\t\t\t\t\t\t\t<\/div>\t\t\t\t\t\t\t<\/div>\n\t\t\t\t\t\t\t\t\t\t\t\t<\/div>\n\t\t\t\t\t\t\t\t\t<\/div>\n\t\t\t\t<\/div>\n\t\t\t\t\t<\/div>\n\t\t<\/div>\n\t\t\t\t<div class=\" elementor-column elementor-col-25 elementor-inner-column elementor-element elementor-element-1a5d9e7 elementor-invisible\" data-fullscreen-column-settings=\"{&quot;fullscreen&quot;:&quot;&quot;}\" data-id=\"1a5d9e7\" data-element_type=\"column\" data-e-type=\"column\" data-settings=\"{&quot;animation&quot;:&quot;fadeIn&quot;,&quot;animation_delay&quot;:600}\">\n\t\t\t<div class=\"elementor-widget-wrap elementor-element-populated\">\n\t\t\t\t\t\t<div class=\"elementor-element elementor-element-34588e0 text-center elementor-widget__width-inherit elementor-widget elementor-widget-litho-feature-box\" data-id=\"34588e0\" data-element_type=\"widget\" data-e-type=\"widget\" data-settings=\"{&quot;litho_feature_box_styles&quot;:&quot;icon-text-style-1&quot;}\" data-widget_type=\"litho-feature-box.default\">\n\t\t\t\t<div class=\"elementor-widget-container\">\n\t\t\t\t\t\t\t\t\t\t<div class=\"feature-box icon-text-style-1\"><div class=\"elementor-icon\"><img decoding=\"async\" src=\"https:\/\/visitgardaitaly.com\/wp-content\/uploads\/2024\/10\/GOLF-150x150.png?wsr\" alt=\"GOLF\"  srcset=\"https:\/\/visitgardaitaly.com\/wp-content\/uploads\/2024\/10\/GOLF-150x150.png 150w, https:\/\/visitgardaitaly.com\/wp-content\/uploads\/2024\/10\/GOLF-300x300.png 300w, https:\/\/visitgardaitaly.com\/wp-content\/uploads\/2024\/10\/GOLF-1024x1024.png 1024w, https:\/\/visitgardaitaly.com\/wp-content\/uploads\/2024\/10\/GOLF-768x768.png 768w, https:\/\/visitgardaitaly.com\/wp-content\/uploads\/2024\/10\/GOLF-1536x1536.png 1536w, https:\/\/visitgardaitaly.com\/wp-content\/uploads\/2024\/10\/GOLF-2048x2048.png 2048w, https:\/\/visitgardaitaly.com\/wp-content\/uploads\/2024\/10\/GOLF-200x200.png 200w, https:\/\/visitgardaitaly.com\/wp-content\/uploads\/2024\/10\/GOLF-1568x1568.png 1568w\" sizes=\"(max-width: 150px) 100vw, 150px\" \/><\/div><div class=\"feature-box-content\"><span class=\"title\">Golf<\/span><div class=\"elementor-button-wrapper\">\n\t\t\t\t\t\t\t\t\t\t<a href=\"https:\/\/visitgardaitaly.com\/vacanza-attiva\/golf\/\" class=\"elementor-button-link elementor-button \" role=\"button\">\n\t\t\t\t\t\t\t\t\t\t\t<span class=\"elementor-button-content-wrapper\"><span class=\"elementor-button-text\">Weitere Informationen<\/span>\n\t\t\t\t\t\t\t\t\t\t\t<\/span>\n\t\t\t\t\t\t\t\t\t\t<\/a>\n\t\t\t\t\t\t\t\t\t<\/div>\t\t\t\t\t\t\t<\/div>\n\t\t\t\t\t\t\t\t\t\t\t\t<\/div>\n\t\t\t\t\t\t\t\t\t<\/div>\n\t\t\t\t<\/div>\n\t\t\t\t\t<\/div>\n\t\t<\/div>\n\t\t\t\t<div class=\" elementor-column elementor-col-25 elementor-inner-column elementor-element elementor-element-463d165 elementor-invisible\" data-fullscreen-column-settings=\"{&quot;fullscreen&quot;:&quot;&quot;}\" data-id=\"463d165\" data-element_type=\"column\" data-e-type=\"column\" data-settings=\"{&quot;animation&quot;:&quot;fadeIn&quot;,&quot;animation_delay&quot;:400}\">\n\t\t\t<div class=\"elementor-widget-wrap elementor-element-populated\">\n\t\t\t\t\t\t<div class=\"elementor-element elementor-element-177d8d3 text-center elementor-widget__width-inherit elementor-widget elementor-widget-litho-feature-box\" data-id=\"177d8d3\" data-element_type=\"widget\" data-e-type=\"widget\" data-settings=\"{&quot;litho_feature_box_styles&quot;:&quot;icon-text-style-1&quot;}\" data-widget_type=\"litho-feature-box.default\">\n\t\t\t\t<div class=\"elementor-widget-container\">\n\t\t\t\t\t\t\t\t\t\t<div class=\"feature-box icon-text-style-1\"><div class=\"elementor-icon\"><img decoding=\"async\" src=\"https:\/\/visitgardaitaly.com\/wp-content\/uploads\/2024\/10\/VELA-150x150.png?wsr\" alt=\"VELA\"  srcset=\"https:\/\/visitgardaitaly.com\/wp-content\/uploads\/2024\/10\/VELA-150x150.png 150w, https:\/\/visitgardaitaly.com\/wp-content\/uploads\/2024\/10\/VELA-298x300.png 298w, https:\/\/visitgardaitaly.com\/wp-content\/uploads\/2024\/10\/VELA-1019x1024.png 1019w, https:\/\/visitgardaitaly.com\/wp-content\/uploads\/2024\/10\/VELA-768x772.png 768w, https:\/\/visitgardaitaly.com\/wp-content\/uploads\/2024\/10\/VELA-1528x1536.png 1528w, https:\/\/visitgardaitaly.com\/wp-content\/uploads\/2024\/10\/VELA-2038x2048.png 2038w, https:\/\/visitgardaitaly.com\/wp-content\/uploads\/2024\/10\/VELA-200x201.png 200w, https:\/\/visitgardaitaly.com\/wp-content\/uploads\/2024\/10\/VELA-1568x1576.png 1568w\" sizes=\"(max-width: 150px) 100vw, 150px\" \/><\/div><div class=\"feature-box-content\"><span class=\"title\">Segeln<\/span><div class=\"elementor-button-wrapper\">\n\t\t\t\t\t\t\t\t\t\t<a href=\"https:\/\/visitgardaitaly.com\/vacanza-attiva\/vela\/\" class=\"elementor-button-link elementor-button \" role=\"button\">\n\t\t\t\t\t\t\t\t\t\t\t<span class=\"elementor-button-content-wrapper\"><span class=\"elementor-button-text\">Weitere Informationen<\/span>\n\t\t\t\t\t\t\t\t\t\t\t<\/span>\n\t\t\t\t\t\t\t\t\t\t<\/a>\n\t\t\t\t\t\t\t\t\t<\/div>\t\t\t\t\t\t\t<\/div>\n\t\t\t\t\t\t\t\t\t\t\t\t<\/div>\n\t\t\t\t\t\t\t\t\t<\/div>\n\t\t\t\t<\/div>\n\t\t\t\t\t<\/div>\n\t\t<\/div>\n\t\t\t\t\t<\/div>\n\t\t<\/section>\n\t\t\t\t\t<\/div>\n\t\t<\/div>\n\t\t\t\t\t<\/div>\n\t\t<\/section>\n\t\t\t\t<\/div>\n\t\t","protected":false},"excerpt":{"rendered":"<p>SUP Stand up Paddle! Wasser und Sonne, Brise und Aussicht&#8230; Der See ist der perfekte Ort, um sich von den Wellen wiegen zu lassen und das Gef\u00fchl zu genie\u00dfen, auf dem Blau zu gleiten. Das Paddeln im Stehen auf einem langen, stabilen Brett ist eine einfache, uralte Geste, die seit jeher auf den Fl\u00fcssen, Seen [&hellip;]<\/p>\n","protected":false},"author":1,"featured_media":0,"parent":81783,"menu_order":9,"comment_status":"closed","ping_status":"closed","template":"","meta":{"footnotes":""},"class_list":["post-81803","page","type-page","status-publish","hentry"],"_links":{"self":[{"href":"https:\/\/visitgardaitaly.com\/de\/wp-json\/wp\/v2\/pages\/81803","targetHints":{"allow":["GET"]}}],"collection":[{"href":"https:\/\/visitgardaitaly.com\/de\/wp-json\/wp\/v2\/pages"}],"about":[{"href":"https:\/\/visitgardaitaly.com\/de\/wp-json\/wp\/v2\/types\/page"}],"author":[{"embeddable":true,"href":"https:\/\/visitgardaitaly.com\/de\/wp-json\/wp\/v2\/users\/1"}],"replies":[{"embeddable":true,"href":"https:\/\/visitgardaitaly.com\/de\/wp-json\/wp\/v2\/comments?post=81803"}],"version-history":[{"count":1,"href":"https:\/\/visitgardaitaly.com\/de\/wp-json\/wp\/v2\/pages\/81803\/revisions"}],"predecessor-version":[{"id":81804,"href":"https:\/\/visitgardaitaly.com\/de\/wp-json\/wp\/v2\/pages\/81803\/revisions\/81804"}],"up":[{"embeddable":true,"href":"https:\/\/visitgardaitaly.com\/de\/wp-json\/wp\/v2\/pages\/81783"}],"wp:attachment":[{"href":"https:\/\/visitgardaitaly.com\/de\/wp-json\/wp\/v2\/media?parent=81803"}],"curies":[{"name":"wp","href":"https:\/\/api.w.org\/{rel}","templated":true}]}}