{"id":81797,"date":"2023-06-09T14:58:02","date_gmt":"2023-06-09T14:58:02","guid":{"rendered":"http:\/\/visitgarda.vanzotech.com\/aktivurlaub\/segeln\/"},"modified":"2025-02-25T19:08:16","modified_gmt":"2025-02-25T19:08:16","slug":"segeln","status":"publish","type":"page","link":"https:\/\/visitgardaitaly.com\/de\/aktivurlaub\/segeln\/","title":{"rendered":"Segeln"},"content":{"rendered":"\t\t<div data-elementor-type=\"wp-page\" data-elementor-id=\"81797\" class=\"elementor elementor-81797 elementor-77022\">\n\t\t\t\t\t\t<section class=\"elementor-section elementor-top-section elementor-element elementor-element-9c0cfa1 elementor-section-boxed elementor-section-height-default elementor-section-height-default\" data-id=\"9c0cfa1\" data-element_type=\"section\" data-e-type=\"section\">\n\t\t\t\t\t\t<div class=\"elementor-container elementor-column-gap-default\">\n\t\t\t\t\t<div class=\" elementor-column elementor-col-100 elementor-top-column elementor-element elementor-element-0be5cd7\" data-fullscreen-column-settings=\"{&quot;fullscreen&quot;:&quot;&quot;}\" data-id=\"0be5cd7\" data-element_type=\"column\" data-e-type=\"column\">\n\t\t\t<div class=\"elementor-widget-wrap\">\n\t\t\t\t\t\t\t<\/div>\n\t\t<\/div>\n\t\t\t\t\t<\/div>\n\t\t<\/section>\n\t\t\t\t<section class=\"elementor-section elementor-top-section elementor-element elementor-element-ffc06ed elementor-section-content-middle elementor-section-boxed elementor-section-height-default elementor-section-height-default\" data-id=\"ffc06ed\" data-element_type=\"section\" data-e-type=\"section\" data-settings=\"{&quot;background_background&quot;:&quot;classic&quot;}\">\n\t\t\t\t\t\t<div class=\"elementor-container elementor-column-gap-default\">\n\t\t\t\t\t<div class=\" elementor-column elementor-col-50 elementor-top-column elementor-element elementor-element-984e626\" data-fullscreen-column-settings=\"{&quot;fullscreen&quot;:&quot;&quot;}\" data-id=\"984e626\" data-element_type=\"column\" data-e-type=\"column\">\n\t\t\t<div class=\"elementor-widget-wrap elementor-element-populated\">\n\t\t\t\t\t\t<div class=\"elementor-element elementor-element-edbbc36 elementor-invisible elementor-widget elementor-widget-litho-heading\" data-id=\"edbbc36\" data-element_type=\"widget\" data-e-type=\"widget\" data-settings=\"{&quot;_animation&quot;:&quot;fadeIn&quot;}\" data-widget_type=\"litho-heading.default\">\n\t\t\t\t<div class=\"elementor-widget-container\">\n\t\t\t\t\t<h4 class=\"litho-heading elementor-size-default\"><span class=\"litho-primary-title\">Zehn Knoten des Gl\u00fccks<\/span><\/h4>\t\t\t\t<\/div>\n\t\t\t\t<\/div>\n\t\t\t\t<div class=\"elementor-element elementor-element-558443cb elementor-widget__width-initial elementor-widget-tablet__width-inherit elementor-widget elementor-widget-text-editor\" data-id=\"558443cb\" data-element_type=\"widget\" data-e-type=\"widget\" data-widget_type=\"text-editor.default\">\n\t\t\t\t<div class=\"elementor-widget-container\">\n\t\t\t\t\t\t\t\t\t<p>Der See kr\u00e4uselt sich, die Segel drehen sich und der Duft des Wassers wird intensiv. Die Gardesana ist der Wind, der nach jedem Sonnenuntergang \u00fcber den Golf von Garda weht. Eine thermische Brise steigt vom Monte Luppia und den Mor\u00e4nenh\u00fcgeln herab und verwandelt die Bucht, die Punta San Vigilio mit der Rocca verbindet, in eine unvergleichliche n\u00e4chtliche Rennstrecke.  <\/p>\t\t\t\t\t\t\t\t<\/div>\n\t\t\t\t<\/div>\n\t\t\t\t\t<\/div>\n\t\t<\/div>\n\t\t\t\t<div class=\" elementor-column elementor-col-50 elementor-top-column elementor-element elementor-element-4cf90e8\" data-fullscreen-column-settings=\"{&quot;fullscreen&quot;:&quot;&quot;}\" data-id=\"4cf90e8\" data-element_type=\"column\" data-e-type=\"column\">\n\t\t\t<div class=\"elementor-widget-wrap elementor-element-populated\">\n\t\t\t\t\t\t<div class=\"elementor-element elementor-element-874cd1d elementor-widget elementor-widget-image\" data-id=\"874cd1d\" data-element_type=\"widget\" data-e-type=\"widget\" data-widget_type=\"image.default\">\n\t\t\t\t<div class=\"elementor-widget-container\">\n\t\t\t\t\t\t\t\t\t\t\t\t\t\t\t<img fetchpriority=\"high\" decoding=\"async\" width=\"1024\" height=\"731\" src=\"https:\/\/visitgardaitaly.com\/wp-content\/uploads\/2024\/09\/vela-notturna-1024x731.jpg\" class=\"attachment-large size-large wp-image-81609\" alt=\"\" srcset=\"https:\/\/visitgardaitaly.com\/wp-content\/uploads\/2024\/09\/vela-notturna-1024x731.jpg 1024w, https:\/\/visitgardaitaly.com\/wp-content\/uploads\/2024\/09\/vela-notturna-300x214.jpg 300w, https:\/\/visitgardaitaly.com\/wp-content\/uploads\/2024\/09\/vela-notturna-768x549.jpg 768w, https:\/\/visitgardaitaly.com\/wp-content\/uploads\/2024\/09\/vela-notturna-1536x1097.jpg 1536w, https:\/\/visitgardaitaly.com\/wp-content\/uploads\/2024\/09\/vela-notturna-2048x1463.jpg 2048w, https:\/\/visitgardaitaly.com\/wp-content\/uploads\/2024\/09\/vela-notturna-200x143.jpg 200w, https:\/\/visitgardaitaly.com\/wp-content\/uploads\/2024\/09\/vela-notturna-1568x1120.jpg 1568w\" sizes=\"(max-width: 1024px) 100vw, 1024px\" \/>\t\t\t\t\t\t\t\t\t\t\t\t\t\t\t<\/div>\n\t\t\t\t<\/div>\n\t\t\t\t\t<\/div>\n\t\t<\/div>\n\t\t\t\t\t<\/div>\n\t\t<\/section>\n\t\t\t\t<section class=\"elementor-section elementor-top-section elementor-element elementor-element-ece063d elementor-section-content-middle elementor-section-boxed elementor-section-height-default elementor-section-height-default\" data-id=\"ece063d\" data-element_type=\"section\" data-e-type=\"section\" data-settings=\"{&quot;background_background&quot;:&quot;classic&quot;}\">\n\t\t\t\t\t\t<div class=\"elementor-container elementor-column-gap-default\">\n\t\t\t\t\t<div class=\" elementor-column elementor-col-50 elementor-top-column elementor-element elementor-element-149d45f\" data-fullscreen-column-settings=\"{&quot;fullscreen&quot;:&quot;&quot;}\" data-id=\"149d45f\" data-element_type=\"column\" data-e-type=\"column\">\n\t\t\t<div class=\"elementor-widget-wrap elementor-element-populated\">\n\t\t\t\t\t\t<div class=\"elementor-element elementor-element-3143756 elementor-widget elementor-widget-image\" data-id=\"3143756\" data-element_type=\"widget\" data-e-type=\"widget\" data-widget_type=\"image.default\">\n\t\t\t\t<div class=\"elementor-widget-container\">\n\t\t\t\t\t\t\t\t\t\t\t\t\t\t\t<img decoding=\"async\" width=\"1024\" height=\"684\" src=\"https:\/\/visitgardaitaly.com\/wp-content\/uploads\/2023\/11\/3_Vela-4-2-1024x684.jpg\" class=\"attachment-large size-large wp-image-81203\" alt=\"\" srcset=\"https:\/\/visitgardaitaly.com\/wp-content\/uploads\/2023\/11\/3_Vela-4-2-1024x684.jpg 1024w, https:\/\/visitgardaitaly.com\/wp-content\/uploads\/2023\/11\/3_Vela-4-2-300x200.jpg 300w, https:\/\/visitgardaitaly.com\/wp-content\/uploads\/2023\/11\/3_Vela-4-2-768x513.jpg 768w, https:\/\/visitgardaitaly.com\/wp-content\/uploads\/2023\/11\/3_Vela-4-2-1536x1026.jpg 1536w, https:\/\/visitgardaitaly.com\/wp-content\/uploads\/2023\/11\/3_Vela-4-2-2048x1368.jpg 2048w, https:\/\/visitgardaitaly.com\/wp-content\/uploads\/2023\/11\/3_Vela-4-2-200x134.jpg 200w, https:\/\/visitgardaitaly.com\/wp-content\/uploads\/2023\/11\/3_Vela-4-2-1568x1047.jpg 1568w\" sizes=\"(max-width: 1024px) 100vw, 1024px\" \/>\t\t\t\t\t\t\t\t\t\t\t\t\t\t\t<\/div>\n\t\t\t\t<\/div>\n\t\t\t\t\t<\/div>\n\t\t<\/div>\n\t\t\t\t<div class=\" elementor-column elementor-col-50 elementor-top-column elementor-element elementor-element-a9d7ee9\" data-fullscreen-column-settings=\"{&quot;fullscreen&quot;:&quot;&quot;}\" data-id=\"a9d7ee9\" data-element_type=\"column\" data-e-type=\"column\">\n\t\t\t<div class=\"elementor-widget-wrap elementor-element-populated\">\n\t\t\t\t\t\t<div class=\"elementor-element elementor-element-6a3741d elementor-widget__width-initial elementor-widget-tablet__width-inherit elementor-widget elementor-widget-text-editor\" data-id=\"6a3741d\" data-element_type=\"widget\" data-e-type=\"widget\" data-widget_type=\"text-editor.default\">\n\t\t\t\t<div class=\"elementor-widget-container\">\n\t\t\t\t\t\t\t\t\t<p>Und wenn das &#8222;Auslaufen&#8220; bei Tagesanbruch am Abend eine eindrucksvolle Erfahrung bietet, die mit der Sch\u00f6nheit des Sees in Verbindung steht, so werden die Emotionen tags\u00fcber durch die Winde verst\u00e4rkt: der Pel\u00e8r, der morgens aus dem Norden weht, und die Ora, die nachmittags aus dem S\u00fcden aufsteigt. Diese Winde beleben die Tage von Seglern jeden Alters, die sich auf Optimisten, Jollen und Kaj\u00fctbooten auf den See wagen und die Geheimnisse des Segelns in Kursen und Aktivit\u00e4ten lernen, die von der Sektion Garda der Lega Navale Italiana angeboten werden. <br><br><br><\/p><p>Das Segeln in den Gew\u00e4ssern des Gardasees bietet auch Anf\u00e4ngern Anregungen und ein angenehmes Gef\u00fchl an Bord, denn der Wind ist konstant und erreicht nicht die Intensit\u00e4t des oberen Sees. Aber wenn Sie einen Adrenalinsto\u00df erleben wollen, ist die Regattastrecke nicht weit entfernt, denn Sie m\u00fcssen nur Punta San Vigilio umrunden. Es ist kein Zufall, dass die Briten den Benaco &#8222;die Windmaschine&#8220; nennen!  <\/p>\t\t\t\t\t\t\t\t<\/div>\n\t\t\t\t<\/div>\n\t\t\t\t\t<\/div>\n\t\t<\/div>\n\t\t\t\t\t<\/div>\n\t\t<\/section>\n\t\t\t\t<section class=\"elementor-section elementor-top-section elementor-element elementor-element-6d049bc elementor-section-boxed elementor-section-height-default elementor-section-height-default\" data-id=\"6d049bc\" data-element_type=\"section\" data-e-type=\"section\">\n\t\t\t\t\t\t<div class=\"elementor-container elementor-column-gap-default\">\n\t\t\t\t\t<div class=\" elementor-column elementor-col-100 elementor-top-column elementor-element elementor-element-0afcb4e\" data-fullscreen-column-settings=\"{&quot;fullscreen&quot;:&quot;&quot;}\" data-id=\"0afcb4e\" data-element_type=\"column\" data-e-type=\"column\">\n\t\t\t<div class=\"elementor-widget-wrap elementor-element-populated\">\n\t\t\t\t\t\t<div class=\"elementor-element elementor-element-1f1abaf elementor-widget elementor-widget-html\" data-id=\"1f1abaf\" data-element_type=\"widget\" data-e-type=\"widget\" data-widget_type=\"html.default\">\n\t\t\t\t<div class=\"elementor-widget-container\">\n\t\t\t\t\t<div class=\"text-center\"><a href=\"https:\/\/www.leganavale.it\/garda\" target=\"_blank\"><h4>Entdecken Sie alle Kurse, Segelregatten und Dienstleistungen der Lega Navale Italiana Sezione Garda <\/h4><\/a><\/div>\n\t\t\t\t<\/div>\n\t\t\t\t<\/div>\n\t\t\t\t\t<\/div>\n\t\t<\/div>\n\t\t\t\t\t<\/div>\n\t\t<\/section>\n\t\t\t\t<section class=\"elementor-section elementor-top-section elementor-element elementor-element-4a35645 elementor-section-boxed elementor-section-height-default elementor-section-height-default\" data-id=\"4a35645\" data-element_type=\"section\" data-e-type=\"section\">\n\t\t\t\t\t\t<div class=\"elementor-container elementor-column-gap-default\">\n\t\t\t\t\t<div class=\" elementor-column elementor-col-100 elementor-top-column elementor-element elementor-element-1916bcf\" data-fullscreen-column-settings=\"{&quot;fullscreen&quot;:&quot;&quot;}\" data-id=\"1916bcf\" data-element_type=\"column\" data-e-type=\"column\">\n\t\t\t<div class=\"elementor-widget-wrap elementor-element-populated\">\n\t\t\t\t\t\t<section class=\"elementor-section elementor-inner-section elementor-element elementor-element-035fe7e elementor-section-boxed elementor-section-height-default elementor-section-height-default\" data-id=\"035fe7e\" data-element_type=\"section\" data-e-type=\"section\">\n\t\t\t\t\t\t<div class=\"elementor-container elementor-column-gap-default\">\n\t\t\t\t\t<div class=\" elementor-column elementor-col-100 elementor-inner-column elementor-element elementor-element-6c5fb13 elementor-invisible\" data-fullscreen-column-settings=\"{&quot;fullscreen&quot;:&quot;&quot;}\" data-id=\"6c5fb13\" data-element_type=\"column\" data-e-type=\"column\" data-settings=\"{&quot;animation&quot;:&quot;fadeIn&quot;,&quot;animation_delay&quot;:200}\">\n\t\t\t<div class=\"elementor-widget-wrap elementor-element-populated\">\n\t\t\t\t\t\t<div class=\"elementor-element elementor-element-2aaff04 elementor-widget elementor-widget-litho-heading\" data-id=\"2aaff04\" data-element_type=\"widget\" data-e-type=\"widget\" data-widget_type=\"litho-heading.default\">\n\t\t\t\t<div class=\"elementor-widget-container\">\n\t\t\t\t\t<h5 class=\"litho-heading elementor-size-default\"><span class=\"litho-primary-title\">Entdecken Sie alle unumg\u00e4nglichen Aktivit\u00e4ten am Gardasee<\/span><\/h5>\t\t\t\t<\/div>\n\t\t\t\t<\/div>\n\t\t\t\t\t<\/div>\n\t\t<\/div>\n\t\t\t\t\t<\/div>\n\t\t<\/section>\n\t\t\t\t\t<\/div>\n\t\t<\/div>\n\t\t\t\t\t<\/div>\n\t\t<\/section>\n\t\t\t\t<section class=\"elementor-section elementor-top-section elementor-element elementor-element-6099937 elementor-section-boxed elementor-section-height-default elementor-section-height-default\" data-id=\"6099937\" data-element_type=\"section\" data-e-type=\"section\">\n\t\t\t\t\t\t<div class=\"elementor-container elementor-column-gap-default\">\n\t\t\t\t\t<div class=\" elementor-column elementor-col-100 elementor-top-column elementor-element elementor-element-09f44c4\" data-fullscreen-column-settings=\"{&quot;fullscreen&quot;:&quot;&quot;}\" data-id=\"09f44c4\" data-element_type=\"column\" data-e-type=\"column\">\n\t\t\t<div class=\"elementor-widget-wrap elementor-element-populated\">\n\t\t\t\t\t\t<section class=\"elementor-section elementor-inner-section elementor-element elementor-element-00b7c26 elementor-section-boxed elementor-section-height-default elementor-section-height-default\" data-id=\"00b7c26\" data-element_type=\"section\" data-e-type=\"section\" data-settings=\"{&quot;animation&quot;:&quot;none&quot;}\">\n\t\t\t\t\t\t<div class=\"elementor-container elementor-column-gap-default\">\n\t\t\t\t\t<div class=\" elementor-column elementor-col-25 elementor-inner-column elementor-element elementor-element-87a9433 elementor-invisible\" data-fullscreen-column-settings=\"{&quot;fullscreen&quot;:&quot;&quot;}\" data-id=\"87a9433\" data-element_type=\"column\" data-e-type=\"column\" data-settings=\"{&quot;animation&quot;:&quot;fadeIn&quot;,&quot;animation_delay&quot;:200}\">\n\t\t\t<div class=\"elementor-widget-wrap elementor-element-populated\">\n\t\t\t\t\t\t<div class=\"elementor-element elementor-element-58f2e8e text-center elementor-widget__width-inherit elementor-widget elementor-widget-litho-feature-box\" data-id=\"58f2e8e\" data-element_type=\"widget\" data-e-type=\"widget\" data-settings=\"{&quot;litho_feature_box_styles&quot;:&quot;icon-text-style-1&quot;}\" data-widget_type=\"litho-feature-box.default\">\n\t\t\t\t<div class=\"elementor-widget-container\">\n\t\t\t\t\t\t\t\t\t\t<div class=\"feature-box icon-text-style-1\"><div class=\"elementor-icon\"><img decoding=\"async\" src=\"https:\/\/visitgardaitaly.com\/wp-content\/uploads\/2024\/10\/CICLISMO-150x150.png?wsr\" alt=\"CICLISMO\"  srcset=\"https:\/\/visitgardaitaly.com\/wp-content\/uploads\/2024\/10\/CICLISMO-150x150.png 150w, https:\/\/visitgardaitaly.com\/wp-content\/uploads\/2024\/10\/CICLISMO-300x300.png 300w, https:\/\/visitgardaitaly.com\/wp-content\/uploads\/2024\/10\/CICLISMO-1024x1021.png 1024w, https:\/\/visitgardaitaly.com\/wp-content\/uploads\/2024\/10\/CICLISMO-768x766.png 768w, https:\/\/visitgardaitaly.com\/wp-content\/uploads\/2024\/10\/CICLISMO-200x199.png 200w, https:\/\/visitgardaitaly.com\/wp-content\/uploads\/2024\/10\/CICLISMO.png 1299w\" sizes=\"(max-width: 150px) 100vw, 150px\" \/><\/div><div class=\"feature-box-content\"><span class=\"title\">Radfahren<\/span><div class=\"elementor-button-wrapper\">\n\t\t\t\t\t\t\t\t\t\t<a href=\"https:\/\/visitgardaitaly.com\/vacanza-attiva\/ciclismo\/\" class=\"elementor-button-link elementor-button \" role=\"button\">\n\t\t\t\t\t\t\t\t\t\t\t<span class=\"elementor-button-content-wrapper\"><span class=\"elementor-button-text\">Weitere Informationen<\/span>\n\t\t\t\t\t\t\t\t\t\t\t<\/span>\n\t\t\t\t\t\t\t\t\t\t<\/a>\n\t\t\t\t\t\t\t\t\t<\/div>\t\t\t\t\t\t\t<\/div>\n\t\t\t\t\t\t\t\t\t\t\t\t<\/div>\n\t\t\t\t\t\t\t\t\t<\/div>\n\t\t\t\t<\/div>\n\t\t\t\t\t<\/div>\n\t\t<\/div>\n\t\t\t\t<div class=\" elementor-column elementor-col-25 elementor-inner-column elementor-element elementor-element-286f432 elementor-invisible\" data-fullscreen-column-settings=\"{&quot;fullscreen&quot;:&quot;&quot;}\" data-id=\"286f432\" data-element_type=\"column\" data-e-type=\"column\" data-settings=\"{&quot;animation&quot;:&quot;fadeIn&quot;,&quot;animation_delay&quot;:200}\">\n\t\t\t<div class=\"elementor-widget-wrap elementor-element-populated\">\n\t\t\t\t\t\t<div class=\"elementor-element elementor-element-335bae9 text-center elementor-widget__width-inherit elementor-widget elementor-widget-litho-feature-box\" data-id=\"335bae9\" data-element_type=\"widget\" data-e-type=\"widget\" data-settings=\"{&quot;litho_feature_box_styles&quot;:&quot;icon-text-style-1&quot;}\" data-widget_type=\"litho-feature-box.default\">\n\t\t\t\t<div class=\"elementor-widget-container\">\n\t\t\t\t\t\t\t\t\t\t<div class=\"feature-box icon-text-style-1\"><div class=\"elementor-icon\"><img decoding=\"async\" src=\"https:\/\/visitgardaitaly.com\/wp-content\/uploads\/2024\/10\/A-PIEDI-150x150.png?wsr\" alt=\"A PIEDI\"  srcset=\"https:\/\/visitgardaitaly.com\/wp-content\/uploads\/2024\/10\/A-PIEDI-150x150.png 150w, https:\/\/visitgardaitaly.com\/wp-content\/uploads\/2024\/10\/A-PIEDI-300x300.png 300w, https:\/\/visitgardaitaly.com\/wp-content\/uploads\/2024\/10\/A-PIEDI-1024x1024.png 1024w, https:\/\/visitgardaitaly.com\/wp-content\/uploads\/2024\/10\/A-PIEDI-768x768.png 768w, https:\/\/visitgardaitaly.com\/wp-content\/uploads\/2024\/10\/A-PIEDI-1536x1536.png 1536w, https:\/\/visitgardaitaly.com\/wp-content\/uploads\/2024\/10\/A-PIEDI-2048x2048.png 2048w, https:\/\/visitgardaitaly.com\/wp-content\/uploads\/2024\/10\/A-PIEDI-200x200.png 200w, https:\/\/visitgardaitaly.com\/wp-content\/uploads\/2024\/10\/A-PIEDI-1568x1568.png 1568w\" sizes=\"(max-width: 150px) 100vw, 150px\" \/><\/div><div class=\"feature-box-content\"><span class=\"title\">Zu Fu\u00df<\/span><div class=\"elementor-button-wrapper\">\n\t\t\t\t\t\t\t\t\t\t<a href=\"https:\/\/visitgardaitaly.com\/vacanza-attiva\/a-piedi\/\" class=\"elementor-button-link elementor-button \" role=\"button\">\n\t\t\t\t\t\t\t\t\t\t\t<span class=\"elementor-button-content-wrapper\"><span class=\"elementor-button-text\">Weitere Informationen<\/span>\n\t\t\t\t\t\t\t\t\t\t\t<\/span>\n\t\t\t\t\t\t\t\t\t\t<\/a>\n\t\t\t\t\t\t\t\t\t<\/div>\t\t\t\t\t\t\t<\/div>\n\t\t\t\t\t\t\t\t\t\t\t\t<\/div>\n\t\t\t\t\t\t\t\t\t<\/div>\n\t\t\t\t<\/div>\n\t\t\t\t\t<\/div>\n\t\t<\/div>\n\t\t\t\t<div class=\" elementor-column elementor-col-25 elementor-inner-column elementor-element elementor-element-a0b1205 elementor-invisible\" data-fullscreen-column-settings=\"{&quot;fullscreen&quot;:&quot;&quot;}\" data-id=\"a0b1205\" data-element_type=\"column\" data-e-type=\"column\" data-settings=\"{&quot;animation&quot;:&quot;fadeIn&quot;,&quot;animation_delay&quot;:600}\">\n\t\t\t<div class=\"elementor-widget-wrap elementor-element-populated\">\n\t\t\t\t\t\t<div class=\"elementor-element elementor-element-4a5a06c text-center elementor-widget__width-inherit elementor-widget elementor-widget-litho-feature-box\" data-id=\"4a5a06c\" data-element_type=\"widget\" data-e-type=\"widget\" data-settings=\"{&quot;litho_feature_box_styles&quot;:&quot;icon-text-style-1&quot;}\" data-widget_type=\"litho-feature-box.default\">\n\t\t\t\t<div class=\"elementor-widget-container\">\n\t\t\t\t\t\t\t\t\t\t<div class=\"feature-box icon-text-style-1\"><div class=\"elementor-icon\"><img decoding=\"async\" src=\"https:\/\/visitgardaitaly.com\/wp-content\/uploads\/2024\/10\/GOLF-150x150.png?wsr\" alt=\"GOLF\"  srcset=\"https:\/\/visitgardaitaly.com\/wp-content\/uploads\/2024\/10\/GOLF-150x150.png 150w, https:\/\/visitgardaitaly.com\/wp-content\/uploads\/2024\/10\/GOLF-300x300.png 300w, https:\/\/visitgardaitaly.com\/wp-content\/uploads\/2024\/10\/GOLF-1024x1024.png 1024w, https:\/\/visitgardaitaly.com\/wp-content\/uploads\/2024\/10\/GOLF-768x768.png 768w, https:\/\/visitgardaitaly.com\/wp-content\/uploads\/2024\/10\/GOLF-1536x1536.png 1536w, https:\/\/visitgardaitaly.com\/wp-content\/uploads\/2024\/10\/GOLF-2048x2048.png 2048w, https:\/\/visitgardaitaly.com\/wp-content\/uploads\/2024\/10\/GOLF-200x200.png 200w, https:\/\/visitgardaitaly.com\/wp-content\/uploads\/2024\/10\/GOLF-1568x1568.png 1568w\" sizes=\"(max-width: 150px) 100vw, 150px\" \/><\/div><div class=\"feature-box-content\"><span class=\"title\">Golf<\/span><div class=\"elementor-button-wrapper\">\n\t\t\t\t\t\t\t\t\t\t<a href=\"https:\/\/visitgardaitaly.com\/vacanza-attiva\/golf\/\" class=\"elementor-button-link elementor-button \" role=\"button\">\n\t\t\t\t\t\t\t\t\t\t\t<span class=\"elementor-button-content-wrapper\"><span class=\"elementor-button-text\">Weitere Informationen<\/span>\n\t\t\t\t\t\t\t\t\t\t\t<\/span>\n\t\t\t\t\t\t\t\t\t\t<\/a>\n\t\t\t\t\t\t\t\t\t<\/div>\t\t\t\t\t\t\t<\/div>\n\t\t\t\t\t\t\t\t\t\t\t\t<\/div>\n\t\t\t\t\t\t\t\t\t<\/div>\n\t\t\t\t<\/div>\n\t\t\t\t\t<\/div>\n\t\t<\/div>\n\t\t\t\t<div class=\" elementor-column elementor-col-25 elementor-inner-column elementor-element elementor-element-b69a022\" data-fullscreen-column-settings=\"{&quot;fullscreen&quot;:&quot;&quot;}\" data-id=\"b69a022\" data-element_type=\"column\" data-e-type=\"column\">\n\t\t\t<div class=\"elementor-widget-wrap elementor-element-populated\">\n\t\t\t\t\t\t<div class=\"elementor-element elementor-element-81f61c0 text-center elementor-widget elementor-widget-litho-feature-box\" data-id=\"81f61c0\" data-element_type=\"widget\" data-e-type=\"widget\" data-settings=\"{&quot;litho_feature_box_styles&quot;:&quot;icon-text-style-1&quot;}\" data-widget_type=\"litho-feature-box.default\">\n\t\t\t\t<div class=\"elementor-widget-container\">\n\t\t\t\t\t\t\t\t\t\t<div class=\"feature-box icon-text-style-1\"><div class=\"elementor-icon\"><img decoding=\"async\" src=\"https:\/\/visitgardaitaly.com\/wp-content\/uploads\/2024\/10\/SUP-KAYAK-150x150.png?wsr\" alt=\"SUP-KAYAK\"  srcset=\"https:\/\/visitgardaitaly.com\/wp-content\/uploads\/2024\/10\/SUP-KAYAK-150x150.png 150w, https:\/\/visitgardaitaly.com\/wp-content\/uploads\/2024\/10\/SUP-KAYAK-300x300.png 300w, https:\/\/visitgardaitaly.com\/wp-content\/uploads\/2024\/10\/SUP-KAYAK-1024x1024.png 1024w, https:\/\/visitgardaitaly.com\/wp-content\/uploads\/2024\/10\/SUP-KAYAK-768x768.png 768w, https:\/\/visitgardaitaly.com\/wp-content\/uploads\/2024\/10\/SUP-KAYAK-1536x1536.png 1536w, https:\/\/visitgardaitaly.com\/wp-content\/uploads\/2024\/10\/SUP-KAYAK-2048x2048.png 2048w, https:\/\/visitgardaitaly.com\/wp-content\/uploads\/2024\/10\/SUP-KAYAK-200x200.png 200w, https:\/\/visitgardaitaly.com\/wp-content\/uploads\/2024\/10\/SUP-KAYAK-1568x1568.png 1568w\" sizes=\"(max-width: 150px) 100vw, 150px\" \/><\/div><div class=\"feature-box-content\"><span class=\"title\">SUP &amp; Kajak<\/span><div class=\"elementor-button-wrapper\">\n\t\t\t\t\t\t\t\t\t\t<a href=\"https:\/\/visitgardaitaly.com\/vacanza-attiva\/sup\/\" class=\"elementor-button-link elementor-button \" role=\"button\">\n\t\t\t\t\t\t\t\t\t\t\t<span class=\"elementor-button-content-wrapper\"><span class=\"elementor-button-text\">Weitere Informationen<\/span>\n\t\t\t\t\t\t\t\t\t\t\t<\/span>\n\t\t\t\t\t\t\t\t\t\t<\/a>\n\t\t\t\t\t\t\t\t\t<\/div>\t\t\t\t\t\t\t<\/div>\n\t\t\t\t\t\t\t\t\t\t\t\t<\/div>\n\t\t\t\t\t\t\t\t\t<\/div>\n\t\t\t\t<\/div>\n\t\t\t\t\t<\/div>\n\t\t<\/div>\n\t\t\t\t\t<\/div>\n\t\t<\/section>\n\t\t\t\t\t<\/div>\n\t\t<\/div>\n\t\t\t\t\t<\/div>\n\t\t<\/section>\n\t\t\t\t<\/div>\n\t\t","protected":false},"excerpt":{"rendered":"<p>Zehn Knoten des Gl\u00fccks Der See kr\u00e4uselt sich, die Segel drehen sich und der Duft des Wassers wird intensiv. Die Gardesana ist der Wind, der nach jedem Sonnenuntergang \u00fcber den Golf von Garda weht. Eine thermische Brise steigt vom Monte Luppia und den Mor\u00e4nenh\u00fcgeln herab und verwandelt die Bucht, die Punta San Vigilio mit der [&hellip;]<\/p>\n","protected":false},"author":1,"featured_media":0,"parent":81783,"menu_order":9,"comment_status":"closed","ping_status":"closed","template":"","meta":{"footnotes":""},"class_list":["post-81797","page","type-page","status-publish","hentry"],"_links":{"self":[{"href":"https:\/\/visitgardaitaly.com\/de\/wp-json\/wp\/v2\/pages\/81797","targetHints":{"allow":["GET"]}}],"collection":[{"href":"https:\/\/visitgardaitaly.com\/de\/wp-json\/wp\/v2\/pages"}],"about":[{"href":"https:\/\/visitgardaitaly.com\/de\/wp-json\/wp\/v2\/types\/page"}],"author":[{"embeddable":true,"href":"https:\/\/visitgardaitaly.com\/de\/wp-json\/wp\/v2\/users\/1"}],"replies":[{"embeddable":true,"href":"https:\/\/visitgardaitaly.com\/de\/wp-json\/wp\/v2\/comments?post=81797"}],"version-history":[{"count":1,"href":"https:\/\/visitgardaitaly.com\/de\/wp-json\/wp\/v2\/pages\/81797\/revisions"}],"predecessor-version":[{"id":81798,"href":"https:\/\/visitgardaitaly.com\/de\/wp-json\/wp\/v2\/pages\/81797\/revisions\/81798"}],"up":[{"embeddable":true,"href":"https:\/\/visitgardaitaly.com\/de\/wp-json\/wp\/v2\/pages\/81783"}],"wp:attachment":[{"href":"https:\/\/visitgardaitaly.com\/de\/wp-json\/wp\/v2\/media?parent=81797"}],"curies":[{"name":"wp","href":"https:\/\/api.w.org\/{rel}","templated":true}]}}