{"id":81773,"date":"2023-06-08T12:42:43","date_gmt":"2023-06-08T12:42:43","guid":{"rendered":"http:\/\/visitgarda.vanzotech.com\/museo\/"},"modified":"2025-02-28T19:00:05","modified_gmt":"2025-02-28T19:00:05","slug":"museo","status":"publish","type":"page","link":"https:\/\/visitgardaitaly.com\/de\/museo\/","title":{"rendered":"Museo"},"content":{"rendered":"\t\t<div data-elementor-type=\"wp-page\" data-elementor-id=\"81773\" class=\"elementor elementor-81773 elementor-76740\">\n\t\t\t\t\t\t<section class=\"elementor-section elementor-top-section elementor-element elementor-element-c9b1fb7 elementor-section-content-middle elementor-section-boxed elementor-section-height-default elementor-section-height-default elementor-invisible\" data-id=\"c9b1fb7\" data-element_type=\"section\" data-e-type=\"section\" id=\"about\" data-settings=\"{&quot;animation&quot;:&quot;fadeIn&quot;}\">\n\t\t\t\t\t\t<div class=\"elementor-container elementor-column-gap-default\">\n\t\t\t\t\t<div class=\" elementor-column elementor-col-50 elementor-top-column elementor-element elementor-element-6c525b5 elementor-invisible\" data-fullscreen-column-settings=\"{&quot;fullscreen&quot;:&quot;&quot;}\" data-id=\"6c525b5\" data-element_type=\"column\" data-e-type=\"column\" data-settings=\"{&quot;animation&quot;:&quot;fadeIn&quot;,&quot;animation_delay&quot;:200}\">\n\t\t\t<div class=\"elementor-widget-wrap elementor-element-populated\">\n\t\t\t\t\t\t<div class=\"elementor-element elementor-element-5e415c6 elementor-widget__width-initial elementor-widget-tablet__width-initial elementor-widget-mobile__width-initial elementor-widget elementor-widget-text-editor\" data-id=\"5e415c6\" data-element_type=\"widget\" data-e-type=\"widget\" data-widget_type=\"text-editor.default\">\n\t\t\t\t<div class=\"elementor-widget-container\">\n\t\t\t\t\t\t\t\t\t<p>Um Garda zu verstehen und viel \u00fcber seine Vergangenheit zu erfahren, muss man das Territorialmuseum des Gardasees besuchen, ein Ort, an dem die Erinnerung lebendig wird und der f\u00fcr die Planung der Zukunft unerl\u00e4sslich ist. <br>Es ist klein und einladend und besteht aus einer Anlage, die es schafft, die Wurzeln des Gebiets lebendig werden zu lassen.<br>In den S\u00e4len sind Gegenst\u00e4nde ausgestellt, die bis zur ersten H\u00e4lfte der 1950er Jahre in der Fischerei, der Landwirtschaft, der Schreinerei und im t\u00e4glichen Leben der Menschen in den Gemeinden am See verwendet wurden.<\/p>\t\t\t\t\t\t\t\t<\/div>\n\t\t\t\t<\/div>\n\t\t\t\t\t<\/div>\n\t\t<\/div>\n\t\t\t\t<div class=\" elementor-column elementor-col-50 elementor-top-column elementor-element elementor-element-44012e1 elementor-invisible\" data-fullscreen-column-settings=\"{&quot;fullscreen&quot;:&quot;&quot;}\" data-id=\"44012e1\" data-element_type=\"column\" data-e-type=\"column\" data-settings=\"{&quot;animation&quot;:&quot;zoomIn&quot;,&quot;animation_delay&quot;:400}\">\n\t\t\t<div class=\"elementor-widget-wrap elementor-element-populated\">\n\t\t\t\t\t\t<div class=\"elementor-element elementor-element-a4ab505 elementor-widget elementor-widget-image\" data-id=\"a4ab505\" data-element_type=\"widget\" data-e-type=\"widget\" data-widget_type=\"image.default\">\n\t\t\t\t<div class=\"elementor-widget-container\">\n\t\t\t\t\t\t\t\t\t\t\t\t\t\t\t<img fetchpriority=\"high\" decoding=\"async\" width=\"2560\" height=\"1696\" src=\"https:\/\/visitgardaitaly.com\/wp-content\/uploads\/2024\/06\/PAGINA-12-FOTO-DELLA-1\u00b0-SEZIONE-DI-TESTO--scaled.jpg\" class=\"attachment-full size-full wp-image-81265\" alt=\"\" srcset=\"https:\/\/visitgardaitaly.com\/wp-content\/uploads\/2024\/06\/PAGINA-12-FOTO-DELLA-1\u00b0-SEZIONE-DI-TESTO--scaled.jpg 2560w, https:\/\/visitgardaitaly.com\/wp-content\/uploads\/2024\/06\/PAGINA-12-FOTO-DELLA-1\u00b0-SEZIONE-DI-TESTO--300x199.jpg 300w, https:\/\/visitgardaitaly.com\/wp-content\/uploads\/2024\/06\/PAGINA-12-FOTO-DELLA-1\u00b0-SEZIONE-DI-TESTO--1024x678.jpg 1024w, https:\/\/visitgardaitaly.com\/wp-content\/uploads\/2024\/06\/PAGINA-12-FOTO-DELLA-1\u00b0-SEZIONE-DI-TESTO--768x509.jpg 768w, https:\/\/visitgardaitaly.com\/wp-content\/uploads\/2024\/06\/PAGINA-12-FOTO-DELLA-1\u00b0-SEZIONE-DI-TESTO--1536x1017.jpg 1536w, https:\/\/visitgardaitaly.com\/wp-content\/uploads\/2024\/06\/PAGINA-12-FOTO-DELLA-1\u00b0-SEZIONE-DI-TESTO--2048x1356.jpg 2048w, https:\/\/visitgardaitaly.com\/wp-content\/uploads\/2024\/06\/PAGINA-12-FOTO-DELLA-1\u00b0-SEZIONE-DI-TESTO--200x132.jpg 200w, https:\/\/visitgardaitaly.com\/wp-content\/uploads\/2024\/06\/PAGINA-12-FOTO-DELLA-1\u00b0-SEZIONE-DI-TESTO--1568x1039.jpg 1568w\" sizes=\"(max-width: 2560px) 100vw, 2560px\" \/>\t\t\t\t\t\t\t\t\t\t\t\t\t\t\t<\/div>\n\t\t\t\t<\/div>\n\t\t\t\t<div class=\"elementor-element elementor-element-78b34ea elementor-widget__width-initial elementor-widget-tablet__width-initial elementor-widget-mobile__width-initial elementor-hidden-desktop elementor-widget elementor-widget-text-editor\" data-id=\"78b34ea\" data-element_type=\"widget\" data-e-type=\"widget\" data-widget_type=\"text-editor.default\">\n\t\t\t\t<div class=\"elementor-widget-container\">\n\t\t\t\t\t\t\t\t\t<p>Das Zwischengeschoss ist der Landwirtschaft, der Tierhaltung, dem Handwerk und dem Bergbau gewidmet. Hier finden wir Werkzeuge, Arbeitsger\u00e4te und Gegenst\u00e4nde aus dem Alltag der &#8222;Menschen vom See&#8220;, die fast ein Jahrhundert zur\u00fcckreichen.<br>Im Obergeschoss verlagert sich der Schwerpunkt auf die Welt der Fischerei, die seit jeher ein Symbol und der Stolz von Garda ist. Matross (Zylinder), Tirlindane (Holzkisten), Anker und Wirbel sind ebenso ausgestellt wie riesige Fischernetze, Werkzeuge, die Ende des 19. Jahrhunderts den Fang von Forellen und des hochgesch\u00e4tzten lokalen Karpfens erm\u00f6glichten.  <br><\/p>\t\t\t\t\t\t\t\t<\/div>\n\t\t\t\t<\/div>\n\t\t\t\t\t<\/div>\n\t\t<\/div>\n\t\t\t\t\t<\/div>\n\t\t<\/section>\n\t\t\t\t<section class=\"elementor-section elementor-top-section elementor-element elementor-element-aedd6d9 elementor-section-content-middle elementor-section-boxed elementor-section-height-default elementor-section-height-default elementor-invisible\" data-id=\"aedd6d9\" data-element_type=\"section\" data-e-type=\"section\" data-settings=\"{&quot;animation&quot;:&quot;fadeIn&quot;}\">\n\t\t\t\t\t\t<div class=\"elementor-container elementor-column-gap-default\">\n\t\t\t\t\t<div class=\" elementor-column elementor-col-50 elementor-top-column elementor-element elementor-element-03211b5 elementor-invisible\" data-fullscreen-column-settings=\"{&quot;fullscreen&quot;:&quot;&quot;}\" data-id=\"03211b5\" data-element_type=\"column\" data-e-type=\"column\" data-settings=\"{&quot;animation&quot;:&quot;zoomIn&quot;,&quot;animation_delay&quot;:400}\">\n\t\t\t<div class=\"elementor-widget-wrap elementor-element-populated\">\n\t\t\t\t\t\t<div class=\"elementor-element elementor-element-4c88437 elementor-widget elementor-widget-image\" data-id=\"4c88437\" data-element_type=\"widget\" data-e-type=\"widget\" data-widget_type=\"image.default\">\n\t\t\t\t<div class=\"elementor-widget-container\">\n\t\t\t\t\t\t\t\t\t\t\t\t\t\t\t<img decoding=\"async\" width=\"2560\" height=\"1696\" src=\"https:\/\/visitgardaitaly.com\/wp-content\/uploads\/2024\/06\/PAGINA-12-PAL-DEL-VO-scaled.jpg\" class=\"attachment-full size-full wp-image-81323\" alt=\"\" srcset=\"https:\/\/visitgardaitaly.com\/wp-content\/uploads\/2024\/06\/PAGINA-12-PAL-DEL-VO-scaled.jpg 2560w, https:\/\/visitgardaitaly.com\/wp-content\/uploads\/2024\/06\/PAGINA-12-PAL-DEL-VO-300x199.jpg 300w, https:\/\/visitgardaitaly.com\/wp-content\/uploads\/2024\/06\/PAGINA-12-PAL-DEL-VO-1024x678.jpg 1024w, https:\/\/visitgardaitaly.com\/wp-content\/uploads\/2024\/06\/PAGINA-12-PAL-DEL-VO-768x509.jpg 768w, https:\/\/visitgardaitaly.com\/wp-content\/uploads\/2024\/06\/PAGINA-12-PAL-DEL-VO-1536x1017.jpg 1536w, https:\/\/visitgardaitaly.com\/wp-content\/uploads\/2024\/06\/PAGINA-12-PAL-DEL-VO-2048x1356.jpg 2048w, https:\/\/visitgardaitaly.com\/wp-content\/uploads\/2024\/06\/PAGINA-12-PAL-DEL-VO-200x132.jpg 200w, https:\/\/visitgardaitaly.com\/wp-content\/uploads\/2024\/06\/PAGINA-12-PAL-DEL-VO-1568x1039.jpg 1568w\" sizes=\"(max-width: 2560px) 100vw, 2560px\" \/>\t\t\t\t\t\t\t\t\t\t\t\t\t\t\t<\/div>\n\t\t\t\t<\/div>\n\t\t\t\t\t<\/div>\n\t\t<\/div>\n\t\t\t\t<div class=\" elementor-column elementor-col-50 elementor-top-column elementor-element elementor-element-5b397f6 elementor-invisible\" data-fullscreen-column-settings=\"{&quot;fullscreen&quot;:&quot;&quot;}\" data-id=\"5b397f6\" data-element_type=\"column\" data-e-type=\"column\" data-settings=\"{&quot;animation&quot;:&quot;fadeIn&quot;,&quot;animation_delay&quot;:200}\">\n\t\t\t<div class=\"elementor-widget-wrap elementor-element-populated\">\n\t\t\t\t\t\t<div class=\"elementor-element elementor-element-f1bdde0 elementor-widget__width-initial elementor-widget-tablet__width-initial elementor-widget-mobile__width-initial elementor-widget elementor-widget-text-editor\" data-id=\"f1bdde0\" data-element_type=\"widget\" data-e-type=\"widget\" data-widget_type=\"text-editor.default\">\n\t\t\t\t<div class=\"elementor-widget-container\">\n\t\t\t\t\t\t\t\t\t<p>Das Symbol einer solch dichten Geschichte ist der Pal del V\u00f2, der im Museum mit einigen Teilen des Originals rekonstruiert wurde. &nbsp;Der Mast wurde von der Corporazione degli Antichi Originari di Garda, die sich noch heute der jahrhundertealten Fischereirechte im See r\u00fchmt, am h\u00f6chsten Punkt des Unterwasserr\u00fcckens zwischen Punta San Vigilio und Sirmione aufgestellt. Die Zinnfahne an der Spitze zeigt die Inhaber der Fischereirechte an, die im Jahr 1452 von den Fischern von Torri, Garda und Sirmione von dem Costermano-Adligen Andrea Becelli erworben wurden.  <br>Alle ausgestellten Materialien sind Spenden von Privatpersonen oder Fundst\u00fccke aus der Region. Es handelt sich um restaurierte Einzelst\u00fccke, die auch im lokalen Dialekt beschrieben werden und den Besucher in eine Epoche versetzen, die weit entfernt zu sein scheint, auf die die neuen Generationen aber nicht nur neugierig, sondern auch stolz sein sollten.  <\/p>\t\t\t\t\t\t\t\t<\/div>\n\t\t\t\t<\/div>\n\t\t\t\t\t<\/div>\n\t\t<\/div>\n\t\t\t\t\t<\/div>\n\t\t<\/section>\n\t\t\t\t<section class=\"elementor-section elementor-top-section elementor-element elementor-element-6d3a5139 elementor-section-content-middle elementor-section-boxed elementor-section-height-default elementor-section-height-default\" data-id=\"6d3a5139\" data-element_type=\"section\" data-e-type=\"section\" data-settings=\"{&quot;background_background&quot;:&quot;classic&quot;}\">\n\t\t\t\t\t\t<div class=\"elementor-container elementor-column-gap-default\">\n\t\t\t\t\t<div class=\" elementor-column elementor-col-100 elementor-top-column elementor-element elementor-element-1942b00f\" data-fullscreen-column-settings=\"{&quot;fullscreen&quot;:&quot;&quot;}\" data-id=\"1942b00f\" data-element_type=\"column\" data-e-type=\"column\">\n\t\t\t<div class=\"elementor-widget-wrap elementor-element-populated\">\n\t\t\t\t\t\t<div class=\"elementor-element elementor-element-1b8f3ad elementor-widget__width-initial elementor-widget-tablet__width-initial elementor-widget-mobile__width-initial elementor-widget elementor-widget-text-editor\" data-id=\"1b8f3ad\" data-element_type=\"widget\" data-e-type=\"widget\" data-widget_type=\"text-editor.default\">\n\t\t\t\t<div class=\"elementor-widget-container\">\n\t\t\t\t\t\t\t\t\t<p>Das Museum ist Luigi Bertam\u00e8 gewidmet, dem Gelehrten vom Gardasee, der sein Leben der ethnographischen Forschung in seiner Heimat gewidmet hat und der mit diesem Ort ein unsch\u00e4tzbar wertvolles Werk geschaffen hat.<br>Adresse: Lungolago Regina Adelaide 15, Garda VR<\/p>\t\t\t\t\t\t\t\t<\/div>\n\t\t\t\t<\/div>\n\t\t\t\t\t<\/div>\n\t\t<\/div>\n\t\t\t\t\t<\/div>\n\t\t<\/section>\n\t\t\t\t<section class=\"elementor-section elementor-top-section elementor-element elementor-element-1067b15 elementor-section-boxed elementor-section-height-default elementor-section-height-default\" data-id=\"1067b15\" data-element_type=\"section\" data-e-type=\"section\">\n\t\t\t\t\t\t<div class=\"elementor-container elementor-column-gap-default\">\n\t\t\t\t\t<div class=\" elementor-column elementor-col-50 elementor-top-column elementor-element elementor-element-1149b4d\" data-fullscreen-column-settings=\"{&quot;fullscreen&quot;:&quot;&quot;}\" data-id=\"1149b4d\" data-element_type=\"column\" data-e-type=\"column\">\n\t\t\t<div class=\"elementor-widget-wrap elementor-element-populated\">\n\t\t\t\t\t\t<div class=\"elementor-element elementor-element-3f60e10 elementor-view-default elementor-widget elementor-widget-litho-content-block\" data-id=\"3f60e10\" data-element_type=\"widget\" data-e-type=\"widget\" data-settings=\"{&quot;litho_content_block_style&quot;:&quot;block-style-1&quot;}\" data-widget_type=\"litho-content-block.default\">\n\t\t\t\t<div class=\"elementor-widget-container\">\n\t\t\t\t\t\t\t\t<div class=\"content-block content-block-style-1\">\n\t\t\t\t\t\t\t\t\t\t<div class=\"content-wrap\"><div class=\"content\"><table>\n<tbody>\n<tr>\n<td style=\"text-align: center;font-weight: bold\" colspan=\"2\">April - Mai<\/td>\n<\/tr>\n\n<tr>\n<td>Freitag<\/td>\n<td>15:00 - 18:30<\/td>\n<\/tr>\n<tr>\n<td>Samstag<\/td>\n<td>10:00 \u2013 12:30, 15:00 \u2013 18:30<\/td>\n<\/tr>\n<tr>\n<td>Sonntag<\/td>\n<td>15:00 \u2013 18:30<\/td>\n<\/tr>\n<\/tbody>\n<\/table><\/div><\/div>\n\t\t\t\t\t\t\t\t\t<\/div>\n\t\t\t\t\t\t\t<\/div>\n\t\t\t\t<\/div>\n\t\t\t\t\t<\/div>\n\t\t<\/div>\n\t\t\t\t<div class=\" elementor-column elementor-col-50 elementor-top-column elementor-element elementor-element-5b552e7\" data-fullscreen-column-settings=\"{&quot;fullscreen&quot;:&quot;&quot;}\" data-id=\"5b552e7\" data-element_type=\"column\" data-e-type=\"column\">\n\t\t\t<div class=\"elementor-widget-wrap elementor-element-populated\">\n\t\t\t\t\t\t<div class=\"elementor-element elementor-element-1fbaabd elementor-view-default elementor-widget elementor-widget-litho-content-block\" data-id=\"1fbaabd\" data-element_type=\"widget\" data-e-type=\"widget\" data-settings=\"{&quot;litho_content_block_style&quot;:&quot;block-style-1&quot;}\" data-widget_type=\"litho-content-block.default\">\n\t\t\t\t<div class=\"elementor-widget-container\">\n\t\t\t\t\t\t\t\t<div class=\"content-block content-block-style-1\">\n\t\t\t\t\t\t\t\t\t\t<div class=\"content-wrap\"><div class=\"content\"><table>\n<tbody>\n\n<tr>\n<td style=\"text-align: center;font-weight: bold\" colspan=\"2\">Juni - September<\/td>\n<\/tr>\n<tr>\n<td>Freitag<\/td>\n<td>16:30 \u2013 19:30<\/td>\n<\/tr>\n<tr>\n<td>Samstag<\/td>\n<td>10:00 \u2013 12:30, 16:30 \u2013 19:30<\/td>\n<\/tr>\n<tr>\n<td>Sonntag<\/td>\n<td>16:30 \u2013 19:30<\/td>\n<\/tr>\n\n<\/tbody>\n<\/table><\/div><\/div>\n\t\t\t\t\t\t\t\t\t<\/div>\n\t\t\t\t\t\t\t<\/div>\n\t\t\t\t<\/div>\n\t\t\t\t\t<\/div>\n\t\t<\/div>\n\t\t\t\t\t<\/div>\n\t\t<\/section>\n\t\t\t\t<section class=\"elementor-section elementor-top-section elementor-element elementor-element-8f1e09e elementor-section-boxed elementor-section-height-default elementor-section-height-default\" data-id=\"8f1e09e\" data-element_type=\"section\" data-e-type=\"section\">\n\t\t\t\t\t\t<div class=\"elementor-container elementor-column-gap-default\">\n\t\t\t\t\t<div class=\" elementor-column elementor-col-50 elementor-top-column elementor-element elementor-element-72cf08e\" data-fullscreen-column-settings=\"{&quot;fullscreen&quot;:&quot;&quot;}\" data-id=\"72cf08e\" data-element_type=\"column\" data-e-type=\"column\">\n\t\t\t<div class=\"elementor-widget-wrap elementor-element-populated\">\n\t\t\t\t\t\t<div class=\"elementor-element elementor-element-ef4ffe7 elementor-view-default elementor-widget elementor-widget-litho-content-block\" data-id=\"ef4ffe7\" data-element_type=\"widget\" data-e-type=\"widget\" data-settings=\"{&quot;litho_content_block_style&quot;:&quot;block-style-1&quot;}\" data-widget_type=\"litho-content-block.default\">\n\t\t\t\t<div class=\"elementor-widget-container\">\n\t\t\t\t\t\t\t\t<div class=\"content-block content-block-style-1\">\n\t\t\t\t\t\t\t\t\t\t<div class=\"content-wrap\"><div class=\"content\"><table>\n<tbody>\n\n<tr>\n<td style=\"text-align: center;font-weight: bold\" colspan=\"2\">Oktober - M\u00e4rz<\/td>\n<\/tr>\n<tr>\n<td>Freitag<\/td>\n<td>14:30 \u2013 17:30<\/td>\n<\/tr>\n<tr>\n<td>Samstag<\/td>\n<td>10:00 \u2013 12:30, 14:30 \u2013 17:30<\/td>\n<\/tr>\n<tr>\n<td>Sonntag<\/td>\n<td>14:30 \u2013 17:30<\/td>\n<\/tr>\n<\/tbody>\n<\/table><\/div><\/div>\n\t\t\t\t\t\t\t\t\t<\/div>\n\t\t\t\t\t\t\t<\/div>\n\t\t\t\t<\/div>\n\t\t\t\t\t<\/div>\n\t\t<\/div>\n\t\t\t\t<div class=\" elementor-column elementor-col-50 elementor-top-column elementor-element elementor-element-f70fafa\" data-fullscreen-column-settings=\"{&quot;fullscreen&quot;:&quot;&quot;}\" data-id=\"f70fafa\" data-element_type=\"column\" data-e-type=\"column\">\n\t\t\t<div class=\"elementor-widget-wrap elementor-element-populated\">\n\t\t\t\t\t\t<div class=\"elementor-element elementor-element-ddc283e elementor-widget elementor-widget-html\" data-id=\"ddc283e\" data-element_type=\"widget\" data-e-type=\"widget\" data-widget_type=\"html.default\">\n\t\t\t\t<div class=\"elementor-widget-container\">\n\t\t\t\t\t<div class=\"text-center\"><a href=\"https:\/\/museoterritorialedelgarda.weebly.com\" target=\"_blank\"><h4>Besuchen Sie das Garda Territorial Museum<\/h4><\/a><\/div>\n\t\t\t\t<\/div>\n\t\t\t\t<\/div>\n\t\t\t\t\t<\/div>\n\t\t<\/div>\n\t\t\t\t\t<\/div>\n\t\t<\/section>\n\t\t\t\t<section class=\"elementor-section elementor-top-section elementor-element elementor-element-d1f8cb7 elementor-section-boxed elementor-section-height-default elementor-section-height-default\" data-id=\"d1f8cb7\" data-element_type=\"section\" data-e-type=\"section\">\n\t\t\t\t\t\t<div class=\"elementor-container elementor-column-gap-default\">\n\t\t\t\t\t<div class=\" elementor-column elementor-col-100 elementor-top-column elementor-element elementor-element-1e21e50\" data-fullscreen-column-settings=\"{&quot;fullscreen&quot;:&quot;&quot;}\" data-id=\"1e21e50\" data-element_type=\"column\" data-e-type=\"column\">\n\t\t\t<div class=\"elementor-widget-wrap elementor-element-populated\">\n\t\t\t\t\t\t<section class=\"elementor-section elementor-inner-section elementor-element elementor-element-c55b712 elementor-section-boxed elementor-section-height-default elementor-section-height-default\" data-id=\"c55b712\" data-element_type=\"section\" data-e-type=\"section\">\n\t\t\t\t\t\t<div class=\"elementor-container elementor-column-gap-default\">\n\t\t\t\t\t<div class=\" elementor-column elementor-col-100 elementor-inner-column elementor-element elementor-element-56c2535 elementor-invisible\" data-fullscreen-column-settings=\"{&quot;fullscreen&quot;:&quot;&quot;}\" data-id=\"56c2535\" data-element_type=\"column\" data-e-type=\"column\" data-settings=\"{&quot;animation&quot;:&quot;fadeIn&quot;,&quot;animation_delay&quot;:200}\">\n\t\t\t<div class=\"elementor-widget-wrap elementor-element-populated\">\n\t\t\t\t\t\t<div class=\"elementor-element elementor-element-f311169 elementor-widget elementor-widget-litho-heading\" data-id=\"f311169\" data-element_type=\"widget\" data-e-type=\"widget\" data-widget_type=\"litho-heading.default\">\n\t\t\t\t<div class=\"elementor-widget-container\">\n\t\t\t\t\t<h5 class=\"litho-heading elementor-size-default\"><span class=\"litho-primary-title\">Entdecken Sie die Geschichte und Kultur des Gardasees<\/span><\/h5>\t\t\t\t<\/div>\n\t\t\t\t<\/div>\n\t\t\t\t\t<\/div>\n\t\t<\/div>\n\t\t\t\t\t<\/div>\n\t\t<\/section>\n\t\t\t\t\t<\/div>\n\t\t<\/div>\n\t\t\t\t\t<\/div>\n\t\t<\/section>\n\t\t\t\t<section class=\"elementor-section elementor-top-section elementor-element elementor-element-d1ef6a1 elementor-section-boxed elementor-section-height-default elementor-section-height-default\" data-id=\"d1ef6a1\" data-element_type=\"section\" data-e-type=\"section\">\n\t\t\t\t\t\t<div class=\"elementor-container elementor-column-gap-default\">\n\t\t\t\t\t<div class=\" elementor-column elementor-col-100 elementor-top-column elementor-element elementor-element-4256667\" data-fullscreen-column-settings=\"{&quot;fullscreen&quot;:&quot;&quot;}\" data-id=\"4256667\" data-element_type=\"column\" data-e-type=\"column\">\n\t\t\t<div class=\"elementor-widget-wrap elementor-element-populated\">\n\t\t\t\t\t\t<section class=\"elementor-section elementor-inner-section elementor-element elementor-element-3254fc8 elementor-section-boxed elementor-section-height-default elementor-section-height-default\" data-id=\"3254fc8\" data-element_type=\"section\" data-e-type=\"section\" data-settings=\"{&quot;animation&quot;:&quot;none&quot;}\">\n\t\t\t\t\t\t<div class=\"elementor-container elementor-column-gap-default\">\n\t\t\t\t\t<div class=\" elementor-column elementor-col-50 elementor-inner-column elementor-element elementor-element-5b5aee2 elementor-invisible\" data-fullscreen-column-settings=\"{&quot;fullscreen&quot;:&quot;&quot;}\" data-id=\"5b5aee2\" data-element_type=\"column\" data-e-type=\"column\" data-settings=\"{&quot;animation&quot;:&quot;fadeIn&quot;,&quot;animation_delay&quot;:600}\">\n\t\t\t<div class=\"elementor-widget-wrap elementor-element-populated\">\n\t\t\t\t\t\t<div class=\"elementor-element elementor-element-8ba1340 text-center elementor-widget__width-inherit elementor-widget elementor-widget-litho-feature-box\" data-id=\"8ba1340\" data-element_type=\"widget\" data-e-type=\"widget\" data-settings=\"{&quot;litho_feature_box_styles&quot;:&quot;icon-text-style-1&quot;}\" data-widget_type=\"litho-feature-box.default\">\n\t\t\t\t<div class=\"elementor-widget-container\">\n\t\t\t\t\t\t\t\t\t\t<div class=\"feature-box icon-text-style-1\"><div class=\"elementor-icon\"><img decoding=\"async\" src=\"https:\/\/visitgardaitaly.com\/wp-content\/uploads\/2024\/10\/STORIA-150x150.png?wsr\" alt=\"STORIA\"  srcset=\"https:\/\/visitgardaitaly.com\/wp-content\/uploads\/2024\/10\/STORIA-150x150.png 150w, https:\/\/visitgardaitaly.com\/wp-content\/uploads\/2024\/10\/STORIA-300x300.png 300w, https:\/\/visitgardaitaly.com\/wp-content\/uploads\/2024\/10\/STORIA-200x200.png 200w, https:\/\/visitgardaitaly.com\/wp-content\/uploads\/2024\/10\/STORIA.png 405w\" sizes=\"(max-width: 150px) 100vw, 150px\" \/><\/div><div class=\"feature-box-content\"><span class=\"title\">Geschichte<\/span><div class=\"elementor-button-wrapper\">\n\t\t\t\t\t\t\t\t\t\t<a href=\"https:\/\/visitgardaitaly.com\/storia\" class=\"elementor-button-link elementor-button \" role=\"button\">\n\t\t\t\t\t\t\t\t\t\t\t<span class=\"elementor-button-content-wrapper\"><span class=\"elementor-button-text\">Weitere Informationen<\/span>\n\t\t\t\t\t\t\t\t\t\t\t<\/span>\n\t\t\t\t\t\t\t\t\t\t<\/a>\n\t\t\t\t\t\t\t\t\t<\/div>\t\t\t\t\t\t\t<\/div>\n\t\t\t\t\t\t\t\t\t\t\t\t<\/div>\n\t\t\t\t\t\t\t\t\t<\/div>\n\t\t\t\t<\/div>\n\t\t\t\t\t<\/div>\n\t\t<\/div>\n\t\t\t\t<div class=\" elementor-column elementor-col-50 elementor-inner-column elementor-element elementor-element-5c2bd0e elementor-invisible\" data-fullscreen-column-settings=\"{&quot;fullscreen&quot;:&quot;&quot;}\" data-id=\"5c2bd0e\" data-element_type=\"column\" data-e-type=\"column\" data-settings=\"{&quot;animation&quot;:&quot;fadeIn&quot;,&quot;animation_delay&quot;:400}\">\n\t\t\t<div class=\"elementor-widget-wrap elementor-element-populated\">\n\t\t\t\t\t\t<div class=\"elementor-element elementor-element-4d687f3 text-center elementor-widget__width-inherit elementor-widget elementor-widget-litho-feature-box\" data-id=\"4d687f3\" data-element_type=\"widget\" data-e-type=\"widget\" data-settings=\"{&quot;litho_feature_box_styles&quot;:&quot;icon-text-style-1&quot;}\" data-widget_type=\"litho-feature-box.default\">\n\t\t\t\t<div class=\"elementor-widget-container\">\n\t\t\t\t\t\t\t\t\t\t<div class=\"feature-box icon-text-style-1\"><div class=\"elementor-icon\"><img decoding=\"async\" src=\"https:\/\/visitgardaitaly.com\/wp-content\/uploads\/2024\/10\/VELA-150x150.png?wsr\" alt=\"VELA\"  srcset=\"https:\/\/visitgardaitaly.com\/wp-content\/uploads\/2024\/10\/VELA-150x150.png 150w, https:\/\/visitgardaitaly.com\/wp-content\/uploads\/2024\/10\/VELA-298x300.png 298w, https:\/\/visitgardaitaly.com\/wp-content\/uploads\/2024\/10\/VELA-1019x1024.png 1019w, https:\/\/visitgardaitaly.com\/wp-content\/uploads\/2024\/10\/VELA-768x772.png 768w, https:\/\/visitgardaitaly.com\/wp-content\/uploads\/2024\/10\/VELA-1528x1536.png 1528w, https:\/\/visitgardaitaly.com\/wp-content\/uploads\/2024\/10\/VELA-2038x2048.png 2038w, https:\/\/visitgardaitaly.com\/wp-content\/uploads\/2024\/10\/VELA-200x201.png 200w, https:\/\/visitgardaitaly.com\/wp-content\/uploads\/2024\/10\/VELA-1568x1576.png 1568w\" sizes=\"(max-width: 150px) 100vw, 150px\" \/><\/div><div class=\"feature-box-content\"><span class=\"title\">Interessante Orte<\/span><div class=\"elementor-button-wrapper\">\n\t\t\t\t\t\t\t\t\t\t<a href=\"https:\/\/visitgardaitaly.com\/luoghi-di-interesse\/\" class=\"elementor-button-link elementor-button \" role=\"button\">\n\t\t\t\t\t\t\t\t\t\t\t<span class=\"elementor-button-content-wrapper\"><span class=\"elementor-button-text\">Weitere Informationen<\/span>\n\t\t\t\t\t\t\t\t\t\t\t<\/span>\n\t\t\t\t\t\t\t\t\t\t<\/a>\n\t\t\t\t\t\t\t\t\t<\/div>\t\t\t\t\t\t\t<\/div>\n\t\t\t\t\t\t\t\t\t\t\t\t<\/div>\n\t\t\t\t\t\t\t\t\t<\/div>\n\t\t\t\t<\/div>\n\t\t\t\t\t<\/div>\n\t\t<\/div>\n\t\t\t\t\t<\/div>\n\t\t<\/section>\n\t\t\t\t\t<\/div>\n\t\t<\/div>\n\t\t\t\t\t<\/div>\n\t\t<\/section>\n\t\t\t\t<\/div>\n\t\t","protected":false},"excerpt":{"rendered":"<p>Um Garda zu verstehen und viel \u00fcber seine Vergangenheit zu erfahren, muss man das Territorialmuseum des Gardasees besuchen, ein Ort, an dem die Erinnerung lebendig wird und der f\u00fcr die Planung der Zukunft unerl\u00e4sslich ist. Es ist klein und einladend und besteht aus einer Anlage, die es schafft, die Wurzeln des Gebiets lebendig werden zu [&hellip;]<\/p>\n","protected":false},"author":1,"featured_media":0,"parent":0,"menu_order":9,"comment_status":"closed","ping_status":"closed","template":"","meta":{"footnotes":""},"class_list":["post-81773","page","type-page","status-publish","hentry"],"_links":{"self":[{"href":"https:\/\/visitgardaitaly.com\/de\/wp-json\/wp\/v2\/pages\/81773","targetHints":{"allow":["GET"]}}],"collection":[{"href":"https:\/\/visitgardaitaly.com\/de\/wp-json\/wp\/v2\/pages"}],"about":[{"href":"https:\/\/visitgardaitaly.com\/de\/wp-json\/wp\/v2\/types\/page"}],"author":[{"embeddable":true,"href":"https:\/\/visitgardaitaly.com\/de\/wp-json\/wp\/v2\/users\/1"}],"replies":[{"embeddable":true,"href":"https:\/\/visitgardaitaly.com\/de\/wp-json\/wp\/v2\/comments?post=81773"}],"version-history":[{"count":2,"href":"https:\/\/visitgardaitaly.com\/de\/wp-json\/wp\/v2\/pages\/81773\/revisions"}],"predecessor-version":[{"id":82100,"href":"https:\/\/visitgardaitaly.com\/de\/wp-json\/wp\/v2\/pages\/81773\/revisions\/82100"}],"wp:attachment":[{"href":"https:\/\/visitgardaitaly.com\/de\/wp-json\/wp\/v2\/media?parent=81773"}],"curies":[{"name":"wp","href":"https:\/\/api.w.org\/{rel}","templated":true}]}}