{"id":81771,"date":"2023-06-08T12:37:12","date_gmt":"2023-06-08T12:37:12","guid":{"rendered":"http:\/\/visitgarda.vanzotech.com\/geschichte\/"},"modified":"2025-02-28T18:53:40","modified_gmt":"2025-02-28T18:53:40","slug":"geschichte","status":"publish","type":"page","link":"https:\/\/visitgardaitaly.com\/de\/geschichte\/","title":{"rendered":"Geschichte"},"content":{"rendered":"\t\t<div data-elementor-type=\"wp-page\" data-elementor-id=\"81771\" class=\"elementor elementor-81771 elementor-76733\">\n\t\t\t\t\t\t<section class=\"elementor-section elementor-top-section elementor-element elementor-element-0bfeef9 elementor-section-content-middle elementor-reverse-tablet elementor-reverse-mobile elementor-section-boxed elementor-section-height-default elementor-section-height-default\" data-id=\"0bfeef9\" data-element_type=\"section\" data-e-type=\"section\" data-settings=\"{&quot;background_background&quot;:&quot;classic&quot;}\">\n\t\t\t\t\t\t<div class=\"elementor-container elementor-column-gap-default\">\n\t\t\t\t\t<div class=\" elementor-column elementor-col-50 elementor-top-column elementor-element elementor-element-61f78fe elementor-invisible\" data-fullscreen-column-settings=\"{&quot;fullscreen&quot;:&quot;&quot;}\" data-id=\"61f78fe\" data-element_type=\"column\" data-e-type=\"column\" data-settings=\"{&quot;animation&quot;:&quot;fadeIn&quot;}\">\n\t\t\t<div class=\"elementor-widget-wrap elementor-element-populated\">\n\t\t\t\t\t\t<div class=\"elementor-element elementor-element-125829e elementor-widget elementor-widget-image\" data-id=\"125829e\" data-element_type=\"widget\" data-e-type=\"widget\" data-widget_type=\"image.default\">\n\t\t\t\t<div class=\"elementor-widget-container\">\n\t\t\t\t\t\t\t\t\t\t\t\t\t\t\t<img fetchpriority=\"high\" decoding=\"async\" width=\"1024\" height=\"683\" src=\"https:\/\/visitgardaitaly.com\/wp-content\/uploads\/2024\/10\/Incisioni-rupestri-GARDA-1024x683.jpg\" class=\"attachment-large size-large wp-image-81637\" alt=\"\" srcset=\"https:\/\/visitgardaitaly.com\/wp-content\/uploads\/2024\/10\/Incisioni-rupestri-GARDA-1024x683.jpg 1024w, https:\/\/visitgardaitaly.com\/wp-content\/uploads\/2024\/10\/Incisioni-rupestri-GARDA-300x200.jpg 300w, https:\/\/visitgardaitaly.com\/wp-content\/uploads\/2024\/10\/Incisioni-rupestri-GARDA-768x512.jpg 768w, https:\/\/visitgardaitaly.com\/wp-content\/uploads\/2024\/10\/Incisioni-rupestri-GARDA-1536x1024.jpg 1536w, https:\/\/visitgardaitaly.com\/wp-content\/uploads\/2024\/10\/Incisioni-rupestri-GARDA-200x133.jpg 200w, https:\/\/visitgardaitaly.com\/wp-content\/uploads\/2024\/10\/Incisioni-rupestri-GARDA-1568x1045.jpg 1568w, https:\/\/visitgardaitaly.com\/wp-content\/uploads\/2024\/10\/Incisioni-rupestri-GARDA.jpg 1800w\" sizes=\"(max-width: 1024px) 100vw, 1024px\" \/>\t\t\t\t\t\t\t\t\t\t\t\t\t\t\t<\/div>\n\t\t\t\t<\/div>\n\t\t\t\t\t<\/div>\n\t\t<\/div>\n\t\t\t\t<div class=\" elementor-column elementor-col-50 elementor-top-column elementor-element elementor-element-9f5e8dd\" data-fullscreen-column-settings=\"{&quot;fullscreen&quot;:&quot;&quot;}\" data-id=\"9f5e8dd\" data-element_type=\"column\" data-e-type=\"column\">\n\t\t\t<div class=\"elementor-widget-wrap elementor-element-populated\">\n\t\t\t\t\t\t<div class=\"elementor-element elementor-element-edda6ff elementor-widget elementor-widget-text-editor\" data-id=\"edda6ff\" data-element_type=\"widget\" data-e-type=\"widget\" data-widget_type=\"text-editor.default\">\n\t\t\t\t<div class=\"elementor-widget-container\">\n\t\t\t\t\t\t\t\t\t<p>Um die kleine Gemeinde zu w\u00fcrdigen, die dem gr\u00f6\u00dften See Italiens ihren Namen gegeben hat, ist es notwendig, kurz ihre Geschichte zu erz\u00e4hlen. Der Gardasee erstreckt sich im innersten Teil des Golfs, der im S\u00fcden durch die beiden Rocche und im Norden durch das S\u00e9nge-Massiv abgeschlossen wird, wobei der Monte Luppia, der letzte s\u00fcdliche Ausl\u00e4ufer des Monte Baldo, mit der Halbinsel San Vigilio in den See abf\u00e4llt.<\/p><p>Die ersten Beweise f\u00fcr die Anwesenheit von Menschen stammen aus pr\u00e4historischer Zeit, aus dem Ende des 2. Jahrtausends v. Chr., mit Felsgravuren. In der Gemeinde gibt es mehr als 250 Felsen, in die mehr als 3.000 Darstellungen eingraviert sind. Glatte Felsen wie Bretter, die sich hervorragend zum Schreiben von Geschichten und Legenden eignen, wie es die Menschen taten, die zwischen dem 13. und 7. Jahrhundert v. Chr. an diesen Orten lebten und Krieger und Waffen durch die Technik des H\u00e4mmerns darstellten.<\/p><p>Es gibt auch zahlreiche r\u00f6mische Funde, sowohl auf der Rocca als auch an der K\u00fcste, wie z. B. in Punta San Vigilio, wo sich in r\u00f6mischer Zeit ein kleiner Tempel befand, der der heidnischen Gottheit Benaco geweiht war und von dem nur ein Grabstein bis heute erhalten geblieben ist, der im Museo Lapidario Maffeiano in Verona aufbewahrt wird.<\/p><p>Aber gerade auf die Rocca muss man sich beziehen, um zu verstehen, dass der urspr\u00fcngliche Garda den See \u00fcberhaupt nicht ber\u00fchrte. Goten, Langobarden, Franken und Osmanen im germanischen Heiligen R\u00f6mischen Reich, alle Herrscher, die im Laufe der Geschichte aufeinander folgten, zogen es vor, das Wasser des Sees von oben zu beobachten, von der &#8222;warda&#8220;, der &#8222;Wache&#8220;, der befestigten Festung, von der aus sie die Bewegungen und Angriffe des Feindes vorhersehen konnten.<\/p>\t\t\t\t\t\t\t\t<\/div>\n\t\t\t\t<\/div>\n\t\t\t\t\t<\/div>\n\t\t<\/div>\n\t\t\t\t\t<\/div>\n\t\t<\/section>\n\t\t\t\t<section class=\"elementor-section elementor-top-section elementor-element elementor-element-0c86f4a elementor-section-content-middle elementor-section-boxed elementor-section-height-default elementor-section-height-default\" data-id=\"0c86f4a\" data-element_type=\"section\" data-e-type=\"section\" data-settings=\"{&quot;background_background&quot;:&quot;classic&quot;}\">\n\t\t\t\t\t\t<div class=\"elementor-container elementor-column-gap-default\">\n\t\t\t\t\t<div class=\" elementor-column elementor-col-50 elementor-top-column elementor-element elementor-element-7aa4f70\" data-fullscreen-column-settings=\"{&quot;fullscreen&quot;:&quot;&quot;}\" data-id=\"7aa4f70\" data-element_type=\"column\" data-e-type=\"column\">\n\t\t\t<div class=\"elementor-widget-wrap elementor-element-populated\">\n\t\t\t\t\t\t<section class=\"elementor-section elementor-inner-section elementor-element elementor-element-7b005d1 elementor-section-boxed elementor-section-height-default elementor-section-height-default\" data-id=\"7b005d1\" data-element_type=\"section\" data-e-type=\"section\">\n\t\t\t\t\t\t<div class=\"elementor-container elementor-column-gap-default\">\n\t\t\t\t\t<div class=\" elementor-column elementor-col-100 elementor-inner-column elementor-element elementor-element-70234dc elementor-invisible\" data-fullscreen-column-settings=\"{&quot;fullscreen&quot;:&quot;&quot;}\" data-id=\"70234dc\" data-element_type=\"column\" data-e-type=\"column\" data-settings=\"{&quot;animation&quot;:&quot;fadeIn&quot;}\">\n\t\t\t<div class=\"elementor-widget-wrap elementor-element-populated\">\n\t\t\t\t\t\t<div class=\"elementor-element elementor-element-399ab6f elementor-widget__width-initial elementor-widget-tablet__width-inherit elementor-widget elementor-widget-text-editor\" data-id=\"399ab6f\" data-element_type=\"widget\" data-e-type=\"widget\" data-widget_type=\"text-editor.default\">\n\t\t\t\t<div class=\"elementor-widget-container\">\n\t\t\t\t\t\t\t\t\t<p>Im fr\u00fchen Mittelalter wurde das Dorf am Fu\u00dfe der Rocca auch als Garda bezeichnet. Das Wort &#8222;Warda&#8220; wurde im Laufe der Zeit in der Sprache vulgarisiert und zu &#8222;Garda&#8220;. Und es war genau das Dorf Garda, das um das Jahr 1000 dem See seinen Namen gab und die urspr\u00fcngliche Bezeichnung &#8222;Benacus&#8220; auf den Landkarten ersetzte.<\/p>\n<p>Von Benacus also nach Garda&#8230; Dies bezeugt eine Schrift des Bischofs und Geschichtsschreibers Otto von Freising, der sich in der ersten H\u00e4lfte des 12. Jahrhunderts an den &#8222;Teich von Garda&#8220; erinnert, mit einem Hauch von Groll gegen\u00fcber jener Festung, die es gewagt hatte, sogar Barbarossa zu widerstehen.<\/p>\n<p>Ja, denn die Festung stand im Mittelpunkt st\u00e4ndiger K\u00e4mpfe, widerstand der Belagerung durch Friedrich Barbarossa und wechselte von einer Herrschaft zur n\u00e4chsten: von den Scaligeri zu den Visconti und fiel dann in die H\u00e4nde der Venezianer. ILanzichenecchi und die Pest trafen die Stadt und schw\u00e4chten sie weiter, bis Napoleon 1797 der venezianischen Herrschaft ein Ende setzte.<\/p>\n<p><\/p>\t\t\t\t\t\t\t\t<\/div>\n\t\t\t\t<\/div>\n\t\t\t\t\t<\/div>\n\t\t<\/div>\n\t\t\t\t\t<\/div>\n\t\t<\/section>\n\t\t\t\t\t<\/div>\n\t\t<\/div>\n\t\t\t\t<div class=\" elementor-column elementor-col-50 elementor-top-column elementor-element elementor-element-33e1a6f elementor-invisible\" data-fullscreen-column-settings=\"{&quot;fullscreen&quot;:&quot;&quot;}\" data-id=\"33e1a6f\" data-element_type=\"column\" data-e-type=\"column\" data-settings=\"{&quot;animation&quot;:&quot;fadeIn&quot;}\">\n\t\t\t<div class=\"elementor-widget-wrap elementor-element-populated\">\n\t\t\t\t\t\t<div class=\"elementor-element elementor-element-78890e7 elementor-widget elementor-widget-image\" data-id=\"78890e7\" data-element_type=\"widget\" data-e-type=\"widget\" data-widget_type=\"image.default\">\n\t\t\t\t<div class=\"elementor-widget-container\">\n\t\t\t\t\t\t\t\t\t\t\t\t\t\t\t<img decoding=\"async\" width=\"1024\" height=\"683\" src=\"https:\/\/visitgardaitaly.com\/wp-content\/uploads\/2024\/10\/2\u00b0_storia_garda-1024x683.jpg\" class=\"attachment-large size-large wp-image-81669\" alt=\"\" srcset=\"https:\/\/visitgardaitaly.com\/wp-content\/uploads\/2024\/10\/2\u00b0_storia_garda-1024x683.jpg 1024w, https:\/\/visitgardaitaly.com\/wp-content\/uploads\/2024\/10\/2\u00b0_storia_garda-300x200.jpg 300w, https:\/\/visitgardaitaly.com\/wp-content\/uploads\/2024\/10\/2\u00b0_storia_garda-768x512.jpg 768w, https:\/\/visitgardaitaly.com\/wp-content\/uploads\/2024\/10\/2\u00b0_storia_garda-1536x1025.jpg 1536w, https:\/\/visitgardaitaly.com\/wp-content\/uploads\/2024\/10\/2\u00b0_storia_garda-200x133.jpg 200w, https:\/\/visitgardaitaly.com\/wp-content\/uploads\/2024\/10\/2\u00b0_storia_garda-1568x1046.jpg 1568w, https:\/\/visitgardaitaly.com\/wp-content\/uploads\/2024\/10\/2\u00b0_storia_garda.jpg 2048w\" sizes=\"(max-width: 1024px) 100vw, 1024px\" \/>\t\t\t\t\t\t\t\t\t\t\t\t\t\t\t<\/div>\n\t\t\t\t<\/div>\n\t\t\t\t\t<\/div>\n\t\t<\/div>\n\t\t\t\t\t<\/div>\n\t\t<\/section>\n\t\t\t\t<section class=\"elementor-section elementor-top-section elementor-element elementor-element-70449df elementor-section-content-middle elementor-reverse-tablet elementor-reverse-mobile elementor-section-boxed elementor-section-height-default elementor-section-height-default\" data-id=\"70449df\" data-element_type=\"section\" data-e-type=\"section\" data-settings=\"{&quot;background_background&quot;:&quot;classic&quot;}\">\n\t\t\t\t\t\t<div class=\"elementor-container elementor-column-gap-default\">\n\t\t\t\t\t<div class=\" elementor-column elementor-col-50 elementor-top-column elementor-element elementor-element-a6a5e70 elementor-invisible\" data-fullscreen-column-settings=\"{&quot;fullscreen&quot;:&quot;&quot;}\" data-id=\"a6a5e70\" data-element_type=\"column\" data-e-type=\"column\" data-settings=\"{&quot;animation&quot;:&quot;fadeIn&quot;}\">\n\t\t\t<div class=\"elementor-widget-wrap elementor-element-populated\">\n\t\t\t\t\t\t<div class=\"elementor-element elementor-element-b5ca9bb elementor-widget elementor-widget-image\" data-id=\"b5ca9bb\" data-element_type=\"widget\" data-e-type=\"widget\" data-widget_type=\"image.default\">\n\t\t\t\t<div class=\"elementor-widget-container\">\n\t\t\t\t\t\t\t\t\t\t\t\t\t\t\t<img decoding=\"async\" width=\"720\" height=\"463\" src=\"https:\/\/visitgardaitaly.com\/wp-content\/uploads\/2024\/07\/3_foto-pescatori.jpg\" class=\"attachment-large size-large wp-image-81407\" alt=\"\" srcset=\"https:\/\/visitgardaitaly.com\/wp-content\/uploads\/2024\/07\/3_foto-pescatori.jpg 720w, https:\/\/visitgardaitaly.com\/wp-content\/uploads\/2024\/07\/3_foto-pescatori-300x193.jpg 300w, https:\/\/visitgardaitaly.com\/wp-content\/uploads\/2024\/07\/3_foto-pescatori-200x129.jpg 200w\" sizes=\"(max-width: 720px) 100vw, 720px\" \/>\t\t\t\t\t\t\t\t\t\t\t\t\t\t\t<\/div>\n\t\t\t\t<\/div>\n\t\t\t\t\t<\/div>\n\t\t<\/div>\n\t\t\t\t<div class=\" elementor-column elementor-col-50 elementor-top-column elementor-element elementor-element-939ad34\" data-fullscreen-column-settings=\"{&quot;fullscreen&quot;:&quot;&quot;}\" data-id=\"939ad34\" data-element_type=\"column\" data-e-type=\"column\">\n\t\t\t<div class=\"elementor-widget-wrap elementor-element-populated\">\n\t\t\t\t\t\t<div class=\"elementor-element elementor-element-2d056f5 elementor-widget elementor-widget-text-editor\" data-id=\"2d056f5\" data-element_type=\"widget\" data-e-type=\"widget\" data-widget_type=\"text-editor.default\">\n\t\t\t\t<div class=\"elementor-widget-container\">\n\t\t\t\t\t\t\t\t\t<p>Garda wurde zun\u00e4chst dem K\u00f6nigreich Italien angegliedert und dann, nach der Niederlage bei Waterloo, dem K\u00f6nigreich Lombardei-Venetien einverleibt.<\/p><p>Mit dem Dritten Unabh\u00e4ngigkeitskrieg wurde Garda schlie\u00dflich italienisch. Bis Mitte des letzten Jahrhunderts war Garda eine Stadt, deren Wirtschaft auf Fischerei, Weinbau und Seidenraupenzucht basierte.<\/p><p>Garda ist heute eine gem\u00fctliche und moderne Stadt, die man das ganze Jahr \u00fcber erleben und besuchen kann.<\/p>\t\t\t\t\t\t\t\t<\/div>\n\t\t\t\t<\/div>\n\t\t\t\t\t<\/div>\n\t\t<\/div>\n\t\t\t\t\t<\/div>\n\t\t<\/section>\n\t\t\t\t<section class=\"elementor-section elementor-top-section elementor-element elementor-element-b92604d elementor-section-boxed elementor-section-height-default elementor-section-height-default\" data-id=\"b92604d\" data-element_type=\"section\" data-e-type=\"section\">\n\t\t\t\t\t\t<div class=\"elementor-container elementor-column-gap-default\">\n\t\t\t\t\t<div class=\" elementor-column elementor-col-100 elementor-top-column elementor-element elementor-element-5da9237\" data-fullscreen-column-settings=\"{&quot;fullscreen&quot;:&quot;&quot;}\" data-id=\"5da9237\" data-element_type=\"column\" data-e-type=\"column\">\n\t\t\t<div class=\"elementor-widget-wrap elementor-element-populated\">\n\t\t\t\t\t\t<section class=\"elementor-section elementor-inner-section elementor-element elementor-element-754581a elementor-section-boxed elementor-section-height-default elementor-section-height-default\" data-id=\"754581a\" data-element_type=\"section\" data-e-type=\"section\">\n\t\t\t\t\t\t<div class=\"elementor-container elementor-column-gap-default\">\n\t\t\t\t\t<div class=\" elementor-column elementor-col-100 elementor-inner-column elementor-element elementor-element-5851160 elementor-invisible\" data-fullscreen-column-settings=\"{&quot;fullscreen&quot;:&quot;&quot;}\" data-id=\"5851160\" data-element_type=\"column\" data-e-type=\"column\" data-settings=\"{&quot;animation&quot;:&quot;fadeIn&quot;,&quot;animation_delay&quot;:200}\">\n\t\t\t<div class=\"elementor-widget-wrap elementor-element-populated\">\n\t\t\t\t\t\t<div class=\"elementor-element elementor-element-9cebc59 elementor-widget elementor-widget-litho-heading\" data-id=\"9cebc59\" data-element_type=\"widget\" data-e-type=\"widget\" data-widget_type=\"litho-heading.default\">\n\t\t\t\t<div class=\"elementor-widget-container\">\n\t\t\t\t\t<h5 class=\"litho-heading elementor-size-default\"><span class=\"litho-primary-title\">Entdecken Sie die Geschichte und Kultur des Gardasees<\/span><\/h5>\t\t\t\t<\/div>\n\t\t\t\t<\/div>\n\t\t\t\t\t<\/div>\n\t\t<\/div>\n\t\t\t\t\t<\/div>\n\t\t<\/section>\n\t\t\t\t\t<\/div>\n\t\t<\/div>\n\t\t\t\t\t<\/div>\n\t\t<\/section>\n\t\t\t\t<section class=\"elementor-section elementor-top-section elementor-element elementor-element-8e705a4 elementor-section-boxed elementor-section-height-default elementor-section-height-default\" data-id=\"8e705a4\" data-element_type=\"section\" data-e-type=\"section\">\n\t\t\t\t\t\t<div class=\"elementor-container elementor-column-gap-default\">\n\t\t\t\t\t<div class=\" elementor-column elementor-col-100 elementor-top-column elementor-element elementor-element-12b5b66\" data-fullscreen-column-settings=\"{&quot;fullscreen&quot;:&quot;&quot;}\" data-id=\"12b5b66\" data-element_type=\"column\" data-e-type=\"column\">\n\t\t\t<div class=\"elementor-widget-wrap elementor-element-populated\">\n\t\t\t\t\t\t<section class=\"elementor-section elementor-inner-section elementor-element elementor-element-e61dddb elementor-section-boxed elementor-section-height-default elementor-section-height-default\" data-id=\"e61dddb\" data-element_type=\"section\" data-e-type=\"section\" data-settings=\"{&quot;animation&quot;:&quot;none&quot;}\">\n\t\t\t\t\t\t<div class=\"elementor-container elementor-column-gap-default\">\n\t\t\t\t\t<div class=\" elementor-column elementor-col-50 elementor-inner-column elementor-element elementor-element-4d6dd9d elementor-invisible\" data-fullscreen-column-settings=\"{&quot;fullscreen&quot;:&quot;&quot;}\" data-id=\"4d6dd9d\" data-element_type=\"column\" data-e-type=\"column\" data-settings=\"{&quot;animation&quot;:&quot;fadeIn&quot;,&quot;animation_delay&quot;:200}\">\n\t\t\t<div class=\"elementor-widget-wrap elementor-element-populated\">\n\t\t\t\t\t\t<div class=\"elementor-element elementor-element-076d8a2 text-center elementor-widget__width-inherit elementor-widget elementor-widget-litho-feature-box\" data-id=\"076d8a2\" data-element_type=\"widget\" data-e-type=\"widget\" data-settings=\"{&quot;litho_feature_box_styles&quot;:&quot;icon-text-style-1&quot;}\" data-widget_type=\"litho-feature-box.default\">\n\t\t\t\t<div class=\"elementor-widget-container\">\n\t\t\t\t\t\t\t\t\t\t<div class=\"feature-box icon-text-style-1\"><div class=\"elementor-icon\"><img decoding=\"async\" src=\"https:\/\/visitgardaitaly.com\/wp-content\/uploads\/2024\/10\/MUSEO-150x150.png?wsr\" alt=\"MUSEO\"  srcset=\"https:\/\/visitgardaitaly.com\/wp-content\/uploads\/2024\/10\/MUSEO-150x150.png 150w, https:\/\/visitgardaitaly.com\/wp-content\/uploads\/2024\/10\/MUSEO-300x300.png 300w, https:\/\/visitgardaitaly.com\/wp-content\/uploads\/2024\/10\/MUSEO-1021x1024.png 1021w, https:\/\/visitgardaitaly.com\/wp-content\/uploads\/2024\/10\/MUSEO-768x770.png 768w, https:\/\/visitgardaitaly.com\/wp-content\/uploads\/2024\/10\/MUSEO-1532x1536.png 1532w, https:\/\/visitgardaitaly.com\/wp-content\/uploads\/2024\/10\/MUSEO-2042x2048.png 2042w, https:\/\/visitgardaitaly.com\/wp-content\/uploads\/2024\/10\/MUSEO-200x201.png 200w, https:\/\/visitgardaitaly.com\/wp-content\/uploads\/2024\/10\/MUSEO-1568x1572.png 1568w\" sizes=\"(max-width: 150px) 100vw, 150px\" \/><\/div><div class=\"feature-box-content\"><span class=\"title\">Museo<\/span><div class=\"elementor-button-wrapper\">\n\t\t\t\t\t\t\t\t\t\t<a href=\"https:\/\/visitgardaitaly.com\/museo\" class=\"elementor-button-link elementor-button \" role=\"button\">\n\t\t\t\t\t\t\t\t\t\t\t<span class=\"elementor-button-content-wrapper\"><span class=\"elementor-button-text\">Weitere Informationen<\/span>\n\t\t\t\t\t\t\t\t\t\t\t<\/span>\n\t\t\t\t\t\t\t\t\t\t<\/a>\n\t\t\t\t\t\t\t\t\t<\/div>\t\t\t\t\t\t\t<\/div>\n\t\t\t\t\t\t\t\t\t\t\t\t<\/div>\n\t\t\t\t\t\t\t\t\t<\/div>\n\t\t\t\t<\/div>\n\t\t\t\t\t<\/div>\n\t\t<\/div>\n\t\t\t\t<div class=\" elementor-column elementor-col-50 elementor-inner-column elementor-element elementor-element-7f22535 elementor-invisible\" data-fullscreen-column-settings=\"{&quot;fullscreen&quot;:&quot;&quot;}\" data-id=\"7f22535\" data-element_type=\"column\" data-e-type=\"column\" data-settings=\"{&quot;animation&quot;:&quot;fadeIn&quot;,&quot;animation_delay&quot;:400}\">\n\t\t\t<div class=\"elementor-widget-wrap elementor-element-populated\">\n\t\t\t\t\t\t<div class=\"elementor-element elementor-element-406f59f text-center elementor-widget__width-inherit elementor-widget elementor-widget-litho-feature-box\" data-id=\"406f59f\" data-element_type=\"widget\" data-e-type=\"widget\" data-settings=\"{&quot;litho_feature_box_styles&quot;:&quot;icon-text-style-1&quot;}\" data-widget_type=\"litho-feature-box.default\">\n\t\t\t\t<div class=\"elementor-widget-container\">\n\t\t\t\t\t\t\t\t\t\t<div class=\"feature-box icon-text-style-1\"><div class=\"elementor-icon\"><img decoding=\"async\" src=\"https:\/\/visitgardaitaly.com\/wp-content\/uploads\/2024\/11\/Luoghi_di_interesse-150x150.png?wsr\" alt=\"Luoghi_di_interesse\"  srcset=\"https:\/\/visitgardaitaly.com\/wp-content\/uploads\/2024\/11\/Luoghi_di_interesse-150x150.png 150w, https:\/\/visitgardaitaly.com\/wp-content\/uploads\/2024\/11\/Luoghi_di_interesse-298x300.png 298w, https:\/\/visitgardaitaly.com\/wp-content\/uploads\/2024\/11\/Luoghi_di_interesse-1019x1024.png 1019w, https:\/\/visitgardaitaly.com\/wp-content\/uploads\/2024\/11\/Luoghi_di_interesse-768x772.png 768w, https:\/\/visitgardaitaly.com\/wp-content\/uploads\/2024\/11\/Luoghi_di_interesse-1528x1536.png 1528w, https:\/\/visitgardaitaly.com\/wp-content\/uploads\/2024\/11\/Luoghi_di_interesse-2038x2048.png 2038w, https:\/\/visitgardaitaly.com\/wp-content\/uploads\/2024\/11\/Luoghi_di_interesse-200x201.png 200w, https:\/\/visitgardaitaly.com\/wp-content\/uploads\/2024\/11\/Luoghi_di_interesse-1568x1576.png 1568w\" sizes=\"(max-width: 150px) 100vw, 150px\" \/><\/div><div class=\"feature-box-content\"><span class=\"title\">Interessante Orte<\/span><div class=\"elementor-button-wrapper\">\n\t\t\t\t\t\t\t\t\t\t<a href=\"https:\/\/visitgardaitaly.com\/luoghi-di-interesse\/\" class=\"elementor-button-link elementor-button \" role=\"button\">\n\t\t\t\t\t\t\t\t\t\t\t<span class=\"elementor-button-content-wrapper\"><span class=\"elementor-button-text\">Weitere Informationen<\/span>\n\t\t\t\t\t\t\t\t\t\t\t<\/span>\n\t\t\t\t\t\t\t\t\t\t<\/a>\n\t\t\t\t\t\t\t\t\t<\/div>\t\t\t\t\t\t\t<\/div>\n\t\t\t\t\t\t\t\t\t\t\t\t<\/div>\n\t\t\t\t\t\t\t\t\t<\/div>\n\t\t\t\t<\/div>\n\t\t\t\t\t<\/div>\n\t\t<\/div>\n\t\t\t\t\t<\/div>\n\t\t<\/section>\n\t\t\t\t\t<\/div>\n\t\t<\/div>\n\t\t\t\t\t<\/div>\n\t\t<\/section>\n\t\t\t\t<\/div>\n\t\t","protected":false},"excerpt":{"rendered":"<p>Um die kleine Gemeinde zu w\u00fcrdigen, die dem gr\u00f6\u00dften See Italiens ihren Namen gegeben hat, ist es notwendig, kurz ihre Geschichte zu erz\u00e4hlen. Der Gardasee erstreckt sich im innersten Teil des Golfs, der im S\u00fcden durch die beiden Rocche und im Norden durch das S\u00e9nge-Massiv abgeschlossen wird, wobei der Monte Luppia, der letzte s\u00fcdliche Ausl\u00e4ufer [&hellip;]<\/p>\n","protected":false},"author":1,"featured_media":0,"parent":0,"menu_order":9,"comment_status":"closed","ping_status":"closed","template":"","meta":{"footnotes":""},"class_list":["post-81771","page","type-page","status-publish","hentry"],"_links":{"self":[{"href":"https:\/\/visitgardaitaly.com\/de\/wp-json\/wp\/v2\/pages\/81771","targetHints":{"allow":["GET"]}}],"collection":[{"href":"https:\/\/visitgardaitaly.com\/de\/wp-json\/wp\/v2\/pages"}],"about":[{"href":"https:\/\/visitgardaitaly.com\/de\/wp-json\/wp\/v2\/types\/page"}],"author":[{"embeddable":true,"href":"https:\/\/visitgardaitaly.com\/de\/wp-json\/wp\/v2\/users\/1"}],"replies":[{"embeddable":true,"href":"https:\/\/visitgardaitaly.com\/de\/wp-json\/wp\/v2\/comments?post=81771"}],"version-history":[{"count":2,"href":"https:\/\/visitgardaitaly.com\/de\/wp-json\/wp\/v2\/pages\/81771\/revisions"}],"predecessor-version":[{"id":82097,"href":"https:\/\/visitgardaitaly.com\/de\/wp-json\/wp\/v2\/pages\/81771\/revisions\/82097"}],"wp:attachment":[{"href":"https:\/\/visitgardaitaly.com\/de\/wp-json\/wp\/v2\/media?parent=81771"}],"curies":[{"name":"wp","href":"https:\/\/api.w.org\/{rel}","templated":true}]}}