{"id":81767,"date":"2023-06-08T12:48:42","date_gmt":"2023-06-08T12:48:42","guid":{"rendered":"http:\/\/visitgarda.vanzotech.com\/winter\/"},"modified":"2025-02-28T18:43:46","modified_gmt":"2025-02-28T18:43:46","slug":"winter","status":"publish","type":"page","link":"https:\/\/visitgardaitaly.com\/de\/winter\/","title":{"rendered":"Winter"},"content":{"rendered":"\t\t<div data-elementor-type=\"wp-page\" data-elementor-id=\"81767\" class=\"elementor elementor-81767 elementor-76749\">\n\t\t\t\t\t\t<section class=\"elementor-section elementor-top-section elementor-element elementor-element-453dfde elementor-section-content-middle elementor-section-boxed elementor-section-height-default elementor-section-height-default\" data-id=\"453dfde\" data-element_type=\"section\" data-e-type=\"section\" id=\"about\" data-settings=\"{&quot;background_background&quot;:&quot;classic&quot;}\">\n\t\t\t\t\t\t<div class=\"elementor-container elementor-column-gap-default\">\n\t\t\t\t\t<div class=\" elementor-column elementor-col-50 elementor-top-column elementor-element elementor-element-6d6e11b\" data-fullscreen-column-settings=\"{&quot;fullscreen&quot;:&quot;&quot;}\" data-id=\"6d6e11b\" data-element_type=\"column\" data-e-type=\"column\">\n\t\t\t<div class=\"elementor-widget-wrap elementor-element-populated\">\n\t\t\t\t\t\t<div class=\"elementor-element elementor-element-9bb12b6 elementor-widget__width-initial elementor-widget-tablet__width-inherit elementor-widget elementor-widget-text-editor\" data-id=\"9bb12b6\" data-element_type=\"widget\" data-e-type=\"widget\" data-widget_type=\"text-editor.default\">\n\t\t\t\t<div class=\"elementor-widget-container\">\n\t\t\t\t\t\t\t\t\t<p>Die K\u00e4lte auf den H\u00fcgeln des Gardasees sticht nicht, sie ist so s\u00fc\u00df wie eine frisch gebackene &#8222;fogassa&#8220;.<br>Die W\u00e4rme, die vom See aufsteigt, breitet sich warm \u00fcber die Weinberge aus und das Wandern ist ein Genuss, den man in aller Ruhe genie\u00dfen kann, wie die Vorfreude auf die Feste, die das Dorf Garda erhellen.<br>Weihnachten wird hier &#8222;tra gli Olivi&#8220; (zwischen den Olivenb\u00e4umen) gefeiert, mit einem saisonalen Markt, auf dem man die authentischen Aromen des Gardasees und seines Hinterlandes findet, sowie viele handwerkliche Produkte, die man als Geschenk unter den Baum legen kann.<\/p>\t\t\t\t\t\t\t\t<\/div>\n\t\t\t\t<\/div>\n\t\t\t\t\t<\/div>\n\t\t<\/div>\n\t\t\t\t<div class=\" elementor-column elementor-col-50 elementor-top-column elementor-element elementor-element-4f7cb78 elementor-invisible\" data-fullscreen-column-settings=\"{&quot;fullscreen&quot;:&quot;&quot;}\" data-id=\"4f7cb78\" data-element_type=\"column\" data-e-type=\"column\" data-settings=\"{&quot;animation&quot;:&quot;fadeIn&quot;,&quot;animation_delay&quot;:200}\">\n\t\t\t<div class=\"elementor-widget-wrap elementor-element-populated\">\n\t\t\t\t\t\t<div class=\"elementor-element elementor-element-2e84bee elementor-widget elementor-widget-image\" data-id=\"2e84bee\" data-element_type=\"widget\" data-e-type=\"widget\" data-widget_type=\"image.default\">\n\t\t\t\t<div class=\"elementor-widget-container\">\n\t\t\t\t\t\t\t\t\t\t\t\t\t\t\t<img fetchpriority=\"high\" decoding=\"async\" width=\"2048\" height=\"1365\" src=\"https:\/\/visitgardaitaly.com\/wp-content\/uploads\/2024\/07\/FOTO-1-MERCATINO-DI-NATALE-DI-GARDA-1.jpg\" class=\"attachment-full size-full wp-image-81445\" alt=\"\" srcset=\"https:\/\/visitgardaitaly.com\/wp-content\/uploads\/2024\/07\/FOTO-1-MERCATINO-DI-NATALE-DI-GARDA-1.jpg 2048w, https:\/\/visitgardaitaly.com\/wp-content\/uploads\/2024\/07\/FOTO-1-MERCATINO-DI-NATALE-DI-GARDA-1-300x200.jpg 300w, https:\/\/visitgardaitaly.com\/wp-content\/uploads\/2024\/07\/FOTO-1-MERCATINO-DI-NATALE-DI-GARDA-1-1024x683.jpg 1024w, https:\/\/visitgardaitaly.com\/wp-content\/uploads\/2024\/07\/FOTO-1-MERCATINO-DI-NATALE-DI-GARDA-1-768x512.jpg 768w, https:\/\/visitgardaitaly.com\/wp-content\/uploads\/2024\/07\/FOTO-1-MERCATINO-DI-NATALE-DI-GARDA-1-1536x1024.jpg 1536w, https:\/\/visitgardaitaly.com\/wp-content\/uploads\/2024\/07\/FOTO-1-MERCATINO-DI-NATALE-DI-GARDA-1-200x133.jpg 200w, https:\/\/visitgardaitaly.com\/wp-content\/uploads\/2024\/07\/FOTO-1-MERCATINO-DI-NATALE-DI-GARDA-1-1568x1045.jpg 1568w\" sizes=\"(max-width: 2048px) 100vw, 2048px\" \/>\t\t\t\t\t\t\t\t\t\t\t\t\t\t\t<\/div>\n\t\t\t\t<\/div>\n\t\t\t\t\t<\/div>\n\t\t<\/div>\n\t\t\t\t\t<\/div>\n\t\t<\/section>\n\t\t\t\t<section class=\"elementor-section elementor-top-section elementor-element elementor-element-2c414d4 elementor-section-content-middle elementor-reverse-tablet elementor-reverse-mobile elementor-section-boxed elementor-section-height-default elementor-section-height-default\" data-id=\"2c414d4\" data-element_type=\"section\" data-e-type=\"section\" data-settings=\"{&quot;background_background&quot;:&quot;classic&quot;}\">\n\t\t\t\t\t\t<div class=\"elementor-container elementor-column-gap-default\">\n\t\t\t\t\t<div class=\" elementor-column elementor-col-50 elementor-top-column elementor-element elementor-element-0cb6d47 elementor-invisible\" data-fullscreen-column-settings=\"{&quot;fullscreen&quot;:&quot;&quot;}\" data-id=\"0cb6d47\" data-element_type=\"column\" data-e-type=\"column\" data-settings=\"{&quot;animation&quot;:&quot;fadeIn&quot;,&quot;animation_delay&quot;:200}\">\n\t\t\t<div class=\"elementor-widget-wrap elementor-element-populated\">\n\t\t\t\t\t\t<div class=\"elementor-element elementor-element-5c0c2af elementor-widget elementor-widget-image\" data-id=\"5c0c2af\" data-element_type=\"widget\" data-e-type=\"widget\" data-widget_type=\"image.default\">\n\t\t\t\t<div class=\"elementor-widget-container\">\n\t\t\t\t\t\t\t\t\t\t\t\t\t\t\t<img decoding=\"async\" width=\"960\" height=\"540\" src=\"https:\/\/visitgardaitaly.com\/wp-content\/uploads\/2024\/09\/2\u00b0-foto-spa-gardacqua.jpg\" class=\"attachment-full size-full wp-image-81547\" alt=\"\" srcset=\"https:\/\/visitgardaitaly.com\/wp-content\/uploads\/2024\/09\/2\u00b0-foto-spa-gardacqua.jpg 960w, https:\/\/visitgardaitaly.com\/wp-content\/uploads\/2024\/09\/2\u00b0-foto-spa-gardacqua-300x169.jpg 300w, https:\/\/visitgardaitaly.com\/wp-content\/uploads\/2024\/09\/2\u00b0-foto-spa-gardacqua-768x432.jpg 768w, https:\/\/visitgardaitaly.com\/wp-content\/uploads\/2024\/09\/2\u00b0-foto-spa-gardacqua-200x113.jpg 200w\" sizes=\"(max-width: 960px) 100vw, 960px\" \/>\t\t\t\t\t\t\t\t\t\t\t\t\t\t\t<\/div>\n\t\t\t\t<\/div>\n\t\t\t\t\t<\/div>\n\t\t<\/div>\n\t\t\t\t<div class=\" elementor-column elementor-col-50 elementor-top-column elementor-element elementor-element-a7663e1\" data-fullscreen-column-settings=\"{&quot;fullscreen&quot;:&quot;&quot;}\" data-id=\"a7663e1\" data-element_type=\"column\" data-e-type=\"column\">\n\t\t\t<div class=\"elementor-widget-wrap elementor-element-populated\">\n\t\t\t\t\t\t<div class=\"elementor-element elementor-element-d17c4f0 elementor-widget__width-initial elementor-widget-tablet__width-inherit elementor-widget elementor-widget-text-editor\" data-id=\"d17c4f0\" data-element_type=\"widget\" data-e-type=\"widget\" data-widget_type=\"text-editor.default\">\n\t\t\t\t<div class=\"elementor-widget-container\">\n\t\t\t\t\t\t\t\t\t<p>Die Sonne des Gardasees mildert den Winter und l\u00e4dt dazu ein, auch in dieser Jahreszeit aktiv zu sein: eine Radtour, eine Partie im Golfclub oder eine Wanderung auf den sanften H\u00fcgeln im Westen.<br>Wenn Sie aber der Schnee lockt, k\u00f6nnen Sie innerhalb einer Stunde die Lifte des Monte Baldo erreichen, die Seilbahn von Malcesine nehmen oder das Etschtal hinauffahren, um in dem herrlichen Skigebiet mit Seeblick zu fahren, das f\u00fcr alle K\u00f6nnerstufen geeignet ist.<br>Und wenn die Sonne untergeht, verschwinden die Emotionen und das Adrenalin in der Entspannung eines Spas, inmitten von streichelndem Wasser und D\u00fcften, duftenden Saunen und w\u00e4rmenden Kr\u00e4utertees in den verschiedenen Einrichtungen von Garda.<\/p>\t\t\t\t\t\t\t\t<\/div>\n\t\t\t\t<\/div>\n\t\t\t\t\t<\/div>\n\t\t<\/div>\n\t\t\t\t\t<\/div>\n\t\t<\/section>\n\t\t\t\t<section class=\"elementor-section elementor-top-section elementor-element elementor-element-6e35e4e elementor-section-content-middle elementor-section-boxed elementor-section-height-default elementor-section-height-default\" data-id=\"6e35e4e\" data-element_type=\"section\" data-e-type=\"section\" data-settings=\"{&quot;background_background&quot;:&quot;classic&quot;}\">\n\t\t\t\t\t\t<div class=\"elementor-container elementor-column-gap-default\">\n\t\t\t\t\t<div class=\" elementor-column elementor-col-50 elementor-top-column elementor-element elementor-element-8a6dd25\" data-fullscreen-column-settings=\"{&quot;fullscreen&quot;:&quot;&quot;}\" data-id=\"8a6dd25\" data-element_type=\"column\" data-e-type=\"column\">\n\t\t\t<div class=\"elementor-widget-wrap elementor-element-populated\">\n\t\t\t\t\t\t<div class=\"elementor-element elementor-element-e4f7120 elementor-widget__width-initial elementor-widget-tablet__width-inherit elementor-widget elementor-widget-text-editor\" data-id=\"e4f7120\" data-element_type=\"widget\" data-e-type=\"widget\" data-widget_type=\"text-editor.default\">\n\t\t\t\t<div class=\"elementor-widget-container\">\n\t\t\t\t\t\t\t\t\t<p>Weihnachten steht vor der T\u00fcr und Fogassa dolce und San Vigilini bereiten sich darauf vor, unter die Tannenb\u00e4ume von Verwandten und Freunden auf der ganzen Halbinsel gelegt zu werden. Und nat\u00fcrlich ist Verona nicht weit entfernt, und auch in Garda steht das &#8222;pan de l&#8217;oro&#8220; im Mittelpunkt der festlichen Tafel, ein rein handwerklich hergestelltes Geb\u00e4ck, das in der ganzen Welt bekannt ist. <\/p>\n<p>In den K\u00fcchen der Privathaushalte und der Restaurants ist es die ideale Zeit f\u00fcr anspruchsvolle und kalorienreiche Men\u00fcs, die aus &#8222;erdigen&#8220; Gerichten wie Gnocchi, Risotto oder Braten bestehen und von charaktervollen Rotweinen wie Valpolicella und Amarone begleitet werden, oder von einem delikaten Glas Custoza gemildert werden. Und f\u00fcr die festliche Jahreszeit darf der Garda DOC Sekt nicht fehlen. <\/p>\t\t\t\t\t\t\t\t<\/div>\n\t\t\t\t<\/div>\n\t\t\t\t\t<\/div>\n\t\t<\/div>\n\t\t\t\t<div class=\" elementor-column elementor-col-50 elementor-top-column elementor-element elementor-element-04bd016 elementor-invisible\" data-fullscreen-column-settings=\"{&quot;fullscreen&quot;:&quot;&quot;}\" data-id=\"04bd016\" data-element_type=\"column\" data-e-type=\"column\" data-settings=\"{&quot;animation&quot;:&quot;fadeIn&quot;,&quot;animation_delay&quot;:200}\">\n\t\t\t<div class=\"elementor-widget-wrap elementor-element-populated\">\n\t\t\t\t\t\t<div class=\"elementor-element elementor-element-46f6182 elementor-widget elementor-widget-image\" data-id=\"46f6182\" data-element_type=\"widget\" data-e-type=\"widget\" data-widget_type=\"image.default\">\n\t\t\t\t<div class=\"elementor-widget-container\">\n\t\t\t\t\t\t\t\t\t\t\t\t\t\t\t<img decoding=\"async\" width=\"2560\" height=\"1707\" src=\"https:\/\/visitgardaitaly.com\/wp-content\/uploads\/2024\/07\/FOTO-3-BICCHIERE-SPUMANTE-1-scaled.jpeg\" class=\"attachment-full size-full wp-image-81443\" alt=\"\" srcset=\"https:\/\/visitgardaitaly.com\/wp-content\/uploads\/2024\/07\/FOTO-3-BICCHIERE-SPUMANTE-1-scaled.jpeg 2560w, https:\/\/visitgardaitaly.com\/wp-content\/uploads\/2024\/07\/FOTO-3-BICCHIERE-SPUMANTE-1-300x200.jpeg 300w, https:\/\/visitgardaitaly.com\/wp-content\/uploads\/2024\/07\/FOTO-3-BICCHIERE-SPUMANTE-1-1024x683.jpeg 1024w, https:\/\/visitgardaitaly.com\/wp-content\/uploads\/2024\/07\/FOTO-3-BICCHIERE-SPUMANTE-1-768x512.jpeg 768w, https:\/\/visitgardaitaly.com\/wp-content\/uploads\/2024\/07\/FOTO-3-BICCHIERE-SPUMANTE-1-1536x1024.jpeg 1536w, https:\/\/visitgardaitaly.com\/wp-content\/uploads\/2024\/07\/FOTO-3-BICCHIERE-SPUMANTE-1-2048x1365.jpeg 2048w, https:\/\/visitgardaitaly.com\/wp-content\/uploads\/2024\/07\/FOTO-3-BICCHIERE-SPUMANTE-1-200x133.jpeg 200w, https:\/\/visitgardaitaly.com\/wp-content\/uploads\/2024\/07\/FOTO-3-BICCHIERE-SPUMANTE-1-1568x1045.jpeg 1568w\" sizes=\"(max-width: 2560px) 100vw, 2560px\" \/>\t\t\t\t\t\t\t\t\t\t\t\t\t\t\t<\/div>\n\t\t\t\t<\/div>\n\t\t\t\t\t<\/div>\n\t\t<\/div>\n\t\t\t\t\t<\/div>\n\t\t<\/section>\n\t\t\t\t<section class=\"elementor-section elementor-inner-section elementor-element elementor-element-8b97aa5 elementor-section-boxed elementor-section-height-default elementor-section-height-default\" data-id=\"8b97aa5\" data-element_type=\"section\" data-e-type=\"section\">\n\t\t\t\t\t\t<div class=\"elementor-container elementor-column-gap-default\">\n\t\t\t\t\t<div class=\" elementor-column elementor-col-100 elementor-inner-column elementor-element elementor-element-abaa645 elementor-invisible\" data-fullscreen-column-settings=\"{&quot;fullscreen&quot;:&quot;&quot;}\" data-id=\"abaa645\" data-element_type=\"column\" data-e-type=\"column\" data-settings=\"{&quot;animation&quot;:&quot;fadeIn&quot;,&quot;animation_delay&quot;:200}\">\n\t\t\t<div class=\"elementor-widget-wrap elementor-element-populated\">\n\t\t\t\t\t\t<div class=\"elementor-element elementor-element-bbbf9a1 elementor-widget elementor-widget-litho-heading\" data-id=\"bbbf9a1\" data-element_type=\"widget\" data-e-type=\"widget\" data-widget_type=\"litho-heading.default\">\n\t\t\t\t<div class=\"elementor-widget-container\">\n\t\t\t\t\t<h5 class=\"litho-heading elementor-size-default\"><span class=\"litho-primary-title\">Garda das ganze Jahr \u00fcber entdecken<\/span><\/h5>\t\t\t\t<\/div>\n\t\t\t\t<\/div>\n\t\t\t\t\t<\/div>\n\t\t<\/div>\n\t\t\t\t\t<\/div>\n\t\t<\/section>\n\t\t\t\t<section class=\"elementor-section elementor-top-section elementor-element elementor-element-0f76c2a elementor-section-boxed elementor-section-height-default elementor-section-height-default\" data-id=\"0f76c2a\" data-element_type=\"section\" data-e-type=\"section\">\n\t\t\t\t\t\t<div class=\"elementor-container elementor-column-gap-default\">\n\t\t\t\t\t<div class=\" elementor-column elementor-col-100 elementor-top-column elementor-element elementor-element-2c0e654\" data-fullscreen-column-settings=\"{&quot;fullscreen&quot;:&quot;&quot;}\" data-id=\"2c0e654\" data-element_type=\"column\" data-e-type=\"column\">\n\t\t\t<div class=\"elementor-widget-wrap elementor-element-populated\">\n\t\t\t\t\t\t<section class=\"elementor-section elementor-inner-section elementor-element elementor-element-9bcc01d elementor-section-boxed elementor-section-height-default elementor-section-height-default\" data-id=\"9bcc01d\" data-element_type=\"section\" data-e-type=\"section\" data-settings=\"{&quot;animation&quot;:&quot;none&quot;}\">\n\t\t\t\t\t\t<div class=\"elementor-container elementor-column-gap-default\">\n\t\t\t\t\t<div class=\" elementor-column elementor-col-25 elementor-inner-column elementor-element elementor-element-306dea8 elementor-invisible\" data-fullscreen-column-settings=\"{&quot;fullscreen&quot;:&quot;&quot;}\" data-id=\"306dea8\" data-element_type=\"column\" data-e-type=\"column\" data-settings=\"{&quot;animation&quot;:&quot;fadeIn&quot;,&quot;animation_delay&quot;:200}\">\n\t\t\t<div class=\"elementor-widget-wrap elementor-element-populated\">\n\t\t\t\t\t\t<div class=\"elementor-element elementor-element-8866ac4 text-center elementor-widget elementor-widget-litho-feature-box\" data-id=\"8866ac4\" data-element_type=\"widget\" data-e-type=\"widget\" data-settings=\"{&quot;litho_feature_box_styles&quot;:&quot;icon-text-style-1&quot;}\" data-widget_type=\"litho-feature-box.default\">\n\t\t\t\t<div class=\"elementor-widget-container\">\n\t\t\t\t\t\t\t\t\t\t<div class=\"feature-box icon-text-style-1\"><div class=\"elementor-icon\"><img decoding=\"async\" src=\"https:\/\/visitgardaitaly.com\/wp-content\/uploads\/2024\/05\/primavera-150x150.png?wsr\" alt=\"primavera\"  srcset=\"https:\/\/visitgardaitaly.com\/wp-content\/uploads\/2024\/05\/primavera-150x150.png 150w, https:\/\/visitgardaitaly.com\/wp-content\/uploads\/2024\/05\/primavera-300x300.png 300w, https:\/\/visitgardaitaly.com\/wp-content\/uploads\/2024\/05\/primavera-1024x1024.png 1024w, https:\/\/visitgardaitaly.com\/wp-content\/uploads\/2024\/05\/primavera-768x768.png 768w, https:\/\/visitgardaitaly.com\/wp-content\/uploads\/2024\/05\/primavera-1536x1536.png 1536w, https:\/\/visitgardaitaly.com\/wp-content\/uploads\/2024\/05\/primavera-200x200.png 200w, https:\/\/visitgardaitaly.com\/wp-content\/uploads\/2024\/05\/primavera-1568x1568.png 1568w, https:\/\/visitgardaitaly.com\/wp-content\/uploads\/2024\/05\/primavera.png 2000w\" sizes=\"(max-width: 150px) 100vw, 150px\" \/><\/div><div class=\"feature-box-content\"><span class=\"title\">Fr\u00fchling am Gardasee<\/span><div class=\"elementor-button-wrapper\">\n\t\t\t\t\t\t\t\t\t\t<a href=\"https:\/\/visitgardaitaly.com\/proposte\/primavera\" class=\"elementor-button-link elementor-button \" role=\"button\">\n\t\t\t\t\t\t\t\t\t\t\t<span class=\"elementor-button-content-wrapper\"><span class=\"elementor-button-text\">Weitere Informationen<\/span>\n\t\t\t\t\t\t\t\t\t\t\t<\/span>\n\t\t\t\t\t\t\t\t\t\t<\/a>\n\t\t\t\t\t\t\t\t\t<\/div>\t\t\t\t\t\t\t<\/div>\n\t\t\t\t\t\t\t\t\t\t\t\t<\/div>\n\t\t\t\t\t\t\t\t\t<\/div>\n\t\t\t\t<\/div>\n\t\t\t\t\t<\/div>\n\t\t<\/div>\n\t\t\t\t<div class=\" elementor-column elementor-col-25 elementor-inner-column elementor-element elementor-element-23a1c6a elementor-invisible\" data-fullscreen-column-settings=\"{&quot;fullscreen&quot;:&quot;&quot;}\" data-id=\"23a1c6a\" data-element_type=\"column\" data-e-type=\"column\" data-settings=\"{&quot;animation&quot;:&quot;fadeIn&quot;,&quot;animation_delay&quot;:200}\">\n\t\t\t<div class=\"elementor-widget-wrap elementor-element-populated\">\n\t\t\t\t\t\t<div class=\"elementor-element elementor-element-c0e5ee8 text-center elementor-widget elementor-widget-litho-feature-box\" data-id=\"c0e5ee8\" data-element_type=\"widget\" data-e-type=\"widget\" data-settings=\"{&quot;litho_feature_box_styles&quot;:&quot;icon-text-style-1&quot;}\" data-widget_type=\"litho-feature-box.default\">\n\t\t\t\t<div class=\"elementor-widget-container\">\n\t\t\t\t\t\t\t\t\t\t<div class=\"feature-box icon-text-style-1\"><div class=\"elementor-icon\"><img decoding=\"async\" src=\"https:\/\/visitgardaitaly.com\/wp-content\/uploads\/2024\/09\/estate-garda-150x150.png?wsr\" alt=\"estate-garda\"  srcset=\"https:\/\/visitgardaitaly.com\/wp-content\/uploads\/2024\/09\/estate-garda-150x150.png 150w, https:\/\/visitgardaitaly.com\/wp-content\/uploads\/2024\/09\/estate-garda-300x300.png 300w, https:\/\/visitgardaitaly.com\/wp-content\/uploads\/2024\/09\/estate-garda-1024x1024.png 1024w, https:\/\/visitgardaitaly.com\/wp-content\/uploads\/2024\/09\/estate-garda-768x768.png 768w, https:\/\/visitgardaitaly.com\/wp-content\/uploads\/2024\/09\/estate-garda-1536x1536.png 1536w, https:\/\/visitgardaitaly.com\/wp-content\/uploads\/2024\/09\/estate-garda-2048x2048.png 2048w, https:\/\/visitgardaitaly.com\/wp-content\/uploads\/2024\/09\/estate-garda-200x200.png 200w, https:\/\/visitgardaitaly.com\/wp-content\/uploads\/2024\/09\/estate-garda-1568x1567.png 1568w\" sizes=\"(max-width: 150px) 100vw, 150px\" \/><\/div><div class=\"feature-box-content\"><span class=\"title\">Anwesen a Garda<\/span><div class=\"elementor-button-wrapper\">\n\t\t\t\t\t\t\t\t\t\t<a href=\"https:\/\/visitgardaitaly.com\/proposte\/estate\" class=\"elementor-button-link elementor-button \" role=\"button\">\n\t\t\t\t\t\t\t\t\t\t\t<span class=\"elementor-button-content-wrapper\"><span class=\"elementor-button-text\">Weitere Informationen<\/span>\n\t\t\t\t\t\t\t\t\t\t\t<\/span>\n\t\t\t\t\t\t\t\t\t\t<\/a>\n\t\t\t\t\t\t\t\t\t<\/div>\t\t\t\t\t\t\t<\/div>\n\t\t\t\t\t\t\t\t\t\t\t\t<\/div>\n\t\t\t\t\t\t\t\t\t<\/div>\n\t\t\t\t<\/div>\n\t\t\t\t\t<\/div>\n\t\t<\/div>\n\t\t\t\t<div class=\" elementor-column elementor-col-25 elementor-inner-column elementor-element elementor-element-9516f1e elementor-invisible\" data-fullscreen-column-settings=\"{&quot;fullscreen&quot;:&quot;&quot;}\" data-id=\"9516f1e\" data-element_type=\"column\" data-e-type=\"column\" data-settings=\"{&quot;animation&quot;:&quot;fadeIn&quot;,&quot;animation_delay&quot;:600}\">\n\t\t\t<div class=\"elementor-widget-wrap elementor-element-populated\">\n\t\t\t\t\t\t<div class=\"elementor-element elementor-element-1a69685 text-center elementor-widget elementor-widget-litho-feature-box\" data-id=\"1a69685\" data-element_type=\"widget\" data-e-type=\"widget\" data-settings=\"{&quot;litho_feature_box_styles&quot;:&quot;icon-text-style-1&quot;}\" data-widget_type=\"litho-feature-box.default\">\n\t\t\t\t<div class=\"elementor-widget-container\">\n\t\t\t\t\t\t\t\t\t\t<div class=\"feature-box icon-text-style-1\"><div class=\"elementor-icon\"><img decoding=\"async\" src=\"https:\/\/visitgardaitaly.com\/wp-content\/uploads\/2024\/09\/autunno-garda-150x150.png?wsr\" alt=\"autunno-garda\"  srcset=\"https:\/\/visitgardaitaly.com\/wp-content\/uploads\/2024\/09\/autunno-garda-150x150.png 150w, https:\/\/visitgardaitaly.com\/wp-content\/uploads\/2024\/09\/autunno-garda-300x300.png 300w, https:\/\/visitgardaitaly.com\/wp-content\/uploads\/2024\/09\/autunno-garda-200x200.png 200w, https:\/\/visitgardaitaly.com\/wp-content\/uploads\/2024\/09\/autunno-garda.png 576w\" sizes=\"(max-width: 150px) 100vw, 150px\" \/><\/div><div class=\"feature-box-content\"><span class=\"title\">Herbst am Gardasee<\/span><div class=\"elementor-button-wrapper\">\n\t\t\t\t\t\t\t\t\t\t<a href=\"https:\/\/visitgardaitaly.com\/proposte\/autunno\" class=\"elementor-button-link elementor-button \" role=\"button\">\n\t\t\t\t\t\t\t\t\t\t\t<span class=\"elementor-button-content-wrapper\"><span class=\"elementor-button-text\">Weitere Informationen<\/span>\n\t\t\t\t\t\t\t\t\t\t\t<\/span>\n\t\t\t\t\t\t\t\t\t\t<\/a>\n\t\t\t\t\t\t\t\t\t<\/div>\t\t\t\t\t\t\t<\/div>\n\t\t\t\t\t\t\t\t\t\t\t\t<\/div>\n\t\t\t\t\t\t\t\t\t<\/div>\n\t\t\t\t<\/div>\n\t\t\t\t\t<\/div>\n\t\t<\/div>\n\t\t\t\t<div class=\" elementor-column elementor-col-25 elementor-inner-column elementor-element elementor-element-7c7f0e1 elementor-invisible\" data-fullscreen-column-settings=\"{&quot;fullscreen&quot;:&quot;&quot;}\" data-id=\"7c7f0e1\" data-element_type=\"column\" data-e-type=\"column\" data-settings=\"{&quot;animation&quot;:&quot;fadeIn&quot;,&quot;animation_delay&quot;:400}\">\n\t\t\t<div class=\"elementor-widget-wrap elementor-element-populated\">\n\t\t\t\t\t\t<div class=\"elementor-element elementor-element-2f02818 text-center elementor-widget elementor-widget-litho-feature-box\" data-id=\"2f02818\" data-element_type=\"widget\" data-e-type=\"widget\" data-settings=\"{&quot;litho_feature_box_styles&quot;:&quot;icon-text-style-1&quot;}\" data-widget_type=\"litho-feature-box.default\">\n\t\t\t\t<div class=\"elementor-widget-container\">\n\t\t\t\t\t\t\t\t\t\t<div class=\"feature-box icon-text-style-1\"><div class=\"elementor-icon\"><img decoding=\"async\" src=\"https:\/\/visitgardaitaly.com\/wp-content\/uploads\/2024\/09\/inverno-garda-150x150.png?wsr\" alt=\"inverno-garda\"  srcset=\"https:\/\/visitgardaitaly.com\/wp-content\/uploads\/2024\/09\/inverno-garda-150x150.png 150w, https:\/\/visitgardaitaly.com\/wp-content\/uploads\/2024\/09\/inverno-garda-300x300.png 300w, https:\/\/visitgardaitaly.com\/wp-content\/uploads\/2024\/09\/inverno-garda-1022x1024.png 1022w, https:\/\/visitgardaitaly.com\/wp-content\/uploads\/2024\/09\/inverno-garda-768x770.png 768w, https:\/\/visitgardaitaly.com\/wp-content\/uploads\/2024\/09\/inverno-garda-200x200.png 200w, https:\/\/visitgardaitaly.com\/wp-content\/uploads\/2024\/09\/inverno-garda.png 1528w\" sizes=\"(max-width: 150px) 100vw, 150px\" \/><\/div><div class=\"feature-box-content\"><span class=\"title\">Winter am Gardasee<\/span><div class=\"elementor-button-wrapper\">\n\t\t\t\t\t\t\t\t\t\t<a href=\"https:\/\/visitgardaitaly.com\/proposte\/inverno\" class=\"elementor-button-link elementor-button \" role=\"button\">\n\t\t\t\t\t\t\t\t\t\t\t<span class=\"elementor-button-content-wrapper\"><span class=\"elementor-button-text\">Weitere Informationen<\/span>\n\t\t\t\t\t\t\t\t\t\t\t<\/span>\n\t\t\t\t\t\t\t\t\t\t<\/a>\n\t\t\t\t\t\t\t\t\t<\/div>\t\t\t\t\t\t\t<\/div>\n\t\t\t\t\t\t\t\t\t\t\t\t<\/div>\n\t\t\t\t\t\t\t\t\t<\/div>\n\t\t\t\t<\/div>\n\t\t\t\t\t<\/div>\n\t\t<\/div>\n\t\t\t\t\t<\/div>\n\t\t<\/section>\n\t\t\t\t\t<\/div>\n\t\t<\/div>\n\t\t\t\t\t<\/div>\n\t\t<\/section>\n\t\t\t\t<\/div>\n\t\t","protected":false},"excerpt":{"rendered":"<p>Die K\u00e4lte auf den H\u00fcgeln des Gardasees sticht nicht, sie ist so s\u00fc\u00df wie eine frisch gebackene &#8222;fogassa&#8220;. Die W\u00e4rme, die vom See aufsteigt, breitet sich warm \u00fcber die Weinberge aus und das Wandern ist ein Genuss, den man in aller Ruhe genie\u00dfen kann, wie die Vorfreude auf die Feste, die das Dorf Garda erhellen. [&hellip;]<\/p>\n","protected":false},"author":1,"featured_media":0,"parent":0,"menu_order":9,"comment_status":"closed","ping_status":"closed","template":"","meta":{"footnotes":""},"class_list":["post-81767","page","type-page","status-publish","hentry"],"_links":{"self":[{"href":"https:\/\/visitgardaitaly.com\/de\/wp-json\/wp\/v2\/pages\/81767","targetHints":{"allow":["GET"]}}],"collection":[{"href":"https:\/\/visitgardaitaly.com\/de\/wp-json\/wp\/v2\/pages"}],"about":[{"href":"https:\/\/visitgardaitaly.com\/de\/wp-json\/wp\/v2\/types\/page"}],"author":[{"embeddable":true,"href":"https:\/\/visitgardaitaly.com\/de\/wp-json\/wp\/v2\/users\/1"}],"replies":[{"embeddable":true,"href":"https:\/\/visitgardaitaly.com\/de\/wp-json\/wp\/v2\/comments?post=81767"}],"version-history":[{"count":2,"href":"https:\/\/visitgardaitaly.com\/de\/wp-json\/wp\/v2\/pages\/81767\/revisions"}],"predecessor-version":[{"id":82095,"href":"https:\/\/visitgardaitaly.com\/de\/wp-json\/wp\/v2\/pages\/81767\/revisions\/82095"}],"wp:attachment":[{"href":"https:\/\/visitgardaitaly.com\/de\/wp-json\/wp\/v2\/media?parent=81767"}],"curies":[{"name":"wp","href":"https:\/\/api.w.org\/{rel}","templated":true}]}}