{"id":81761,"date":"2023-06-08T12:59:13","date_gmt":"2023-06-08T12:59:13","guid":{"rendered":"http:\/\/visitgarda.vanzotech.com\/herbst\/"},"modified":"2025-02-28T18:37:12","modified_gmt":"2025-02-28T18:37:12","slug":"herbst","status":"publish","type":"page","link":"https:\/\/visitgardaitaly.com\/de\/herbst\/","title":{"rendered":"Herbst"},"content":{"rendered":"\t\t<div data-elementor-type=\"wp-page\" data-elementor-id=\"81761\" class=\"elementor elementor-81761 elementor-76784\">\n\t\t\t\t\t\t<section class=\"elementor-section elementor-top-section elementor-element elementor-element-8836331 elementor-section-content-middle elementor-section-boxed elementor-section-height-default elementor-section-height-default\" data-id=\"8836331\" data-element_type=\"section\" data-e-type=\"section\" id=\"about\" data-settings=\"{&quot;background_background&quot;:&quot;classic&quot;}\">\n\t\t\t\t\t\t<div class=\"elementor-container elementor-column-gap-default\">\n\t\t\t\t\t<div class=\" elementor-column elementor-col-50 elementor-top-column elementor-element elementor-element-a9a0068\" data-fullscreen-column-settings=\"{&quot;fullscreen&quot;:&quot;&quot;}\" data-id=\"a9a0068\" data-element_type=\"column\" data-e-type=\"column\">\n\t\t\t<div class=\"elementor-widget-wrap elementor-element-populated\">\n\t\t\t\t\t\t<div class=\"elementor-element elementor-element-564bbae elementor-widget__width-initial elementor-widget-tablet__width-inherit elementor-widget elementor-widget-text-editor\" data-id=\"564bbae\" data-element_type=\"widget\" data-e-type=\"widget\" data-widget_type=\"text-editor.default\">\n\t\t\t\t<div class=\"elementor-widget-container\">\n\t\t\t\t\t\t\t\t\t<p>Sammeln, strecken, kosten, bewundern. Die Luft ist erfrischend und zwischen den Weinbergen duften die Trauben.<br>Die Oliven sind reif, sie werden das unverwechselbare, fruchtige \u00d6l sein, das nach Mittelmeer schmeckt. Ein Genuss, der sich bei Tisch fortsetzt, mit Gerichten der Saison, Kastanien und Tr\u00fcffeln, einem Glas Lugana dazu und einem San Vigilino zum s\u00fc\u00dfen Abschied.<\/p>\t\t\t\t\t\t\t\t<\/div>\n\t\t\t\t<\/div>\n\t\t\t\t\t<\/div>\n\t\t<\/div>\n\t\t\t\t<div class=\" elementor-column elementor-col-50 elementor-top-column elementor-element elementor-element-f23659e elementor-invisible\" data-fullscreen-column-settings=\"{&quot;fullscreen&quot;:&quot;&quot;}\" data-id=\"f23659e\" data-element_type=\"column\" data-e-type=\"column\" data-settings=\"{&quot;animation&quot;:&quot;fadeIn&quot;,&quot;animation_delay&quot;:200}\">\n\t\t\t<div class=\"elementor-widget-wrap elementor-element-populated\">\n\t\t\t\t\t\t<div class=\"elementor-element elementor-element-da9294f elementor-widget elementor-widget-image\" data-id=\"da9294f\" data-element_type=\"widget\" data-e-type=\"widget\" data-widget_type=\"image.default\">\n\t\t\t\t<div class=\"elementor-widget-container\">\n\t\t\t\t\t\t\t\t\t\t\t\t\t\t\t<img fetchpriority=\"high\" decoding=\"async\" width=\"800\" height=\"485\" src=\"https:\/\/visitgardaitaly.com\/wp-content\/uploads\/2024\/09\/olivo1.jpg\" class=\"attachment-full size-full wp-image-81521\" alt=\"\" srcset=\"https:\/\/visitgardaitaly.com\/wp-content\/uploads\/2024\/09\/olivo1.jpg 800w, https:\/\/visitgardaitaly.com\/wp-content\/uploads\/2024\/09\/olivo1-300x182.jpg 300w, https:\/\/visitgardaitaly.com\/wp-content\/uploads\/2024\/09\/olivo1-768x466.jpg 768w, https:\/\/visitgardaitaly.com\/wp-content\/uploads\/2024\/09\/olivo1-200x121.jpg 200w\" sizes=\"(max-width: 800px) 100vw, 800px\" \/>\t\t\t\t\t\t\t\t\t\t\t\t\t\t\t<\/div>\n\t\t\t\t<\/div>\n\t\t\t\t\t<\/div>\n\t\t<\/div>\n\t\t\t\t\t<\/div>\n\t\t<\/section>\n\t\t\t\t<section class=\"elementor-section elementor-top-section elementor-element elementor-element-98d50c6 elementor-section-content-middle elementor-reverse-tablet elementor-reverse-mobile elementor-section-boxed elementor-section-height-default elementor-section-height-default\" data-id=\"98d50c6\" data-element_type=\"section\" data-e-type=\"section\" data-settings=\"{&quot;background_background&quot;:&quot;classic&quot;}\">\n\t\t\t\t\t\t<div class=\"elementor-container elementor-column-gap-default\">\n\t\t\t\t\t<div class=\" elementor-column elementor-col-50 elementor-top-column elementor-element elementor-element-d959de6 elementor-invisible\" data-fullscreen-column-settings=\"{&quot;fullscreen&quot;:&quot;&quot;}\" data-id=\"d959de6\" data-element_type=\"column\" data-e-type=\"column\" data-settings=\"{&quot;animation&quot;:&quot;fadeIn&quot;,&quot;animation_delay&quot;:200}\">\n\t\t\t<div class=\"elementor-widget-wrap elementor-element-populated\">\n\t\t\t\t\t\t<div class=\"elementor-element elementor-element-ec84df5 elementor-widget elementor-widget-image\" data-id=\"ec84df5\" data-element_type=\"widget\" data-e-type=\"widget\" data-widget_type=\"image.default\">\n\t\t\t\t<div class=\"elementor-widget-container\">\n\t\t\t\t\t\t\t\t\t\t\t\t\t\t\t<img decoding=\"async\" width=\"2560\" height=\"1706\" src=\"https:\/\/visitgardaitaly.com\/wp-content\/uploads\/2024\/09\/TARTUFO-scaled.jpeg\" class=\"attachment-full size-full wp-image-81525\" alt=\"\" srcset=\"https:\/\/visitgardaitaly.com\/wp-content\/uploads\/2024\/09\/TARTUFO-scaled.jpeg 2560w, https:\/\/visitgardaitaly.com\/wp-content\/uploads\/2024\/09\/TARTUFO-300x200.jpeg 300w, https:\/\/visitgardaitaly.com\/wp-content\/uploads\/2024\/09\/TARTUFO-1024x683.jpeg 1024w, https:\/\/visitgardaitaly.com\/wp-content\/uploads\/2024\/09\/TARTUFO-768x512.jpeg 768w, https:\/\/visitgardaitaly.com\/wp-content\/uploads\/2024\/09\/TARTUFO-1536x1024.jpeg 1536w, https:\/\/visitgardaitaly.com\/wp-content\/uploads\/2024\/09\/TARTUFO-2048x1365.jpeg 2048w, https:\/\/visitgardaitaly.com\/wp-content\/uploads\/2024\/09\/TARTUFO-200x133.jpeg 200w, https:\/\/visitgardaitaly.com\/wp-content\/uploads\/2024\/09\/TARTUFO-1568x1045.jpeg 1568w\" sizes=\"(max-width: 2560px) 100vw, 2560px\" \/>\t\t\t\t\t\t\t\t\t\t\t\t\t\t\t<\/div>\n\t\t\t\t<\/div>\n\t\t\t\t\t<\/div>\n\t\t<\/div>\n\t\t\t\t<div class=\" elementor-column elementor-col-50 elementor-top-column elementor-element elementor-element-4653554\" data-fullscreen-column-settings=\"{&quot;fullscreen&quot;:&quot;&quot;}\" data-id=\"4653554\" data-element_type=\"column\" data-e-type=\"column\">\n\t\t\t<div class=\"elementor-widget-wrap elementor-element-populated\">\n\t\t\t\t\t\t<div class=\"elementor-element elementor-element-bad64fe elementor-widget__width-initial elementor-widget-tablet__width-inherit elementor-widget elementor-widget-text-editor\" data-id=\"bad64fe\" data-element_type=\"widget\" data-e-type=\"widget\" data-widget_type=\"text-editor.default\">\n\t\t\t\t<div class=\"elementor-widget-container\">\n\t\t\t\t\t\t\t\t\t<p>Emotionen und Adrenalin verblassen in der Entspannung eines Spas inmitten von streichelndem Wasser und D\u00fcften, die die Saunen und Sch\u00f6nheitsb\u00e4der in den verschiedenen Einrichtungen am Gardasee verstr\u00f6men.<br>Gebratene Kastanien kommen auf den Tisch, w\u00e4hrend neben den lokalen Pilzsorten die Delikatesse des Monte Baldo Tr\u00fcffels, K\u00f6nig der saisonalen Men\u00fcs, gerne mit einem Glas Valpolicella Superiore oder einem Amarone serviert wird. Und es gibt keinen Herbst ohne eine Kostprobe vom Brot der Toten.<\/p>\t\t\t\t\t\t\t\t<\/div>\n\t\t\t\t<\/div>\n\t\t\t\t\t<\/div>\n\t\t<\/div>\n\t\t\t\t\t<\/div>\n\t\t<\/section>\n\t\t\t\t<section class=\"elementor-section elementor-top-section elementor-element elementor-element-f35eb90 elementor-section-content-middle elementor-section-boxed elementor-section-height-default elementor-section-height-default\" data-id=\"f35eb90\" data-element_type=\"section\" data-e-type=\"section\">\n\t\t\t\t\t\t<div class=\"elementor-container elementor-column-gap-default\">\n\t\t\t\t\t<div class=\" elementor-column elementor-col-50 elementor-top-column elementor-element elementor-element-3d861e4\" data-fullscreen-column-settings=\"{&quot;fullscreen&quot;:&quot;&quot;}\" data-id=\"3d861e4\" data-element_type=\"column\" data-e-type=\"column\">\n\t\t\t<div class=\"elementor-widget-wrap elementor-element-populated\">\n\t\t\t\t\t\t<div class=\"elementor-element elementor-element-6709af4 elementor-widget__width-initial elementor-widget-tablet__width-inherit elementor-widget elementor-widget-text-editor\" data-id=\"6709af4\" data-element_type=\"widget\" data-e-type=\"widget\" data-widget_type=\"text-editor.default\">\n\t\t\t\t<div class=\"elementor-widget-container\">\n\t\t\t\t\t\t\t\t\t<p>Um sich zu reaktivieren, kann man am Strand spazieren gehen, langsam am See entlang radeln oder mit Freunden in einem der beiden Golfclubs mit Blick auf den See eine Runde schwingen, bevor man mit Freunden auf einen der sch\u00f6nsten Sonnenunterg\u00e4nge des Jahres anst\u00f6\u00dft.<br><\/p>\t\t\t\t\t\t\t\t<\/div>\n\t\t\t\t<\/div>\n\t\t\t\t\t<\/div>\n\t\t<\/div>\n\t\t\t\t<div class=\" elementor-column elementor-col-50 elementor-top-column elementor-element elementor-element-8c8b1a7\" data-fullscreen-column-settings=\"{&quot;fullscreen&quot;:&quot;&quot;}\" data-id=\"8c8b1a7\" data-element_type=\"column\" data-e-type=\"column\">\n\t\t\t<div class=\"elementor-widget-wrap elementor-element-populated\">\n\t\t\t\t\t\t<div class=\"elementor-element elementor-element-a4a8108 elementor-widget elementor-widget-image\" data-id=\"a4a8108\" data-element_type=\"widget\" data-e-type=\"widget\" data-widget_type=\"image.default\">\n\t\t\t\t<div class=\"elementor-widget-container\">\n\t\t\t\t\t\t\t\t\t\t\t\t\t\t\t<img decoding=\"async\" width=\"1024\" height=\"684\" src=\"https:\/\/visitgardaitaly.com\/wp-content\/uploads\/2024\/09\/GOLF-1024x684.jpg\" class=\"attachment-large size-large wp-image-81523\" alt=\"\" srcset=\"https:\/\/visitgardaitaly.com\/wp-content\/uploads\/2024\/09\/GOLF-1024x684.jpg 1024w, https:\/\/visitgardaitaly.com\/wp-content\/uploads\/2024\/09\/GOLF-300x200.jpg 300w, https:\/\/visitgardaitaly.com\/wp-content\/uploads\/2024\/09\/GOLF-768x513.jpg 768w, https:\/\/visitgardaitaly.com\/wp-content\/uploads\/2024\/09\/GOLF-1536x1026.jpg 1536w, https:\/\/visitgardaitaly.com\/wp-content\/uploads\/2024\/09\/GOLF-2048x1367.jpg 2048w, https:\/\/visitgardaitaly.com\/wp-content\/uploads\/2024\/09\/GOLF-200x134.jpg 200w, https:\/\/visitgardaitaly.com\/wp-content\/uploads\/2024\/09\/GOLF-1568x1047.jpg 1568w\" sizes=\"(max-width: 1024px) 100vw, 1024px\" \/>\t\t\t\t\t\t\t\t\t\t\t\t\t\t\t<\/div>\n\t\t\t\t<\/div>\n\t\t\t\t\t<\/div>\n\t\t<\/div>\n\t\t\t\t\t<\/div>\n\t\t<\/section>\n\t\t\t\t<section class=\"elementor-section elementor-inner-section elementor-element elementor-element-ac6e4b4 elementor-section-boxed elementor-section-height-default elementor-section-height-default\" data-id=\"ac6e4b4\" data-element_type=\"section\" data-e-type=\"section\">\n\t\t\t\t\t\t<div class=\"elementor-container elementor-column-gap-default\">\n\t\t\t\t\t<div class=\" elementor-column elementor-col-100 elementor-inner-column elementor-element elementor-element-52bbd2f elementor-invisible\" data-fullscreen-column-settings=\"{&quot;fullscreen&quot;:&quot;&quot;}\" data-id=\"52bbd2f\" data-element_type=\"column\" data-e-type=\"column\" data-settings=\"{&quot;animation&quot;:&quot;fadeIn&quot;,&quot;animation_delay&quot;:200}\">\n\t\t\t<div class=\"elementor-widget-wrap elementor-element-populated\">\n\t\t\t\t\t\t<div class=\"elementor-element elementor-element-b6f8a09 elementor-widget elementor-widget-litho-heading\" data-id=\"b6f8a09\" data-element_type=\"widget\" data-e-type=\"widget\" data-widget_type=\"litho-heading.default\">\n\t\t\t\t<div class=\"elementor-widget-container\">\n\t\t\t\t\t<h5 class=\"litho-heading elementor-size-default\"><span class=\"litho-primary-title\">Garda das ganze Jahr \u00fcber entdecken<\/span><\/h5>\t\t\t\t<\/div>\n\t\t\t\t<\/div>\n\t\t\t\t\t<\/div>\n\t\t<\/div>\n\t\t\t\t\t<\/div>\n\t\t<\/section>\n\t\t\t\t<section class=\"elementor-section elementor-inner-section elementor-element elementor-element-c2f1131 elementor-section-boxed elementor-section-height-default elementor-section-height-default\" data-id=\"c2f1131\" data-element_type=\"section\" data-e-type=\"section\" data-settings=\"{&quot;animation&quot;:&quot;none&quot;}\">\n\t\t\t\t\t\t<div class=\"elementor-container elementor-column-gap-default\">\n\t\t\t\t\t<div class=\" elementor-column elementor-col-25 elementor-inner-column elementor-element elementor-element-76848e3 elementor-invisible\" data-fullscreen-column-settings=\"{&quot;fullscreen&quot;:&quot;&quot;}\" data-id=\"76848e3\" data-element_type=\"column\" data-e-type=\"column\" data-settings=\"{&quot;animation&quot;:&quot;fadeIn&quot;,&quot;animation_delay&quot;:200}\">\n\t\t\t<div class=\"elementor-widget-wrap elementor-element-populated\">\n\t\t\t\t\t\t<div class=\"elementor-element elementor-element-aa98680 text-center elementor-widget elementor-widget-litho-feature-box\" data-id=\"aa98680\" data-element_type=\"widget\" data-e-type=\"widget\" data-settings=\"{&quot;litho_feature_box_styles&quot;:&quot;icon-text-style-1&quot;}\" data-widget_type=\"litho-feature-box.default\">\n\t\t\t\t<div class=\"elementor-widget-container\">\n\t\t\t\t\t\t\t\t\t\t<div class=\"feature-box icon-text-style-1\"><div class=\"elementor-icon\"><img decoding=\"async\" src=\"https:\/\/visitgardaitaly.com\/wp-content\/uploads\/2024\/05\/primavera-150x150.png?wsr\" alt=\"primavera\"  srcset=\"https:\/\/visitgardaitaly.com\/wp-content\/uploads\/2024\/05\/primavera-150x150.png 150w, https:\/\/visitgardaitaly.com\/wp-content\/uploads\/2024\/05\/primavera-300x300.png 300w, https:\/\/visitgardaitaly.com\/wp-content\/uploads\/2024\/05\/primavera-1024x1024.png 1024w, https:\/\/visitgardaitaly.com\/wp-content\/uploads\/2024\/05\/primavera-768x768.png 768w, https:\/\/visitgardaitaly.com\/wp-content\/uploads\/2024\/05\/primavera-1536x1536.png 1536w, https:\/\/visitgardaitaly.com\/wp-content\/uploads\/2024\/05\/primavera-200x200.png 200w, https:\/\/visitgardaitaly.com\/wp-content\/uploads\/2024\/05\/primavera-1568x1568.png 1568w, https:\/\/visitgardaitaly.com\/wp-content\/uploads\/2024\/05\/primavera.png 2000w\" sizes=\"(max-width: 150px) 100vw, 150px\" \/><\/div><div class=\"feature-box-content\"><span class=\"title\">Fr\u00fchling am Gardasee<\/span><div class=\"elementor-button-wrapper\">\n\t\t\t\t\t\t\t\t\t\t<a href=\"https:\/\/visitgardaitaly.com\/proposte\/primavera\" class=\"elementor-button-link elementor-button \" role=\"button\">\n\t\t\t\t\t\t\t\t\t\t\t<span class=\"elementor-button-content-wrapper\"><span class=\"elementor-button-text\">Weitere Informationen<\/span>\n\t\t\t\t\t\t\t\t\t\t\t<\/span>\n\t\t\t\t\t\t\t\t\t\t<\/a>\n\t\t\t\t\t\t\t\t\t<\/div>\t\t\t\t\t\t\t<\/div>\n\t\t\t\t\t\t\t\t\t\t\t\t<\/div>\n\t\t\t\t\t\t\t\t\t<\/div>\n\t\t\t\t<\/div>\n\t\t\t\t\t<\/div>\n\t\t<\/div>\n\t\t\t\t<div class=\" elementor-column elementor-col-25 elementor-inner-column elementor-element elementor-element-cdc6544 elementor-invisible\" data-fullscreen-column-settings=\"{&quot;fullscreen&quot;:&quot;&quot;}\" data-id=\"cdc6544\" data-element_type=\"column\" data-e-type=\"column\" data-settings=\"{&quot;animation&quot;:&quot;fadeIn&quot;,&quot;animation_delay&quot;:200}\">\n\t\t\t<div class=\"elementor-widget-wrap elementor-element-populated\">\n\t\t\t\t\t\t<div class=\"elementor-element elementor-element-1db5034 text-center elementor-widget elementor-widget-litho-feature-box\" data-id=\"1db5034\" data-element_type=\"widget\" data-e-type=\"widget\" data-settings=\"{&quot;litho_feature_box_styles&quot;:&quot;icon-text-style-1&quot;}\" data-widget_type=\"litho-feature-box.default\">\n\t\t\t\t<div class=\"elementor-widget-container\">\n\t\t\t\t\t\t\t\t\t\t<div class=\"feature-box icon-text-style-1\"><div class=\"elementor-icon\"><img decoding=\"async\" src=\"https:\/\/visitgardaitaly.com\/wp-content\/uploads\/2024\/09\/estate-garda-150x150.png?wsr\" alt=\"estate-garda\"  srcset=\"https:\/\/visitgardaitaly.com\/wp-content\/uploads\/2024\/09\/estate-garda-150x150.png 150w, https:\/\/visitgardaitaly.com\/wp-content\/uploads\/2024\/09\/estate-garda-300x300.png 300w, https:\/\/visitgardaitaly.com\/wp-content\/uploads\/2024\/09\/estate-garda-1024x1024.png 1024w, https:\/\/visitgardaitaly.com\/wp-content\/uploads\/2024\/09\/estate-garda-768x768.png 768w, https:\/\/visitgardaitaly.com\/wp-content\/uploads\/2024\/09\/estate-garda-1536x1536.png 1536w, https:\/\/visitgardaitaly.com\/wp-content\/uploads\/2024\/09\/estate-garda-2048x2048.png 2048w, https:\/\/visitgardaitaly.com\/wp-content\/uploads\/2024\/09\/estate-garda-200x200.png 200w, https:\/\/visitgardaitaly.com\/wp-content\/uploads\/2024\/09\/estate-garda-1568x1567.png 1568w\" sizes=\"(max-width: 150px) 100vw, 150px\" \/><\/div><div class=\"feature-box-content\"><span class=\"title\">Anwesen a Garda<\/span><div class=\"elementor-button-wrapper\">\n\t\t\t\t\t\t\t\t\t\t<a href=\"https:\/\/visitgardaitaly.com\/proposte\/estate\" class=\"elementor-button-link elementor-button \" role=\"button\">\n\t\t\t\t\t\t\t\t\t\t\t<span class=\"elementor-button-content-wrapper\"><span class=\"elementor-button-text\">Weitere Informationen<\/span>\n\t\t\t\t\t\t\t\t\t\t\t<\/span>\n\t\t\t\t\t\t\t\t\t\t<\/a>\n\t\t\t\t\t\t\t\t\t<\/div>\t\t\t\t\t\t\t<\/div>\n\t\t\t\t\t\t\t\t\t\t\t\t<\/div>\n\t\t\t\t\t\t\t\t\t<\/div>\n\t\t\t\t<\/div>\n\t\t\t\t\t<\/div>\n\t\t<\/div>\n\t\t\t\t<div class=\" elementor-column elementor-col-25 elementor-inner-column elementor-element elementor-element-9f40f05 elementor-invisible\" data-fullscreen-column-settings=\"{&quot;fullscreen&quot;:&quot;&quot;}\" data-id=\"9f40f05\" data-element_type=\"column\" data-e-type=\"column\" data-settings=\"{&quot;animation&quot;:&quot;fadeIn&quot;,&quot;animation_delay&quot;:600}\">\n\t\t\t<div class=\"elementor-widget-wrap elementor-element-populated\">\n\t\t\t\t\t\t<div class=\"elementor-element elementor-element-4ccbdc3 text-center elementor-widget elementor-widget-litho-feature-box\" data-id=\"4ccbdc3\" data-element_type=\"widget\" data-e-type=\"widget\" data-settings=\"{&quot;litho_feature_box_styles&quot;:&quot;icon-text-style-1&quot;}\" data-widget_type=\"litho-feature-box.default\">\n\t\t\t\t<div class=\"elementor-widget-container\">\n\t\t\t\t\t\t\t\t\t\t<div class=\"feature-box icon-text-style-1\"><div class=\"elementor-icon\"><img decoding=\"async\" src=\"https:\/\/visitgardaitaly.com\/wp-content\/uploads\/2024\/09\/autunno-garda-150x150.png?wsr\" alt=\"autunno-garda\"  srcset=\"https:\/\/visitgardaitaly.com\/wp-content\/uploads\/2024\/09\/autunno-garda-150x150.png 150w, https:\/\/visitgardaitaly.com\/wp-content\/uploads\/2024\/09\/autunno-garda-300x300.png 300w, https:\/\/visitgardaitaly.com\/wp-content\/uploads\/2024\/09\/autunno-garda-200x200.png 200w, https:\/\/visitgardaitaly.com\/wp-content\/uploads\/2024\/09\/autunno-garda.png 576w\" sizes=\"(max-width: 150px) 100vw, 150px\" \/><\/div><div class=\"feature-box-content\"><span class=\"title\">Herbst am Gardasee<\/span><div class=\"elementor-button-wrapper\">\n\t\t\t\t\t\t\t\t\t\t<a href=\"https:\/\/visitgardaitaly.com\/proposte\/autunno\" class=\"elementor-button-link elementor-button \" role=\"button\">\n\t\t\t\t\t\t\t\t\t\t\t<span class=\"elementor-button-content-wrapper\"><span class=\"elementor-button-text\">Weitere Informationen<\/span>\n\t\t\t\t\t\t\t\t\t\t\t<\/span>\n\t\t\t\t\t\t\t\t\t\t<\/a>\n\t\t\t\t\t\t\t\t\t<\/div>\t\t\t\t\t\t\t<\/div>\n\t\t\t\t\t\t\t\t\t\t\t\t<\/div>\n\t\t\t\t\t\t\t\t\t<\/div>\n\t\t\t\t<\/div>\n\t\t\t\t\t<\/div>\n\t\t<\/div>\n\t\t\t\t<div class=\" elementor-column elementor-col-25 elementor-inner-column elementor-element elementor-element-dde4db2 elementor-invisible\" data-fullscreen-column-settings=\"{&quot;fullscreen&quot;:&quot;&quot;}\" data-id=\"dde4db2\" data-element_type=\"column\" data-e-type=\"column\" data-settings=\"{&quot;animation&quot;:&quot;fadeIn&quot;,&quot;animation_delay&quot;:400}\">\n\t\t\t<div class=\"elementor-widget-wrap elementor-element-populated\">\n\t\t\t\t\t\t<div class=\"elementor-element elementor-element-b3b5a55 text-center elementor-widget elementor-widget-litho-feature-box\" data-id=\"b3b5a55\" data-element_type=\"widget\" data-e-type=\"widget\" data-settings=\"{&quot;litho_feature_box_styles&quot;:&quot;icon-text-style-1&quot;}\" data-widget_type=\"litho-feature-box.default\">\n\t\t\t\t<div class=\"elementor-widget-container\">\n\t\t\t\t\t\t\t\t\t\t<div class=\"feature-box icon-text-style-1\"><div class=\"elementor-icon\"><img decoding=\"async\" src=\"https:\/\/visitgardaitaly.com\/wp-content\/uploads\/2024\/09\/inverno-garda-150x150.png?wsr\" alt=\"inverno-garda\"  srcset=\"https:\/\/visitgardaitaly.com\/wp-content\/uploads\/2024\/09\/inverno-garda-150x150.png 150w, https:\/\/visitgardaitaly.com\/wp-content\/uploads\/2024\/09\/inverno-garda-300x300.png 300w, https:\/\/visitgardaitaly.com\/wp-content\/uploads\/2024\/09\/inverno-garda-1022x1024.png 1022w, https:\/\/visitgardaitaly.com\/wp-content\/uploads\/2024\/09\/inverno-garda-768x770.png 768w, https:\/\/visitgardaitaly.com\/wp-content\/uploads\/2024\/09\/inverno-garda-200x200.png 200w, https:\/\/visitgardaitaly.com\/wp-content\/uploads\/2024\/09\/inverno-garda.png 1528w\" sizes=\"(max-width: 150px) 100vw, 150px\" \/><\/div><div class=\"feature-box-content\"><span class=\"title\">Winter am Gardasee<\/span><div class=\"elementor-button-wrapper\">\n\t\t\t\t\t\t\t\t\t\t<a href=\"https:\/\/visitgardaitaly.com\/proposte\/inverno\" class=\"elementor-button-link elementor-button \" role=\"button\">\n\t\t\t\t\t\t\t\t\t\t\t<span class=\"elementor-button-content-wrapper\"><span class=\"elementor-button-text\">Weitere Informationen<\/span>\n\t\t\t\t\t\t\t\t\t\t\t<\/span>\n\t\t\t\t\t\t\t\t\t\t<\/a>\n\t\t\t\t\t\t\t\t\t<\/div>\t\t\t\t\t\t\t<\/div>\n\t\t\t\t\t\t\t\t\t\t\t\t<\/div>\n\t\t\t\t\t\t\t\t\t<\/div>\n\t\t\t\t<\/div>\n\t\t\t\t\t<\/div>\n\t\t<\/div>\n\t\t\t\t\t<\/div>\n\t\t<\/section>\n\t\t\t\t<\/div>\n\t\t","protected":false},"excerpt":{"rendered":"<p>Sammeln, strecken, kosten, bewundern. Die Luft ist erfrischend und zwischen den Weinbergen duften die Trauben. Die Oliven sind reif, sie werden das unverwechselbare, fruchtige \u00d6l sein, das nach Mittelmeer schmeckt. Ein Genuss, der sich bei Tisch fortsetzt, mit Gerichten der Saison, Kastanien und Tr\u00fcffeln, einem Glas Lugana dazu und einem San Vigilino zum s\u00fc\u00dfen Abschied. [&hellip;]<\/p>\n","protected":false},"author":1,"featured_media":0,"parent":0,"menu_order":9,"comment_status":"closed","ping_status":"closed","template":"","meta":{"footnotes":""},"class_list":["post-81761","page","type-page","status-publish","hentry"],"_links":{"self":[{"href":"https:\/\/visitgardaitaly.com\/de\/wp-json\/wp\/v2\/pages\/81761","targetHints":{"allow":["GET"]}}],"collection":[{"href":"https:\/\/visitgardaitaly.com\/de\/wp-json\/wp\/v2\/pages"}],"about":[{"href":"https:\/\/visitgardaitaly.com\/de\/wp-json\/wp\/v2\/types\/page"}],"author":[{"embeddable":true,"href":"https:\/\/visitgardaitaly.com\/de\/wp-json\/wp\/v2\/users\/1"}],"replies":[{"embeddable":true,"href":"https:\/\/visitgardaitaly.com\/de\/wp-json\/wp\/v2\/comments?post=81761"}],"version-history":[{"count":2,"href":"https:\/\/visitgardaitaly.com\/de\/wp-json\/wp\/v2\/pages\/81761\/revisions"}],"predecessor-version":[{"id":82092,"href":"https:\/\/visitgardaitaly.com\/de\/wp-json\/wp\/v2\/pages\/81761\/revisions\/82092"}],"wp:attachment":[{"href":"https:\/\/visitgardaitaly.com\/de\/wp-json\/wp\/v2\/media?parent=81761"}],"curies":[{"name":"wp","href":"https:\/\/api.w.org\/{rel}","templated":true}]}}