{"id":81753,"date":"2023-06-08T12:58:19","date_gmt":"2023-06-08T12:58:19","guid":{"rendered":"http:\/\/visitgarda.vanzotech.com\/fruehling\/"},"modified":"2025-02-28T18:26:08","modified_gmt":"2025-02-28T18:26:08","slug":"fruehling","status":"publish","type":"page","link":"https:\/\/visitgardaitaly.com\/de\/fruehling\/","title":{"rendered":"Fr\u00fchling"},"content":{"rendered":"\t\t<div data-elementor-type=\"wp-page\" data-elementor-id=\"81753\" class=\"elementor elementor-81753 elementor-76782\">\n\t\t\t\t\t\t<section class=\"elementor-section elementor-top-section elementor-element elementor-element-7843b95 elementor-section-content-middle elementor-section-boxed elementor-section-height-default elementor-section-height-default\" data-id=\"7843b95\" data-element_type=\"section\" data-e-type=\"section\" id=\"about\" data-settings=\"{&quot;background_background&quot;:&quot;classic&quot;}\">\n\t\t\t\t\t\t<div class=\"elementor-container elementor-column-gap-default\">\n\t\t\t\t\t<div class=\" elementor-column elementor-col-50 elementor-top-column elementor-element elementor-element-27a5d72\" data-fullscreen-column-settings=\"{&quot;fullscreen&quot;:&quot;&quot;}\" data-id=\"27a5d72\" data-element_type=\"column\" data-e-type=\"column\">\n\t\t\t<div class=\"elementor-widget-wrap elementor-element-populated\">\n\t\t\t\t\t\t<div class=\"elementor-element elementor-element-a967162 elementor-widget__width-initial elementor-widget-tablet__width-inherit elementor-widget elementor-widget-text-editor\" data-id=\"a967162\" data-element_type=\"widget\" data-e-type=\"widget\" data-widget_type=\"text-editor.default\">\n\t\t\t\t<div class=\"elementor-widget-container\">\n\t\t\t\t\t\t\t\t\t<p>Aufwachen, durchatmen, sich in der bl\u00fchenden Natur bewegen. Die Nachmittage werden l\u00e4nger, Garda ist der ideale Ort, um seine Leidenschaften zu erleben und ihnen zu fr\u00f6nen.<br>Golf ist in Garda zu Hause, mit zwei Golfclubs inmitten der gr\u00fcnen H\u00fcgel und des blauen Sees. Ein herrlicher 18 + 9-Loch-Panoramaplatz beherrscht den Golf von Garda von oben, und ein zweiter, brandneuer Zwei-Loch-Platz ist perfekt f\u00fcr Swing-Neulinge mit einem gut ausgestatteten Trainingsbereich.  <\/p>\t\t\t\t\t\t\t\t<\/div>\n\t\t\t\t<\/div>\n\t\t\t\t\t<\/div>\n\t\t<\/div>\n\t\t\t\t<div class=\" elementor-column elementor-col-50 elementor-top-column elementor-element elementor-element-6ba72e0 elementor-invisible\" data-fullscreen-column-settings=\"{&quot;fullscreen&quot;:&quot;&quot;}\" data-id=\"6ba72e0\" data-element_type=\"column\" data-e-type=\"column\" data-settings=\"{&quot;animation&quot;:&quot;fadeIn&quot;,&quot;animation_delay&quot;:200}\">\n\t\t\t<div class=\"elementor-widget-wrap elementor-element-populated\">\n\t\t\t\t\t\t<div class=\"elementor-element elementor-element-2c53427 elementor-widget elementor-widget-image\" data-id=\"2c53427\" data-element_type=\"widget\" data-e-type=\"widget\" data-widget_type=\"image.default\">\n\t\t\t\t<div class=\"elementor-widget-container\">\n\t\t\t\t\t\t\t\t\t\t\t\t\t\t\t<img fetchpriority=\"high\" decoding=\"async\" width=\"1810\" height=\"1207\" src=\"https:\/\/visitgardaitaly.com\/wp-content\/uploads\/2024\/10\/1\u00b0_golf_garda.jpg\" class=\"attachment-full size-full wp-image-81649\" alt=\"\" srcset=\"https:\/\/visitgardaitaly.com\/wp-content\/uploads\/2024\/10\/1\u00b0_golf_garda.jpg 1810w, https:\/\/visitgardaitaly.com\/wp-content\/uploads\/2024\/10\/1\u00b0_golf_garda-300x200.jpg 300w, https:\/\/visitgardaitaly.com\/wp-content\/uploads\/2024\/10\/1\u00b0_golf_garda-1024x683.jpg 1024w, https:\/\/visitgardaitaly.com\/wp-content\/uploads\/2024\/10\/1\u00b0_golf_garda-768x512.jpg 768w, https:\/\/visitgardaitaly.com\/wp-content\/uploads\/2024\/10\/1\u00b0_golf_garda-1536x1024.jpg 1536w, https:\/\/visitgardaitaly.com\/wp-content\/uploads\/2024\/10\/1\u00b0_golf_garda-200x133.jpg 200w, https:\/\/visitgardaitaly.com\/wp-content\/uploads\/2024\/10\/1\u00b0_golf_garda-1568x1046.jpg 1568w\" sizes=\"(max-width: 1810px) 100vw, 1810px\" \/>\t\t\t\t\t\t\t\t\t\t\t\t\t\t\t<\/div>\n\t\t\t\t<\/div>\n\t\t\t\t\t<\/div>\n\t\t<\/div>\n\t\t\t\t\t<\/div>\n\t\t<\/section>\n\t\t\t\t<section class=\"elementor-section elementor-top-section elementor-element elementor-element-f85226b elementor-section-content-middle elementor-reverse-tablet elementor-reverse-mobile elementor-section-boxed elementor-section-height-default elementor-section-height-default\" data-id=\"f85226b\" data-element_type=\"section\" data-e-type=\"section\" data-settings=\"{&quot;background_background&quot;:&quot;classic&quot;}\">\n\t\t\t\t\t\t<div class=\"elementor-container elementor-column-gap-default\">\n\t\t\t\t\t<div class=\" elementor-column elementor-col-50 elementor-top-column elementor-element elementor-element-a5788ec elementor-invisible\" data-fullscreen-column-settings=\"{&quot;fullscreen&quot;:&quot;&quot;}\" data-id=\"a5788ec\" data-element_type=\"column\" data-e-type=\"column\" data-settings=\"{&quot;animation&quot;:&quot;fadeIn&quot;,&quot;animation_delay&quot;:200}\">\n\t\t\t<div class=\"elementor-widget-wrap elementor-element-populated\">\n\t\t\t\t\t\t<div class=\"elementor-element elementor-element-e5c165d elementor-widget elementor-widget-image\" data-id=\"e5c165d\" data-element_type=\"widget\" data-e-type=\"widget\" data-widget_type=\"image.default\">\n\t\t\t\t<div class=\"elementor-widget-container\">\n\t\t\t\t\t\t\t\t\t\t\t\t\t\t\t<img decoding=\"async\" width=\"2048\" height=\"1365\" src=\"https:\/\/visitgardaitaly.com\/wp-content\/uploads\/2024\/07\/FOTO-2-BICI.jpg\" class=\"attachment-full size-full wp-image-81369\" alt=\"\" srcset=\"https:\/\/visitgardaitaly.com\/wp-content\/uploads\/2024\/07\/FOTO-2-BICI.jpg 2048w, https:\/\/visitgardaitaly.com\/wp-content\/uploads\/2024\/07\/FOTO-2-BICI-300x200.jpg 300w, https:\/\/visitgardaitaly.com\/wp-content\/uploads\/2024\/07\/FOTO-2-BICI-1024x683.jpg 1024w, https:\/\/visitgardaitaly.com\/wp-content\/uploads\/2024\/07\/FOTO-2-BICI-768x512.jpg 768w, https:\/\/visitgardaitaly.com\/wp-content\/uploads\/2024\/07\/FOTO-2-BICI-1536x1024.jpg 1536w, https:\/\/visitgardaitaly.com\/wp-content\/uploads\/2024\/07\/FOTO-2-BICI-200x133.jpg 200w, https:\/\/visitgardaitaly.com\/wp-content\/uploads\/2024\/07\/FOTO-2-BICI-1568x1045.jpg 1568w\" sizes=\"(max-width: 2048px) 100vw, 2048px\" \/>\t\t\t\t\t\t\t\t\t\t\t\t\t\t\t<\/div>\n\t\t\t\t<\/div>\n\t\t\t\t\t<\/div>\n\t\t<\/div>\n\t\t\t\t<div class=\" elementor-column elementor-col-50 elementor-top-column elementor-element elementor-element-fb13fa5\" data-fullscreen-column-settings=\"{&quot;fullscreen&quot;:&quot;&quot;}\" data-id=\"fb13fa5\" data-element_type=\"column\" data-e-type=\"column\">\n\t\t\t<div class=\"elementor-widget-wrap elementor-element-populated\">\n\t\t\t\t\t\t<div class=\"elementor-element elementor-element-6f2d12d elementor-widget__width-initial elementor-widget-tablet__width-inherit elementor-widget elementor-widget-text-editor\" data-id=\"6f2d12d\" data-element_type=\"widget\" data-e-type=\"widget\" data-widget_type=\"text-editor.default\">\n\t\t\t\t<div class=\"elementor-widget-container\">\n\t\t\t\t\t\t\t\t\t<p>Das Fahrrad ist das beliebteste Fortbewegungsmittel der mitteleurop\u00e4ischen Touristen und der Garda-Docs, um den See und seine Umgebung zu entdecken. Schotterwege f\u00fchren entlang des Golfs, der H\u00fcgel in Richtung Rocca und Monte Luppia&#8230; und man braucht nur ein Handtuch f\u00fcr ein F\u00fcnf-Sterne-Picknick mit lokalen Produkten.  <br>F\u00fcr alle, auch f\u00fcr die Kleinsten, gibt es den Radweg, der Garda mit Bardolino und Lazise verbindet und auch am Seeufer entlang nach San Vigilio f\u00fchrt. <br>Um die Urelemente Wasser und Wind zu genie\u00dfen, bietet der Golf von Garda mit seinen sanften Brisen die perfekte Kulisse, um sich dem Segeln zu n\u00e4hern oder seine Technik unter der Anleitung erfahrener FIN-Segler zu perfektionieren. Wenn Sie hingegen das Tempo entschleunigen m\u00f6chten, ist ein Mittagessen oder ein Aperitif am See eine perfekte Kombination aus Geschmack und Aussicht. <\/p>\t\t\t\t\t\t\t\t<\/div>\n\t\t\t\t<\/div>\n\t\t\t\t\t<\/div>\n\t\t<\/div>\n\t\t\t\t\t<\/div>\n\t\t<\/section>\n\t\t\t\t<section class=\"elementor-section elementor-top-section elementor-element elementor-element-7062880 elementor-section-content-middle elementor-section-boxed elementor-section-height-default elementor-section-height-default\" data-id=\"7062880\" data-element_type=\"section\" data-e-type=\"section\" data-settings=\"{&quot;background_background&quot;:&quot;classic&quot;}\">\n\t\t\t\t\t\t<div class=\"elementor-container elementor-column-gap-default\">\n\t\t\t\t\t<div class=\" elementor-column elementor-col-50 elementor-top-column elementor-element elementor-element-c5f6ec9\" data-fullscreen-column-settings=\"{&quot;fullscreen&quot;:&quot;&quot;}\" data-id=\"c5f6ec9\" data-element_type=\"column\" data-e-type=\"column\">\n\t\t\t<div class=\"elementor-widget-wrap elementor-element-populated\">\n\t\t\t\t\t\t<div class=\"elementor-element elementor-element-7a19899 elementor-widget__width-initial elementor-widget-tablet__width-inherit elementor-widget elementor-widget-text-editor\" data-id=\"7a19899\" data-element_type=\"widget\" data-e-type=\"widget\" data-widget_type=\"text-editor.default\">\n\t\t\t\t<div class=\"elementor-widget-container\">\n\t\t\t\t\t\t\t\t\t<p>Die Natur erwacht In und um Garda gibt es unz\u00e4hlige Gelegenheiten, saisonale Spitzenleistungen und Rohstoffe ohne Kilometer zu entdecken und zu genie\u00dfen. Qualit\u00e4t und Nachhaltigkeit sind die S\u00e4ulen der gesamten Versorgungskette, deren wichtigste Rohstoffe das DOP-\u00d6l, der DOC-Wein, der S\u00fc\u00dfwasserfisch, das Fleisch und die handwerklich hergestellten K\u00e4sesorten aus Lessinia und Baldo sind.<br>Wenn es keine Zeiten oder Jahreszeiten gibt, in denen man sich (nicht) eine s\u00fc\u00dfe Fogassa oder einen San Vigilino g\u00f6nnen sollte, dann sollte man in dieser Saison die handgemachten Bigoli mit Sardinen in den kleinen Restaurants des Dorfes nicht verpassen, die perfekt zu einem Lugana oder einem Chiaretto passen. <\/p><p>Der Fr\u00fchlingswind beginnt zu wehen, und f\u00fcr Garda ist es der Wind von hinten.<\/p>\t\t\t\t\t\t\t\t<\/div>\n\t\t\t\t<\/div>\n\t\t\t\t\t<\/div>\n\t\t<\/div>\n\t\t\t\t<div class=\" elementor-column elementor-col-50 elementor-top-column elementor-element elementor-element-02907b4 elementor-invisible\" data-fullscreen-column-settings=\"{&quot;fullscreen&quot;:&quot;&quot;}\" data-id=\"02907b4\" data-element_type=\"column\" data-e-type=\"column\" data-settings=\"{&quot;animation&quot;:&quot;fadeIn&quot;,&quot;animation_delay&quot;:200}\">\n\t\t\t<div class=\"elementor-widget-wrap elementor-element-populated\">\n\t\t\t\t\t\t<div class=\"elementor-element elementor-element-8dd66ca elementor-widget elementor-widget-image\" data-id=\"8dd66ca\" data-element_type=\"widget\" data-e-type=\"widget\" data-widget_type=\"image.default\">\n\t\t\t\t<div class=\"elementor-widget-container\">\n\t\t\t\t\t\t\t\t\t\t\t\t\t\t\t<img decoding=\"async\" width=\"1200\" height=\"800\" src=\"https:\/\/visitgardaitaly.com\/wp-content\/uploads\/2024\/10\/3\u00b0_cucina_tipica_garda.jpg\" class=\"attachment-full size-full wp-image-81651\" alt=\"\" srcset=\"https:\/\/visitgardaitaly.com\/wp-content\/uploads\/2024\/10\/3\u00b0_cucina_tipica_garda.jpg 1200w, https:\/\/visitgardaitaly.com\/wp-content\/uploads\/2024\/10\/3\u00b0_cucina_tipica_garda-300x200.jpg 300w, https:\/\/visitgardaitaly.com\/wp-content\/uploads\/2024\/10\/3\u00b0_cucina_tipica_garda-1024x683.jpg 1024w, https:\/\/visitgardaitaly.com\/wp-content\/uploads\/2024\/10\/3\u00b0_cucina_tipica_garda-768x512.jpg 768w, https:\/\/visitgardaitaly.com\/wp-content\/uploads\/2024\/10\/3\u00b0_cucina_tipica_garda-200x133.jpg 200w\" sizes=\"(max-width: 1200px) 100vw, 1200px\" \/>\t\t\t\t\t\t\t\t\t\t\t\t\t\t\t<\/div>\n\t\t\t\t<\/div>\n\t\t\t\t\t<\/div>\n\t\t<\/div>\n\t\t\t\t\t<\/div>\n\t\t<\/section>\n\t\t\t\t<section class=\"elementor-section elementor-inner-section elementor-element elementor-element-273c1cc elementor-section-boxed elementor-section-height-default elementor-section-height-default\" data-id=\"273c1cc\" data-element_type=\"section\" data-e-type=\"section\">\n\t\t\t\t\t\t<div class=\"elementor-container elementor-column-gap-default\">\n\t\t\t\t\t<div class=\" elementor-column elementor-col-100 elementor-inner-column elementor-element elementor-element-88da586 elementor-invisible\" data-fullscreen-column-settings=\"{&quot;fullscreen&quot;:&quot;&quot;}\" data-id=\"88da586\" data-element_type=\"column\" data-e-type=\"column\" data-settings=\"{&quot;animation&quot;:&quot;fadeIn&quot;,&quot;animation_delay&quot;:200}\">\n\t\t\t<div class=\"elementor-widget-wrap elementor-element-populated\">\n\t\t\t\t\t\t<div class=\"elementor-element elementor-element-596469e elementor-widget elementor-widget-litho-heading\" data-id=\"596469e\" data-element_type=\"widget\" data-e-type=\"widget\" data-widget_type=\"litho-heading.default\">\n\t\t\t\t<div class=\"elementor-widget-container\">\n\t\t\t\t\t<h5 class=\"litho-heading elementor-size-default\"><span class=\"litho-primary-title\">Garda das ganze Jahr \u00fcber entdecken<\/span><\/h5>\t\t\t\t<\/div>\n\t\t\t\t<\/div>\n\t\t\t\t\t<\/div>\n\t\t<\/div>\n\t\t\t\t\t<\/div>\n\t\t<\/section>\n\t\t\t\t<section class=\"elementor-section elementor-top-section elementor-element elementor-element-918b499 elementor-section-boxed elementor-section-height-default elementor-section-height-default\" data-id=\"918b499\" data-element_type=\"section\" data-e-type=\"section\">\n\t\t\t\t\t\t<div class=\"elementor-container elementor-column-gap-default\">\n\t\t\t\t\t<div class=\" elementor-column elementor-col-100 elementor-top-column elementor-element elementor-element-a240771\" data-fullscreen-column-settings=\"{&quot;fullscreen&quot;:&quot;&quot;}\" data-id=\"a240771\" data-element_type=\"column\" data-e-type=\"column\">\n\t\t\t<div class=\"elementor-widget-wrap elementor-element-populated\">\n\t\t\t\t\t\t<section class=\"elementor-section elementor-inner-section elementor-element elementor-element-53f2231 elementor-section-boxed elementor-section-height-default elementor-section-height-default\" data-id=\"53f2231\" data-element_type=\"section\" data-e-type=\"section\" data-settings=\"{&quot;animation&quot;:&quot;none&quot;}\">\n\t\t\t\t\t\t<div class=\"elementor-container elementor-column-gap-default\">\n\t\t\t\t\t<div class=\" elementor-column elementor-col-25 elementor-inner-column elementor-element elementor-element-1d42978 elementor-invisible\" data-fullscreen-column-settings=\"{&quot;fullscreen&quot;:&quot;&quot;}\" data-id=\"1d42978\" data-element_type=\"column\" data-e-type=\"column\" data-settings=\"{&quot;animation&quot;:&quot;fadeIn&quot;,&quot;animation_delay&quot;:200}\">\n\t\t\t<div class=\"elementor-widget-wrap elementor-element-populated\">\n\t\t\t\t\t\t<div class=\"elementor-element elementor-element-4ddec38 text-center elementor-widget elementor-widget-litho-feature-box\" data-id=\"4ddec38\" data-element_type=\"widget\" data-e-type=\"widget\" data-settings=\"{&quot;litho_feature_box_styles&quot;:&quot;icon-text-style-1&quot;}\" data-widget_type=\"litho-feature-box.default\">\n\t\t\t\t<div class=\"elementor-widget-container\">\n\t\t\t\t\t\t\t\t\t\t<div class=\"feature-box icon-text-style-1\"><div class=\"elementor-icon\"><img decoding=\"async\" src=\"https:\/\/visitgardaitaly.com\/wp-content\/uploads\/2024\/05\/primavera-150x150.png?wsr\" alt=\"primavera\"  srcset=\"https:\/\/visitgardaitaly.com\/wp-content\/uploads\/2024\/05\/primavera-150x150.png 150w, https:\/\/visitgardaitaly.com\/wp-content\/uploads\/2024\/05\/primavera-300x300.png 300w, https:\/\/visitgardaitaly.com\/wp-content\/uploads\/2024\/05\/primavera-1024x1024.png 1024w, https:\/\/visitgardaitaly.com\/wp-content\/uploads\/2024\/05\/primavera-768x768.png 768w, https:\/\/visitgardaitaly.com\/wp-content\/uploads\/2024\/05\/primavera-1536x1536.png 1536w, https:\/\/visitgardaitaly.com\/wp-content\/uploads\/2024\/05\/primavera-200x200.png 200w, https:\/\/visitgardaitaly.com\/wp-content\/uploads\/2024\/05\/primavera-1568x1568.png 1568w, https:\/\/visitgardaitaly.com\/wp-content\/uploads\/2024\/05\/primavera.png 2000w\" sizes=\"(max-width: 150px) 100vw, 150px\" \/><\/div><div class=\"feature-box-content\"><span class=\"title\">Fr\u00fchling am Gardasee<\/span><div class=\"elementor-button-wrapper\">\n\t\t\t\t\t\t\t\t\t\t<a href=\"https:\/\/visitgardaitaly.com\/proposte\/primavera\" class=\"elementor-button-link elementor-button \" role=\"button\">\n\t\t\t\t\t\t\t\t\t\t\t<span class=\"elementor-button-content-wrapper\"><span class=\"elementor-button-text\">Weitere Informationen<\/span>\n\t\t\t\t\t\t\t\t\t\t\t<\/span>\n\t\t\t\t\t\t\t\t\t\t<\/a>\n\t\t\t\t\t\t\t\t\t<\/div>\t\t\t\t\t\t\t<\/div>\n\t\t\t\t\t\t\t\t\t\t\t\t<\/div>\n\t\t\t\t\t\t\t\t\t<\/div>\n\t\t\t\t<\/div>\n\t\t\t\t\t<\/div>\n\t\t<\/div>\n\t\t\t\t<div class=\" elementor-column elementor-col-25 elementor-inner-column elementor-element elementor-element-77506c6 elementor-invisible\" data-fullscreen-column-settings=\"{&quot;fullscreen&quot;:&quot;&quot;}\" data-id=\"77506c6\" data-element_type=\"column\" data-e-type=\"column\" data-settings=\"{&quot;animation&quot;:&quot;fadeIn&quot;,&quot;animation_delay&quot;:200}\">\n\t\t\t<div class=\"elementor-widget-wrap elementor-element-populated\">\n\t\t\t\t\t\t<div class=\"elementor-element elementor-element-3bb899f text-center elementor-widget elementor-widget-litho-feature-box\" data-id=\"3bb899f\" data-element_type=\"widget\" data-e-type=\"widget\" data-settings=\"{&quot;litho_feature_box_styles&quot;:&quot;icon-text-style-1&quot;}\" data-widget_type=\"litho-feature-box.default\">\n\t\t\t\t<div class=\"elementor-widget-container\">\n\t\t\t\t\t\t\t\t\t\t<div class=\"feature-box icon-text-style-1\"><div class=\"elementor-icon\"><img decoding=\"async\" src=\"https:\/\/visitgardaitaly.com\/wp-content\/uploads\/2024\/09\/estate-garda-150x150.png?wsr\" alt=\"estate-garda\"  srcset=\"https:\/\/visitgardaitaly.com\/wp-content\/uploads\/2024\/09\/estate-garda-150x150.png 150w, https:\/\/visitgardaitaly.com\/wp-content\/uploads\/2024\/09\/estate-garda-300x300.png 300w, https:\/\/visitgardaitaly.com\/wp-content\/uploads\/2024\/09\/estate-garda-1024x1024.png 1024w, https:\/\/visitgardaitaly.com\/wp-content\/uploads\/2024\/09\/estate-garda-768x768.png 768w, https:\/\/visitgardaitaly.com\/wp-content\/uploads\/2024\/09\/estate-garda-1536x1536.png 1536w, https:\/\/visitgardaitaly.com\/wp-content\/uploads\/2024\/09\/estate-garda-2048x2048.png 2048w, https:\/\/visitgardaitaly.com\/wp-content\/uploads\/2024\/09\/estate-garda-200x200.png 200w, https:\/\/visitgardaitaly.com\/wp-content\/uploads\/2024\/09\/estate-garda-1568x1567.png 1568w\" sizes=\"(max-width: 150px) 100vw, 150px\" \/><\/div><div class=\"feature-box-content\"><span class=\"title\">Anwesen a Garda<\/span><div class=\"elementor-button-wrapper\">\n\t\t\t\t\t\t\t\t\t\t<a href=\"https:\/\/visitgardaitaly.com\/proposte\/estate\" class=\"elementor-button-link elementor-button \" role=\"button\">\n\t\t\t\t\t\t\t\t\t\t\t<span class=\"elementor-button-content-wrapper\"><span class=\"elementor-button-text\">Weitere Informationen<\/span>\n\t\t\t\t\t\t\t\t\t\t\t<\/span>\n\t\t\t\t\t\t\t\t\t\t<\/a>\n\t\t\t\t\t\t\t\t\t<\/div>\t\t\t\t\t\t\t<\/div>\n\t\t\t\t\t\t\t\t\t\t\t\t<\/div>\n\t\t\t\t\t\t\t\t\t<\/div>\n\t\t\t\t<\/div>\n\t\t\t\t\t<\/div>\n\t\t<\/div>\n\t\t\t\t<div class=\" elementor-column elementor-col-25 elementor-inner-column elementor-element elementor-element-6559a86 elementor-invisible\" data-fullscreen-column-settings=\"{&quot;fullscreen&quot;:&quot;&quot;}\" data-id=\"6559a86\" data-element_type=\"column\" data-e-type=\"column\" data-settings=\"{&quot;animation&quot;:&quot;fadeIn&quot;,&quot;animation_delay&quot;:600}\">\n\t\t\t<div class=\"elementor-widget-wrap elementor-element-populated\">\n\t\t\t\t\t\t<div class=\"elementor-element elementor-element-2cea1a9 text-center elementor-widget elementor-widget-litho-feature-box\" data-id=\"2cea1a9\" data-element_type=\"widget\" data-e-type=\"widget\" data-settings=\"{&quot;litho_feature_box_styles&quot;:&quot;icon-text-style-1&quot;}\" data-widget_type=\"litho-feature-box.default\">\n\t\t\t\t<div class=\"elementor-widget-container\">\n\t\t\t\t\t\t\t\t\t\t<div class=\"feature-box icon-text-style-1\"><div class=\"elementor-icon\"><img decoding=\"async\" src=\"https:\/\/visitgardaitaly.com\/wp-content\/uploads\/2024\/09\/autunno-garda-150x150.png?wsr\" alt=\"autunno-garda\"  srcset=\"https:\/\/visitgardaitaly.com\/wp-content\/uploads\/2024\/09\/autunno-garda-150x150.png 150w, https:\/\/visitgardaitaly.com\/wp-content\/uploads\/2024\/09\/autunno-garda-300x300.png 300w, https:\/\/visitgardaitaly.com\/wp-content\/uploads\/2024\/09\/autunno-garda-200x200.png 200w, https:\/\/visitgardaitaly.com\/wp-content\/uploads\/2024\/09\/autunno-garda.png 576w\" sizes=\"(max-width: 150px) 100vw, 150px\" \/><\/div><div class=\"feature-box-content\"><span class=\"title\">Herbst am Gardasee<\/span><div class=\"elementor-button-wrapper\">\n\t\t\t\t\t\t\t\t\t\t<a href=\"https:\/\/visitgardaitaly.com\/proposte\/autunno\" class=\"elementor-button-link elementor-button \" role=\"button\">\n\t\t\t\t\t\t\t\t\t\t\t<span class=\"elementor-button-content-wrapper\"><span class=\"elementor-button-text\">Weitere Informationen<\/span>\n\t\t\t\t\t\t\t\t\t\t\t<\/span>\n\t\t\t\t\t\t\t\t\t\t<\/a>\n\t\t\t\t\t\t\t\t\t<\/div>\t\t\t\t\t\t\t<\/div>\n\t\t\t\t\t\t\t\t\t\t\t\t<\/div>\n\t\t\t\t\t\t\t\t\t<\/div>\n\t\t\t\t<\/div>\n\t\t\t\t\t<\/div>\n\t\t<\/div>\n\t\t\t\t<div class=\" elementor-column elementor-col-25 elementor-inner-column elementor-element elementor-element-168c824 elementor-invisible\" data-fullscreen-column-settings=\"{&quot;fullscreen&quot;:&quot;&quot;}\" data-id=\"168c824\" data-element_type=\"column\" data-e-type=\"column\" data-settings=\"{&quot;animation&quot;:&quot;fadeIn&quot;,&quot;animation_delay&quot;:400}\">\n\t\t\t<div class=\"elementor-widget-wrap elementor-element-populated\">\n\t\t\t\t\t\t<div class=\"elementor-element elementor-element-5e1951b text-center elementor-widget elementor-widget-litho-feature-box\" data-id=\"5e1951b\" data-element_type=\"widget\" data-e-type=\"widget\" data-settings=\"{&quot;litho_feature_box_styles&quot;:&quot;icon-text-style-1&quot;}\" data-widget_type=\"litho-feature-box.default\">\n\t\t\t\t<div class=\"elementor-widget-container\">\n\t\t\t\t\t\t\t\t\t\t<div class=\"feature-box icon-text-style-1\"><div class=\"elementor-icon\"><img decoding=\"async\" src=\"https:\/\/visitgardaitaly.com\/wp-content\/uploads\/2024\/09\/inverno-garda-150x150.png?wsr\" alt=\"inverno-garda\"  srcset=\"https:\/\/visitgardaitaly.com\/wp-content\/uploads\/2024\/09\/inverno-garda-150x150.png 150w, https:\/\/visitgardaitaly.com\/wp-content\/uploads\/2024\/09\/inverno-garda-300x300.png 300w, https:\/\/visitgardaitaly.com\/wp-content\/uploads\/2024\/09\/inverno-garda-1022x1024.png 1022w, https:\/\/visitgardaitaly.com\/wp-content\/uploads\/2024\/09\/inverno-garda-768x770.png 768w, https:\/\/visitgardaitaly.com\/wp-content\/uploads\/2024\/09\/inverno-garda-200x200.png 200w, https:\/\/visitgardaitaly.com\/wp-content\/uploads\/2024\/09\/inverno-garda.png 1528w\" sizes=\"(max-width: 150px) 100vw, 150px\" \/><\/div><div class=\"feature-box-content\"><span class=\"title\">Winter am Gardasee<\/span><div class=\"elementor-button-wrapper\">\n\t\t\t\t\t\t\t\t\t\t<a href=\"https:\/\/visitgardaitaly.com\/proposte\/inverno\" class=\"elementor-button-link elementor-button \" role=\"button\">\n\t\t\t\t\t\t\t\t\t\t\t<span class=\"elementor-button-content-wrapper\"><span class=\"elementor-button-text\">Weitere Informationen<\/span>\n\t\t\t\t\t\t\t\t\t\t\t<\/span>\n\t\t\t\t\t\t\t\t\t\t<\/a>\n\t\t\t\t\t\t\t\t\t<\/div>\t\t\t\t\t\t\t<\/div>\n\t\t\t\t\t\t\t\t\t\t\t\t<\/div>\n\t\t\t\t\t\t\t\t\t<\/div>\n\t\t\t\t<\/div>\n\t\t\t\t\t<\/div>\n\t\t<\/div>\n\t\t\t\t\t<\/div>\n\t\t<\/section>\n\t\t\t\t\t<\/div>\n\t\t<\/div>\n\t\t\t\t\t<\/div>\n\t\t<\/section>\n\t\t\t\t<\/div>\n\t\t","protected":false},"excerpt":{"rendered":"<p>Aufwachen, durchatmen, sich in der bl\u00fchenden Natur bewegen. Die Nachmittage werden l\u00e4nger, Garda ist der ideale Ort, um seine Leidenschaften zu erleben und ihnen zu fr\u00f6nen. Golf ist in Garda zu Hause, mit zwei Golfclubs inmitten der gr\u00fcnen H\u00fcgel und des blauen Sees. Ein herrlicher 18 + 9-Loch-Panoramaplatz beherrscht den Golf von Garda von oben, [&hellip;]<\/p>\n","protected":false},"author":1,"featured_media":0,"parent":0,"menu_order":9,"comment_status":"closed","ping_status":"closed","template":"","meta":{"footnotes":""},"class_list":["post-81753","page","type-page","status-publish","hentry"],"_links":{"self":[{"href":"https:\/\/visitgardaitaly.com\/de\/wp-json\/wp\/v2\/pages\/81753","targetHints":{"allow":["GET"]}}],"collection":[{"href":"https:\/\/visitgardaitaly.com\/de\/wp-json\/wp\/v2\/pages"}],"about":[{"href":"https:\/\/visitgardaitaly.com\/de\/wp-json\/wp\/v2\/types\/page"}],"author":[{"embeddable":true,"href":"https:\/\/visitgardaitaly.com\/de\/wp-json\/wp\/v2\/users\/1"}],"replies":[{"embeddable":true,"href":"https:\/\/visitgardaitaly.com\/de\/wp-json\/wp\/v2\/comments?post=81753"}],"version-history":[{"count":2,"href":"https:\/\/visitgardaitaly.com\/de\/wp-json\/wp\/v2\/pages\/81753\/revisions"}],"predecessor-version":[{"id":82087,"href":"https:\/\/visitgardaitaly.com\/de\/wp-json\/wp\/v2\/pages\/81753\/revisions\/82087"}],"wp:attachment":[{"href":"https:\/\/visitgardaitaly.com\/de\/wp-json\/wp\/v2\/media?parent=81753"}],"curies":[{"name":"wp","href":"https:\/\/api.w.org\/{rel}","templated":true}]}}